{"id":6781,"date":"2021-08-26T08:26:31","date_gmt":"2021-08-26T07:26:31","guid":{"rendered":"https:\/\/www.djurskyddet.se\/sigfrid\/?page_id=6781"},"modified":"2025-05-31T20:01:44","modified_gmt":"2025-05-31T19:01:44","slug":"smadjur","status":"publish","type":"page","link":"https:\/\/www.djurskyddet.se\/sigfrid\/smadjur\/","title":{"rendered":"Sm\u00e5djur"},"content":{"rendered":"\n<p>Tyv\u00e4rr har vi just nu pausat v\u00e5r sm\u00e5djursverksamhet och kan d\u00e4rf\u00f6r inte ta emot n\u00e5gra n\u00f6drop. Ist\u00e4llet h\u00e4nvisar vi till f\u00f6reningen <a href=\"https:\/\/www.smadjurschansen.se\/\" data-type=\"link\" data-id=\"https:\/\/www.smadjurschansen.se\/\">Sm\u00e5djurschansen<\/a>.<br>L\u00e4s g\u00e4rna v\u00e5ra tips och r\u00e5d kring gnagare och kaniner.<\/p>\n\n\n\n<figure class=\"wp-block-image size-full\"><img loading=\"lazy\" decoding=\"async\" width=\"1024\" height=\"1024\" src=\"https:\/\/www.djurskyddet.se\/sigfrid\/wp-content\/uploads\/sites\/18\/2024\/12\/294279383_411951527640224_785595504749707659_n.jpg\" alt=\"\" class=\"wp-image-7919\" srcset=\"https:\/\/www.djurskyddet.se\/sigfrid\/wp-content\/uploads\/sites\/18\/2024\/12\/294279383_411951527640224_785595504749707659_n.jpg 1024w, https:\/\/www.djurskyddet.se\/sigfrid\/wp-content\/uploads\/sites\/18\/2024\/12\/294279383_411951527640224_785595504749707659_n-300x300.jpg 300w, https:\/\/www.djurskyddet.se\/sigfrid\/wp-content\/uploads\/sites\/18\/2024\/12\/294279383_411951527640224_785595504749707659_n-150x150.jpg 150w, https:\/\/www.djurskyddet.se\/sigfrid\/wp-content\/uploads\/sites\/18\/2024\/12\/294279383_411951527640224_785595504749707659_n-768x768.jpg 768w, https:\/\/www.djurskyddet.se\/sigfrid\/wp-content\/uploads\/sites\/18\/2024\/12\/294279383_411951527640224_785595504749707659_n-400x400.jpg 400w\" sizes=\"auto, (max-width: 1024px) 100vw, 1024px\" \/><\/figure>\n\n\n\n<p><\/p>\n","protected":false},"excerpt":{"rendered":"<p>Tyv\u00e4rr har vi just nu pausat v\u00e5r sm\u00e5djursverksamhet och kan d\u00e4rf\u00f6r inte ta emot n\u00e5gra n\u00f6drop. Ist\u00e4llet h\u00e4nvisar vi till f\u00f6reningen Sm\u00e5djurschansen.L\u00e4s g\u00e4rna v\u00e5ra tips och r\u00e5d kring gnagare och kaniner.<\/p>\n","protected":false},"author":3,"featured_media":0,"parent":0,"menu_order":0,"comment_status":"closed","ping_status":"closed","template":"left-sidebar.php","meta":{"_acf_changed":false,"footnotes":""},"class_list":["post-6781","page","type-page","status-publish","hentry"],"acf":[],"_links":{"self":[{"href":"https:\/\/www.djurskyddet.se\/sigfrid\/wp-json\/wp\/v2\/pages\/6781","targetHints":{"allow":["GET"]}}],"collection":[{"href":"https:\/\/www.djurskyddet.se\/sigfrid\/wp-json\/wp\/v2\/pages"}],"about":[{"href":"https:\/\/www.djurskyddet.se\/sigfrid\/wp-json\/wp\/v2\/types\/page"}],"author":[{"embeddable":true,"href":"https:\/\/www.djurskyddet.se\/sigfrid\/wp-json\/wp\/v2\/users\/3"}],"replies":[{"embeddable":true,"href":"https:\/\/www.djurskyddet.se\/sigfrid\/wp-json\/wp\/v2\/comments?post=6781"}],"version-history":[{"count":8,"href":"https:\/\/www.djurskyddet.se\/sigfrid\/wp-json\/wp\/v2\/pages\/6781\/revisions"}],"predecessor-version":[{"id":8423,"href":"https:\/\/www.djurskyddet.se\/sigfrid\/wp-json\/wp\/v2\/pages\/6781\/revisions\/8423"}],"wp:attachment":[{"href":"https:\/\/www.djurskyddet.se\/sigfrid\/wp-json\/wp\/v2\/media?parent=6781"}],"curies":[{"name":"wp","href":"https:\/\/api.w.org\/{rel}","templated":true}]}}