{"id":6788,"date":"2021-08-31T09:40:48","date_gmt":"2021-08-31T08:40:48","guid":{"rendered":"https:\/\/www.djurskyddet.se\/sigfrid\/?page_id=6788"},"modified":"2024-12-07T19:20:38","modified_gmt":"2024-12-07T18:20:38","slug":"tips-om-rad","status":"publish","type":"page","link":"https:\/\/www.djurskyddet.se\/sigfrid\/smadjur\/tips-och-rad-kg\/tips-om-rad\/","title":{"rendered":"Gnagare"},"content":{"rendered":"\n<p>Tyv\u00e4rr har vi pausat v\u00e5r sm\u00e5djursavdelning, men vi \u00e4r fortfarande mycket angel\u00e4gna om att sprida kunskap om sm\u00e5djur. H\u00e4r kan du l\u00e4sa v\u00e5ra tips och r\u00e5d kring gnagare!<\/p>\n\n\n\n<p><strong>Boende<\/strong><\/p>\n\n\n\n<p>Marsvinens r\u00f6relsebehov \u00e4r n\u00e5got mindre \u00e4n kaninens. Men dom kr\u00e4ver berikning &amp; aktivering i deras milj\u00f6. Som att kunna g\u00f6mma sig, springa i tunnlar &amp; gnaga p\u00e5 grenar. Dom ska precis som kaninerna ha tillg\u00e5ng till stort utrymme att r\u00f6ra p\u00e5 sig dagligen.&nbsp;<\/p>\n\n\n\n<p>Mindre djur som r\u00e5ttor, m\u00f6ss &amp; hamstrar ska ha stora burar &amp; utrymmen. Det ska vara en stimulerande milj\u00f6 f\u00f6r den arten.<\/p>\n\n\n\n<p>Utrymmet kan aldrig bli F\u00d6R stort.<\/p>\n\n\n\n<p><strong>S\u00e4llskap<\/strong><\/p>\n\n\n\n<p>Marsvin ska alltid leva i par eller grupp. \u00c4ven andra sm\u00e5djur ska leva tillsammans med en artfr\u00e4nde bortsett fr\u00e5n guldhamster som oftast blir aggressiva mot djur av samma art.<\/p>\n\n\n\n<p><strong>Kost<\/strong><\/p>\n\n\n\n<p>Hamstern ska ha fri tillg\u00e5ng till mat, helst pellets. D\u00e5 vet man att det f\u00e5r i sig en fullv\u00e4rdig n\u00e4ring &amp; allt den beh\u00f6ver. Man kan ge hamstern sm\u00e5 m\u00e4ngder, som godis, av gr\u00f6nsaker, frukt, ost &amp; \u00e4gg.<\/p>\n\n\n\n<p>En hamster hamstrar sin mat &amp; g\u00f6r sitt egna matf\u00f6rr\u00e5d, oftast i n\u00e5gon g\u00f6mma. Det \u00e4r viktigt att kolla den maten regelbundet s\u00e5 den inte ruttnar &amp; is\u00e5fall sl\u00e4nga den innan hamstern \u00e4ter av det.&nbsp;<\/p>\n\n\n\n<p>Hamstrar ska INTE \u00e4ta h\u00f6.<\/p>\n\n\n\n<p>Tamr\u00e5ttor &amp; m\u00f6ss ska \u00e4ta pellets avsett f\u00f6r deras art. Ut\u00f6ver det \u00e4ter dom sm\u00e5 m\u00e4ngder av gr\u00f6nsaker, frukt, ost &amp; \u00e4gg precis som hamstern.<\/p>\n\n\n\n<p>Marsvin ska alltid ha tillg\u00e5ng till h\u00f6. Kosten f\u00f6r ett marsvin ska best\u00e5 av minst 80% h\u00f6. Cirka en matsked, fiberrik pellets varje dag samt en n\u00e4ve bladgr\u00f6nt. Dom beh\u00f6ver varierat bladgr\u00f6nt s\u00e5 som blast fr\u00e5n olika rotfrukter, sallad som ruccola &amp; olika \u00f6rter. Undvik att ge frukt &amp; annat som inneh\u00e5llet mycket socker. P\u00e5 sommaren kan man ge gr\u00e4s, l\u00f6v fr\u00e5n frukttr\u00e4d samt maskrosblad.&nbsp;<\/p>\n\n\n\n<p>Viktigt att t\u00e4nka p\u00e5 med marsvin \u00e4r att dom inte kan producera C-vitamin sj\u00e4lva. Endel f\u00e5r dom i sig via gr\u00f6nt. Men det enklaste s\u00e4ttet att veta att dom f\u00e5r i sig tillr\u00e4ckligt med C-vitamin \u00e4r att ge s\u00e5dana droppar direkt i munnen.&nbsp;<\/p>\n\n\n\n<p>Marsvin ska INTE ha salt &amp; mineralsten.<\/p>\n\n\n\n<p><\/p>\n\n\n\n<figure class=\"wp-block-image size-large\"><img loading=\"lazy\" decoding=\"async\" width=\"768\" height=\"1024\" src=\"https:\/\/www.djurskyddet.se\/sigfrid\/wp-content\/uploads\/sites\/18\/2021\/09\/image1.jpeg\" alt=\"\" class=\"wp-image-6855\" srcset=\"https:\/\/www.djurskyddet.se\/sigfrid\/wp-content\/uploads\/sites\/18\/2021\/09\/image1.jpeg 768w, https:\/\/www.djurskyddet.se\/sigfrid\/wp-content\/uploads\/sites\/18\/2021\/09\/image1-225x300.jpeg 225w, https:\/\/www.djurskyddet.se\/sigfrid\/wp-content\/uploads\/sites\/18\/2021\/09\/image1-400x533.jpeg 400w\" sizes=\"auto, (max-width: 768px) 100vw, 768px\" \/><\/figure>\n","protected":false},"excerpt":{"rendered":"<p>Tyv\u00e4rr har vi pausat v\u00e5r sm\u00e5djursavdelning, men vi \u00e4r fortfarande mycket angel\u00e4gna om att sprida kunskap om sm\u00e5djur. H\u00e4r kan du l\u00e4sa v\u00e5ra tips och r\u00e5d kring gnagare! Boende Marsvinens r\u00f6relsebehov \u00e4r n\u00e5got mindre \u00e4n kaninens. Men dom kr\u00e4ver berikning &amp; aktivering i deras milj\u00f6. Som att kunna g\u00f6mma sig, springa i tunnlar &amp; gnaga p\u00e5 grenar. Dom ska precis som kaninerna ha tillg\u00e5ng till stort utrymme att r\u00f6ra p\u00e5&hellip;<\/p>\n<p><a class=\"more-link\" href=\"https:\/\/www.djurskyddet.se\/sigfrid\/smadjur\/tips-och-rad-kg\/tips-om-rad\/\" title=\"Continue reading &lsquo;Gnagare&rsquo;\">L&auml;s mer<span class=\"meta-nav\">&raquo;<\/span><\/a><\/p>\n","protected":false},"author":3,"featured_media":0,"parent":7408,"menu_order":0,"comment_status":"closed","ping_status":"closed","template":"page-templates\/left-sidebar.php","meta":{"_acf_changed":false,"footnotes":""},"class_list":["post-6788","page","type-page","status-publish","hentry"],"acf":[],"_links":{"self":[{"href":"https:\/\/www.djurskyddet.se\/sigfrid\/wp-json\/wp\/v2\/pages\/6788","targetHints":{"allow":["GET"]}}],"collection":[{"href":"https:\/\/www.djurskyddet.se\/sigfrid\/wp-json\/wp\/v2\/pages"}],"about":[{"href":"https:\/\/www.djurskyddet.se\/sigfrid\/wp-json\/wp\/v2\/types\/page"}],"author":[{"embeddable":true,"href":"https:\/\/www.djurskyddet.se\/sigfrid\/wp-json\/wp\/v2\/users\/3"}],"replies":[{"embeddable":true,"href":"https:\/\/www.djurskyddet.se\/sigfrid\/wp-json\/wp\/v2\/comments?post=6788"}],"version-history":[{"count":8,"href":"https:\/\/www.djurskyddet.se\/sigfrid\/wp-json\/wp\/v2\/pages\/6788\/revisions"}],"predecessor-version":[{"id":7967,"href":"https:\/\/www.djurskyddet.se\/sigfrid\/wp-json\/wp\/v2\/pages\/6788\/revisions\/7967"}],"up":[{"embeddable":true,"href":"https:\/\/www.djurskyddet.se\/sigfrid\/wp-json\/wp\/v2\/pages\/7408"}],"wp:attachment":[{"href":"https:\/\/www.djurskyddet.se\/sigfrid\/wp-json\/wp\/v2\/media?parent=6788"}],"curies":[{"name":"wp","href":"https:\/\/api.w.org\/{rel}","templated":true}]}}