{"id":6790,"date":"2021-08-31T09:41:09","date_gmt":"2021-08-31T08:41:09","guid":{"rendered":"https:\/\/www.djurskyddet.se\/sigfrid\/?page_id=6790"},"modified":"2024-12-07T19:17:16","modified_gmt":"2024-12-07T18:17:16","slug":"tips-och-rad","status":"publish","type":"page","link":"https:\/\/www.djurskyddet.se\/sigfrid\/smadjur\/tips-och-rad-kg\/tips-och-rad\/","title":{"rendered":"Kanin"},"content":{"rendered":"\n<p>Tyv\u00e4rr har vi pausat v\u00e5r sm\u00e5djursavdelning, men vi \u00e4r fortfarande mycket angel\u00e4gna om att sprida kunskap om sm\u00e5djur. H\u00e4r kan du l\u00e4sa v\u00e5ra tips och r\u00e5d kring kaniner.<\/p>\n\n\n\n<p><strong>Boende<\/strong><\/p>\n\n\n\n<p>Att s\u00e4tta kaniner i bur ger inte djuret ett bra liv eller f\u00f6ruts\u00e4ttningar att kunna r\u00f6ra sig s\u00e5 som dom beh\u00f6ver. V\u00e5rt standardkrav \u00e4r minst 3kvm. Ut\u00f6ver det \u00e4r det viktigt att kaninen varje dag \u00e4ven f\u00e5 r\u00f6ra sig fritt, frig\u00e5ende i hemmet eller i en st\u00f6rre hage ut\u00f6ver sin eventuella inh\u00e4gnad. De flesta funkar alldeles utm\u00e4rkt att ha helt eller delvis frig\u00e5ende i hemmet.&nbsp;<\/p>\n\n\n\n<p><strong>S\u00e4llskap<\/strong><\/p>\n\n\n\n<p>Kaniner \u00e4r otroligt sociala djur &amp; trivs i allra st\u00f6rsta grad b\u00e4st av att ha en artfr\u00e4nde. D\u00e4rf\u00f6r adopterar vi i st\u00f6rsta m\u00e5n ut kaniner till de som redan har en kanin hemma, tv\u00e5 tillsammans, alternativt om ni t\u00e4nkt skaffa en till inom snar framtid. .<\/p>\n\n\n\n<p><strong>Kost<\/strong><\/p>\n\n\n\n<p>Kaniner \u00e4r k\u00e4nsliga djur, inte minst deras mage &amp; tarmar. R\u00e4tt kost regelbundet \u00e4r otroligt viktigt f\u00f6r att magen ska fungera. Det som kan h\u00e4nda annars \u00e4r magstopp. Det \u00e4r inte helt ovanligt hos kaniner och tillst\u00e5ndet \u00e4r extremt akut.&nbsp;<\/p>\n\n\n\n<p><strong>Vad ska en kanin \u00e4ta?<\/strong><\/p>\n\n\n\n<ul class=\"wp-block-list\">\n<li>Minst 80% h\u00f6 &amp; det ska alltid finnas fri tillg\u00e5ng till bra h\u00f6.<\/li>\n<\/ul>\n\n\n\n<ul class=\"wp-block-list\">\n<li>Bladgr\u00f6nt av olika slag, \u00f6rter, blad fr\u00e5n fruktgrenar, viss ogr\u00e4s samt blad fr\u00e5n vissa obesprutade plantor \u00e4r ett bra komplement till h\u00f6.<\/li>\n<\/ul>\n\n\n\n<ul class=\"wp-block-list\">\n<li>Pellets f\u00f6r kaniner ska ges Max 1-2 msk per dag till en kanin som v\u00e4ger runt 2kg.&nbsp;<\/li>\n<\/ul>\n\n\n\n<p>Ge aldrig en kanin foder som kanin-\/gnagarblandningar av olika slag. Det resulterar i att kaninen oftast v\u00e4ljer ut de godaste i bladningen och g\u00f6r att de f\u00e5r i sig alldeles f\u00f6r mycket fett och ensidig kost.<\/p>\n\n\n\n<p>Frukt, kn\u00e4ckebr\u00f6d, mor\u00f6tter och andra gr\u00f6nsaker \u00e4r godis f\u00f6r kaniner. Oftast \u00e4r det v\u00e4ldigt popul\u00e4rt men ska endast ges i mycket sm\u00e5 m\u00e4ngder som godis n\u00e5gong\u00e5ng i veckan.&nbsp;<\/p>\n\n\n\n<p>Salt och mineralstenar ska INTE ges till kaniner.&nbsp;<\/p>\n\n\n\n<p>Nattavf\u00f6ring \u00e4r en livsviktig del i kosten. Det \u00e4r egenproducerad n\u00e4ring som kaninen \u00e4ter direkt fr\u00e5n anal\u00f6ppning. Det \u00e4r mycket mjukare \u00e4n kaninens vanliga pluttar och ser ut som sm\u00e5 glansiga druvklaseliknande pluttar. Det kan tyckas \u00e4ckligt att kaninen \u00e4ter sin egen avf\u00f6ring. Men den inneh\u00e5ller extremt mycket vitaminer och n\u00e4rings\u00e4mnen. Kaniner l\u00e4mnar dessa mjuka sm\u00e5 \u201dh\u00f6gar\u201d p\u00e5 golvet n\u00e5gon g\u00e5ng ibland men det brukar inte vara n\u00e5gon fara. M\u00e4rker man att den inte \u00e4ter sin nattavf\u00f6ring och bara l\u00e4mnar den, b\u00f6r man kolla upp varf\u00f6r. F\u00e5r kaninen kanske f\u00f6r mycket annat gott s\u00e5 den prioriterar bort sin livsviktiga egenproducerade n\u00e4ring?&nbsp;<\/p>\n\n\n\n<p><strong>Varf\u00f6r ska man kastrera en kanin?&nbsp;<\/strong><\/p>\n\n\n\n<p>Honorna l\u00f6per stor risk att utveckla cancer i livmodern. 60-80% av alla okastrerade honor efter 4 \u00e5rs\u00e5lder drabbas av detta. Dom blir \u00e4ven oftast precis som hanarna lugnare i sitt temperament och har det inte lika jobbigt men skendr\u00e4ktighet osv. Hanarna minskar risken att \u201dskv\u00e4tta\u201d och markera n\u00e5got enormt om man kastrerar dom. Vilket g\u00f6r det betydligt l\u00e4ttare att f\u00e5 dom rumsrena.&nbsp;<\/p>\n\n\n\n<p>Ut\u00f6ver detta v\u00e4ljer vi ocks\u00e5 att kastrera v\u00e5ra djur f\u00f6r att det inte ska f\u00f6r\u00f6ka sig, utan fokuserar p\u00e5 att ta hand om de djur som redan finns och beh\u00f6ver hj\u00e4lp till b\u00e4ttre hem.&nbsp;<\/p>\n\n\n\n<p><strong>Efter kastrering<\/strong><\/p>\n\n\n\n<p>N\u00e4r man kommer hem med sin kanin efter kastrering \u00e4r det extremt viktigt att det f\u00e5r i sig mat ganska direkt. Vissa \u00e4ter som vanligt, andra kan man beh\u00f6va st\u00f6dmata. \u00c4r kaninen inte s\u00e5 sugen p\u00e5 mat kan man prova ge en liten bit banan eller n\u00e5got annat de brukar gilla. D\u00e5 kan aptiten komma i g\u00e5ng och de b\u00f6rjar \u00e4ta h\u00f6 som vanligt igen. M\u00e4rker man att kaninen inte vill \u00e4ta alls, m\u00e5ste man st\u00f6dmata med Critical Care flera g\u00e5nger per dygn tills den f\u00e5r tillbaka aptiten (se nedan).<\/p>\n\n\n\n<p>Ring och r\u00e5dfr\u00e5ga alltid med din veterin\u00e4r efter operation\/kastrering om kaninen inte b\u00f6rjar \u00e4ta direkt. Ha alltid regelbunden uppsikt \u00f6ver kaninen dygnet efter operation. \u00c4ven p\u00e5 natten.<\/p>\n\n\n\n<p><strong>Critical Care (CC):<\/strong><\/p>\n\n\n\n<p>Critical care \u00e4r ett pulver som finns att k\u00f6pa hos veterin\u00e4r eller p\u00e5 n\u00e4tet. Det \u00e4r ett h\u00f6-pulver med extremt mycket n\u00e4ring. Detta pulver blandar man ut med vatten till en v\u00e4lling eller gr\u00f6t. Man kan ge det via spruta i munnen till en kanin som \u00e4r nedsatt, sjuk eller inte vill \u00e4ta som normalt. Det \u00e4r v\u00e4ldigt vanligt att man beh\u00f6ver st\u00f6dmata en kanin n\u00e5gra g\u00e5nger efter kastrering innan magen kommer ig\u00e5ng igen.&nbsp;<\/p>\n\n\n\n<p>En \u00f6ppnad p\u00e5se kan man f\u00f6rvara i frysen hemma s\u00e5 det alltid finns tillg\u00e4nglig<\/p>\n\n\n\n<p><\/p>\n\n\n\n<figure class=\"wp-block-image size-large\"><img loading=\"lazy\" decoding=\"async\" width=\"677\" height=\"1024\" src=\"https:\/\/www.djurskyddet.se\/sigfrid\/wp-content\/uploads\/sites\/18\/2021\/08\/IMG_2925.jpg\" alt=\"\" class=\"wp-image-6779\" srcset=\"https:\/\/www.djurskyddet.se\/sigfrid\/wp-content\/uploads\/sites\/18\/2021\/08\/IMG_2925.jpg 677w, https:\/\/www.djurskyddet.se\/sigfrid\/wp-content\/uploads\/sites\/18\/2021\/08\/IMG_2925-198x300.jpg 198w, https:\/\/www.djurskyddet.se\/sigfrid\/wp-content\/uploads\/sites\/18\/2021\/08\/IMG_2925-400x605.jpg 400w\" sizes=\"auto, (max-width: 677px) 100vw, 677px\" \/><\/figure>\n","protected":false},"excerpt":{"rendered":"<p>Tyv\u00e4rr har vi pausat v\u00e5r sm\u00e5djursavdelning, men vi \u00e4r fortfarande mycket angel\u00e4gna om att sprida kunskap om sm\u00e5djur. H\u00e4r kan du l\u00e4sa v\u00e5ra tips och r\u00e5d kring kaniner. Boende Att s\u00e4tta kaniner i bur ger inte djuret ett bra liv eller f\u00f6ruts\u00e4ttningar att kunna r\u00f6ra sig s\u00e5 som dom beh\u00f6ver. V\u00e5rt standardkrav \u00e4r minst 3kvm. Ut\u00f6ver det \u00e4r det viktigt att kaninen varje dag \u00e4ven f\u00e5 r\u00f6ra sig fritt, frig\u00e5ende&hellip;<\/p>\n<p><a class=\"more-link\" href=\"https:\/\/www.djurskyddet.se\/sigfrid\/smadjur\/tips-och-rad-kg\/tips-och-rad\/\" title=\"Continue reading &lsquo;Kanin&rsquo;\">L&auml;s mer<span class=\"meta-nav\">&raquo;<\/span><\/a><\/p>\n","protected":false},"author":3,"featured_media":0,"parent":7408,"menu_order":0,"comment_status":"closed","ping_status":"closed","template":"left-sidebar.php","meta":{"_acf_changed":false,"footnotes":""},"class_list":["post-6790","page","type-page","status-publish","hentry"],"acf":[],"_links":{"self":[{"href":"https:\/\/www.djurskyddet.se\/sigfrid\/wp-json\/wp\/v2\/pages\/6790","targetHints":{"allow":["GET"]}}],"collection":[{"href":"https:\/\/www.djurskyddet.se\/sigfrid\/wp-json\/wp\/v2\/pages"}],"about":[{"href":"https:\/\/www.djurskyddet.se\/sigfrid\/wp-json\/wp\/v2\/types\/page"}],"author":[{"embeddable":true,"href":"https:\/\/www.djurskyddet.se\/sigfrid\/wp-json\/wp\/v2\/users\/3"}],"replies":[{"embeddable":true,"href":"https:\/\/www.djurskyddet.se\/sigfrid\/wp-json\/wp\/v2\/comments?post=6790"}],"version-history":[{"count":12,"href":"https:\/\/www.djurskyddet.se\/sigfrid\/wp-json\/wp\/v2\/pages\/6790\/revisions"}],"predecessor-version":[{"id":7963,"href":"https:\/\/www.djurskyddet.se\/sigfrid\/wp-json\/wp\/v2\/pages\/6790\/revisions\/7963"}],"up":[{"embeddable":true,"href":"https:\/\/www.djurskyddet.se\/sigfrid\/wp-json\/wp\/v2\/pages\/7408"}],"wp:attachment":[{"href":"https:\/\/www.djurskyddet.se\/sigfrid\/wp-json\/wp\/v2\/media?parent=6790"}],"curies":[{"name":"wp","href":"https:\/\/api.w.org\/{rel}","templated":true}]}}