{"id":6810,"date":"2021-08-31T09:54:01","date_gmt":"2021-08-31T08:54:01","guid":{"rendered":"https:\/\/www.djurskyddet.se\/sigfrid\/?page_id=6810"},"modified":"2021-08-31T19:50:06","modified_gmt":"2021-08-31T18:50:06","slug":"upphittad-smadjur","status":"publish","type":"page","link":"https:\/\/www.djurskyddet.se\/sigfrid\/upphittad-smadjur\/","title":{"rendered":"Upphittad sm\u00e5djur"},"content":{"rendered":"\n<p>Har du hittat ett sm\u00e5djur som inte tycks h\u00f6ra hemma n\u00e5gonstans eller som \u00e4r i behov av hj\u00e4lp? F\u00f6lj v\u00e5ra r\u00e5d nedan innan du kontaktar djurhem.<\/p>\n\n\n\n<p><strong>OBS! \u00c4r djuret i fysiskt d\u00e5ligt skick, dvs skadad, mager, sl\u00f6 eller okontaktbar? Kontakta oss via meddelande p\u00e5 v\u00e5r Facebooksida. Vi svarar s\u00e5 fort vi kan.&nbsp;<\/strong><\/p>\n\n\n\n<p>T\u00e4nk p\u00e5 att inte ta in ett djur eller p\u00e5 annat s\u00e4tt f\u00f6rvara ett djur som ser ut att vara i fint skick om du inte har en plan f\u00f6r vad du ska g\u00f6ra med den h\u00e4r n\u00e4st.<\/p>\n\n\n\n<p><strong>S\u00f6k en \u00e4gare genom att:<\/strong><\/p>\n\n\n\n<ul class=\"wp-block-list\"><li>Anm\u00e4l till polisen att du hittat ett djur som tycks sakna \u00e4gare. Be polisen registrera djuret som upphittad. Ring 114 14.<\/li><li>Efterlys vidare genom att<\/li><li>Knacka p\u00e5 hos grannar, dela ut informationsblad och s\u00e4tt upp dem i n\u00e4romr\u00e5det.<\/li><li>L\u00e4gg ut en annons i din lokala Facebookgrupp. Bra om ovanst\u00e5ende \u00e5tg\u00e4rder \u00e4r utf\u00f6rda innan du g\u00f6r detta. Var noga med att beskriva vilka \u00e5tg\u00e4rder du sj\u00e4lv gjort f\u00f6r djuret och i vilken stad\/omr\u00e5de djuret befinner sig i.<\/li><\/ul>\n\n\n\n<p><strong>Kontakta djurhem eller f\u00f6rening<\/strong><\/p>\n\n\n\n<p>T\u00e4nk p\u00e5 att vi \u00e4r en ideell f\u00f6rening och det \u00e4r d\u00e4rf\u00f6r viktigt att du hj\u00e4lper oss genom att:&nbsp;<\/p>\n\n\n\n<ul class=\"wp-block-list\"><li>Ta eget ansvar och hj\u00e4lp oss med det vi ber dig om.<\/li><li>\u00c5terkoppla till oss om du f\u00e5tt hj\u00e4lp fr\u00e5n ett annat djurhem\/f\u00f6rening.<\/li><li>Ha t\u00e5lamod och beh\u00e5ll lugnet. Hj\u00e4lpen \u00e4r p\u00e5 v\u00e4g!<\/li><\/ul>\n","protected":false},"excerpt":{"rendered":"<p>Har du hittat ett sm\u00e5djur som inte tycks h\u00f6ra hemma n\u00e5gonstans eller som \u00e4r i behov av hj\u00e4lp? F\u00f6lj v\u00e5ra r\u00e5d nedan innan du kontaktar djurhem. OBS! \u00c4r djuret i fysiskt d\u00e5ligt skick, dvs skadad, mager, sl\u00f6 eller okontaktbar? Kontakta oss via meddelande p\u00e5 v\u00e5r Facebooksida. Vi svarar s\u00e5 fort vi kan.&nbsp; T\u00e4nk p\u00e5 att inte ta in ett djur eller p\u00e5 annat s\u00e4tt f\u00f6rvara ett djur som ser ut&hellip;<\/p>\n<p><a class=\"more-link\" href=\"https:\/\/www.djurskyddet.se\/sigfrid\/upphittad-smadjur\/\" title=\"Continue reading &lsquo;Upphittad sm\u00e5djur&rsquo;\">L&auml;s mer<span class=\"meta-nav\">&raquo;<\/span><\/a><\/p>\n","protected":false},"author":3,"featured_media":0,"parent":0,"menu_order":0,"comment_status":"closed","ping_status":"closed","template":"left-sidebar.php","meta":{"_acf_changed":false,"footnotes":""},"class_list":["post-6810","page","type-page","status-publish","hentry"],"acf":[],"_links":{"self":[{"href":"https:\/\/www.djurskyddet.se\/sigfrid\/wp-json\/wp\/v2\/pages\/6810","targetHints":{"allow":["GET"]}}],"collection":[{"href":"https:\/\/www.djurskyddet.se\/sigfrid\/wp-json\/wp\/v2\/pages"}],"about":[{"href":"https:\/\/www.djurskyddet.se\/sigfrid\/wp-json\/wp\/v2\/types\/page"}],"author":[{"embeddable":true,"href":"https:\/\/www.djurskyddet.se\/sigfrid\/wp-json\/wp\/v2\/users\/3"}],"replies":[{"embeddable":true,"href":"https:\/\/www.djurskyddet.se\/sigfrid\/wp-json\/wp\/v2\/comments?post=6810"}],"version-history":[{"count":2,"href":"https:\/\/www.djurskyddet.se\/sigfrid\/wp-json\/wp\/v2\/pages\/6810\/revisions"}],"predecessor-version":[{"id":6826,"href":"https:\/\/www.djurskyddet.se\/sigfrid\/wp-json\/wp\/v2\/pages\/6810\/revisions\/6826"}],"wp:attachment":[{"href":"https:\/\/www.djurskyddet.se\/sigfrid\/wp-json\/wp\/v2\/media?parent=6810"}],"curies":[{"name":"wp","href":"https:\/\/api.w.org\/{rel}","templated":true}]}}