{"id":7400,"date":"2023-03-12T16:45:27","date_gmt":"2023-03-12T15:45:27","guid":{"rendered":"https:\/\/www.djurskyddet.se\/sigfrid\/?page_id=7400"},"modified":"2026-03-29T18:20:11","modified_gmt":"2026-03-29T17:20:11","slug":"styrelsen","status":"publish","type":"page","link":"https:\/\/www.djurskyddet.se\/sigfrid\/styrelsen\/","title":{"rendered":"Styrelsen 2026"},"content":{"rendered":"\n<p><\/p>\n\n\n\n<p style=\"font-size:15px\">Ordf\u00f6rande: Ulf Larsson <br>Vice ordf\u00f6rande\/Sekreterare: Sofia Smedberg<br>Kass\u00f6r: Lina Gardy<br>Ledamot: Elin Blomstrand<br>Suppleant: Romana Dvorak<\/p>\n\n\n\n<p><\/p>\n\n\n\n<p>Vill du komma i kontakt med styrelsen? Maila oss p\u00e5 f\u00f6ljande adress <a href=\"mailto:sigfrid@djurskyddet.se\">sigfrid@djurskyddet.se<\/a> s\u00e5 ser vi till att ditt mail kommer r\u00e4tt.<\/p>\n","protected":false},"excerpt":{"rendered":"<p>Ordf\u00f6rande: Ulf Larsson Vice ordf\u00f6rande\/Sekreterare: Sofia SmedbergKass\u00f6r: Lina GardyLedamot: Elin BlomstrandSuppleant: Romana Dvorak Vill du komma i kontakt med styrelsen? Maila oss p\u00e5 f\u00f6ljande adress sigfrid@djurskyddet.se s\u00e5 ser vi till att ditt mail kommer r\u00e4tt.<\/p>\n","protected":false},"author":11,"featured_media":0,"parent":0,"menu_order":0,"comment_status":"closed","ping_status":"closed","template":"","meta":{"_acf_changed":false,"footnotes":""},"class_list":["post-7400","page","type-page","status-publish","hentry"],"acf":[],"_links":{"self":[{"href":"https:\/\/www.djurskyddet.se\/sigfrid\/wp-json\/wp\/v2\/pages\/7400","targetHints":{"allow":["GET"]}}],"collection":[{"href":"https:\/\/www.djurskyddet.se\/sigfrid\/wp-json\/wp\/v2\/pages"}],"about":[{"href":"https:\/\/www.djurskyddet.se\/sigfrid\/wp-json\/wp\/v2\/types\/page"}],"author":[{"embeddable":true,"href":"https:\/\/www.djurskyddet.se\/sigfrid\/wp-json\/wp\/v2\/users\/11"}],"replies":[{"embeddable":true,"href":"https:\/\/www.djurskyddet.se\/sigfrid\/wp-json\/wp\/v2\/comments?post=7400"}],"version-history":[{"count":6,"href":"https:\/\/www.djurskyddet.se\/sigfrid\/wp-json\/wp\/v2\/pages\/7400\/revisions"}],"predecessor-version":[{"id":8792,"href":"https:\/\/www.djurskyddet.se\/sigfrid\/wp-json\/wp\/v2\/pages\/7400\/revisions\/8792"}],"wp:attachment":[{"href":"https:\/\/www.djurskyddet.se\/sigfrid\/wp-json\/wp\/v2\/media?parent=7400"}],"curies":[{"name":"wp","href":"https:\/\/api.w.org\/{rel}","templated":true}]}}