{"id":7408,"date":"2023-03-12T17:06:54","date_gmt":"2023-03-12T16:06:54","guid":{"rendered":"https:\/\/www.djurskyddet.se\/sigfrid\/?page_id=7408"},"modified":"2024-12-07T19:19:02","modified_gmt":"2024-12-07T18:19:02","slug":"tips-och-rad-kg","status":"publish","type":"page","link":"https:\/\/www.djurskyddet.se\/sigfrid\/smadjur\/tips-och-rad-kg\/","title":{"rendered":"Tips och r\u00e5d om sm\u00e5djur"},"content":{"rendered":"\n<p>Tyv\u00e4rr har vi pausat v\u00e5r sm\u00e5djursavdelning, men vi \u00e4r fortfarande mycket angel\u00e4gna om att sprida kunskap om sm\u00e5djur. H\u00e4r kan du l\u00e4sa v\u00e5ra tips och r\u00e5d kring kaniner och gnagare!<\/p>\n\n\n\n<p><a href=\"https:\/\/www.djurskyddet.se\/sigfrid\/smadjur\/tips-och-rad-kg\/tips-och-rad\/\" data-type=\"link\" data-id=\"https:\/\/www.djurskyddet.se\/sigfrid\/smadjur\/tips-och-rad-kg\/tips-och-rad\/\">L\u00e4s om kaniner h\u00e4r!<\/a><\/p>\n\n\n\n<figure class=\"wp-block-image size-full is-resized\"><img loading=\"lazy\" decoding=\"async\" width=\"1024\" height=\"768\" src=\"https:\/\/www.djurskyddet.se\/sigfrid\/wp-content\/uploads\/sites\/18\/2022\/01\/272142373_649344772854450_3636123910021720742_n.jpg\" alt=\"\" class=\"wp-image-7049\" style=\"width:416px;height:auto\" srcset=\"https:\/\/www.djurskyddet.se\/sigfrid\/wp-content\/uploads\/sites\/18\/2022\/01\/272142373_649344772854450_3636123910021720742_n.jpg 1024w, https:\/\/www.djurskyddet.se\/sigfrid\/wp-content\/uploads\/sites\/18\/2022\/01\/272142373_649344772854450_3636123910021720742_n-300x225.jpg 300w, https:\/\/www.djurskyddet.se\/sigfrid\/wp-content\/uploads\/sites\/18\/2022\/01\/272142373_649344772854450_3636123910021720742_n-768x576.jpg 768w, https:\/\/www.djurskyddet.se\/sigfrid\/wp-content\/uploads\/sites\/18\/2022\/01\/272142373_649344772854450_3636123910021720742_n-400x300.jpg 400w\" sizes=\"auto, (max-width: 1024px) 100vw, 1024px\" \/><\/figure>\n\n\n\n<p><\/p>\n\n\n\n<p><a href=\"https:\/\/www.djurskyddet.se\/sigfrid\/smadjur\/tips-och-rad-kg\/tips-om-rad\/\" data-type=\"link\" data-id=\"https:\/\/www.djurskyddet.se\/sigfrid\/tips-om-rad\/\">L\u00e4s om gnagare h\u00e4r!<\/a><\/p>\n\n\n\n<figure class=\"wp-block-image size-full is-resized\"><img loading=\"lazy\" decoding=\"async\" width=\"732\" height=\"1024\" src=\"https:\/\/www.djurskyddet.se\/sigfrid\/wp-content\/uploads\/sites\/18\/2024\/12\/4bhpAlfq.jpeg\" alt=\"\" class=\"wp-image-7954\" style=\"width:408px;height:auto\" srcset=\"https:\/\/www.djurskyddet.se\/sigfrid\/wp-content\/uploads\/sites\/18\/2024\/12\/4bhpAlfq.jpeg 732w, https:\/\/www.djurskyddet.se\/sigfrid\/wp-content\/uploads\/sites\/18\/2024\/12\/4bhpAlfq-214x300.jpeg 214w, https:\/\/www.djurskyddet.se\/sigfrid\/wp-content\/uploads\/sites\/18\/2024\/12\/4bhpAlfq-400x560.jpeg 400w\" sizes=\"auto, (max-width: 732px) 100vw, 732px\" \/><\/figure>\n\n\n\n<p><\/p>\n","protected":false},"excerpt":{"rendered":"<p>Tyv\u00e4rr har vi pausat v\u00e5r sm\u00e5djursavdelning, men vi \u00e4r fortfarande mycket angel\u00e4gna om att sprida kunskap om sm\u00e5djur. H\u00e4r kan du l\u00e4sa v\u00e5ra tips och r\u00e5d kring kaniner och gnagare! L\u00e4s om kaniner h\u00e4r! L\u00e4s om gnagare h\u00e4r!<\/p>\n","protected":false},"author":11,"featured_media":0,"parent":6781,"menu_order":0,"comment_status":"closed","ping_status":"closed","template":"","meta":{"_acf_changed":false,"footnotes":""},"class_list":["post-7408","page","type-page","status-publish","hentry"],"acf":[],"_links":{"self":[{"href":"https:\/\/www.djurskyddet.se\/sigfrid\/wp-json\/wp\/v2\/pages\/7408","targetHints":{"allow":["GET"]}}],"collection":[{"href":"https:\/\/www.djurskyddet.se\/sigfrid\/wp-json\/wp\/v2\/pages"}],"about":[{"href":"https:\/\/www.djurskyddet.se\/sigfrid\/wp-json\/wp\/v2\/types\/page"}],"author":[{"embeddable":true,"href":"https:\/\/www.djurskyddet.se\/sigfrid\/wp-json\/wp\/v2\/users\/11"}],"replies":[{"embeddable":true,"href":"https:\/\/www.djurskyddet.se\/sigfrid\/wp-json\/wp\/v2\/comments?post=7408"}],"version-history":[{"count":6,"href":"https:\/\/www.djurskyddet.se\/sigfrid\/wp-json\/wp\/v2\/pages\/7408\/revisions"}],"predecessor-version":[{"id":7965,"href":"https:\/\/www.djurskyddet.se\/sigfrid\/wp-json\/wp\/v2\/pages\/7408\/revisions\/7965"}],"up":[{"embeddable":true,"href":"https:\/\/www.djurskyddet.se\/sigfrid\/wp-json\/wp\/v2\/pages\/6781"}],"wp:attachment":[{"href":"https:\/\/www.djurskyddet.se\/sigfrid\/wp-json\/wp\/v2\/media?parent=7408"}],"curies":[{"name":"wp","href":"https:\/\/api.w.org\/{rel}","templated":true}]}}