{"id":8417,"date":"2025-05-31T19:53:56","date_gmt":"2025-05-31T18:53:56","guid":{"rendered":"https:\/\/www.djurskyddet.se\/sigfrid\/?page_id=8417"},"modified":"2025-05-31T19:57:44","modified_gmt":"2025-05-31T18:57:44","slug":"smadjurschansen","status":"publish","type":"page","link":"https:\/\/www.djurskyddet.se\/sigfrid\/smadjurschansen\/","title":{"rendered":"Sm\u00e5djurschansen"},"content":{"rendered":"\n<p>\u00c4r du intresserad av att hj\u00e4lpa sm\u00e5djur som kaniner, gnagare, f\u00e5glar och reptiler? Sm\u00e5djurschansen \u00e4r en organisation med fokus p\u00e5 att r\u00e4dda just sm\u00e5djur. <a href=\"https:\/\/www.smadjurschansen.se\/\" data-type=\"link\" data-id=\"https:\/\/www.smadjurschansen.se\/\">Klicka h\u00e4r<\/a> f\u00f6r att komma till deras hemsida!<\/p>\n\n\n\n<figure class=\"wp-block-image size-full\"><img loading=\"lazy\" decoding=\"async\" width=\"768\" height=\"1024\" src=\"https:\/\/www.djurskyddet.se\/sigfrid\/wp-content\/uploads\/sites\/18\/2022\/05\/279295125_717911239530593_972914138017303349_n.jpg\" alt=\"\" class=\"wp-image-7146\" srcset=\"https:\/\/www.djurskyddet.se\/sigfrid\/wp-content\/uploads\/sites\/18\/2022\/05\/279295125_717911239530593_972914138017303349_n.jpg 768w, https:\/\/www.djurskyddet.se\/sigfrid\/wp-content\/uploads\/sites\/18\/2022\/05\/279295125_717911239530593_972914138017303349_n-225x300.jpg 225w, https:\/\/www.djurskyddet.se\/sigfrid\/wp-content\/uploads\/sites\/18\/2022\/05\/279295125_717911239530593_972914138017303349_n-400x533.jpg 400w\" sizes=\"auto, (max-width: 768px) 100vw, 768px\" \/><\/figure>\n","protected":false},"excerpt":{"rendered":"<p>\u00c4r du intresserad av att hj\u00e4lpa sm\u00e5djur som kaniner, gnagare, f\u00e5glar och reptiler? Sm\u00e5djurschansen \u00e4r en organisation med fokus p\u00e5 att r\u00e4dda just sm\u00e5djur. Klicka h\u00e4r f\u00f6r att komma till deras hemsida!<\/p>\n","protected":false},"author":11,"featured_media":0,"parent":0,"menu_order":0,"comment_status":"closed","ping_status":"closed","template":"","meta":{"_acf_changed":false,"footnotes":""},"class_list":["post-8417","page","type-page","status-publish","hentry"],"acf":[],"_links":{"self":[{"href":"https:\/\/www.djurskyddet.se\/sigfrid\/wp-json\/wp\/v2\/pages\/8417","targetHints":{"allow":["GET"]}}],"collection":[{"href":"https:\/\/www.djurskyddet.se\/sigfrid\/wp-json\/wp\/v2\/pages"}],"about":[{"href":"https:\/\/www.djurskyddet.se\/sigfrid\/wp-json\/wp\/v2\/types\/page"}],"author":[{"embeddable":true,"href":"https:\/\/www.djurskyddet.se\/sigfrid\/wp-json\/wp\/v2\/users\/11"}],"replies":[{"embeddable":true,"href":"https:\/\/www.djurskyddet.se\/sigfrid\/wp-json\/wp\/v2\/comments?post=8417"}],"version-history":[{"count":2,"href":"https:\/\/www.djurskyddet.se\/sigfrid\/wp-json\/wp\/v2\/pages\/8417\/revisions"}],"predecessor-version":[{"id":8422,"href":"https:\/\/www.djurskyddet.se\/sigfrid\/wp-json\/wp\/v2\/pages\/8417\/revisions\/8422"}],"wp:attachment":[{"href":"https:\/\/www.djurskyddet.se\/sigfrid\/wp-json\/wp\/v2\/media?parent=8417"}],"curies":[{"name":"wp","href":"https:\/\/api.w.org\/{rel}","templated":true}]}}