{"id":2804,"date":"2016-01-18T12:27:29","date_gmt":"2016-01-18T12:27:29","guid":{"rendered":"http:\/\/djurskyddet\/?page_id=2804"},"modified":"2018-01-07T13:29:49","modified_gmt":"2018-01-07T13:29:49","slug":"hjalp-djuren","status":"publish","type":"page","link":"https:\/\/www.djurskyddet.se\/skelleftea\/hjalp-djuren\/","title":{"rendered":"Hj\u00e4lp djuren"},"content":{"rendered":"<p>Djurskyddet Skellefte\u00e5 \u00e4r en ideell f\u00f6rening som jobbar f\u00f6r alla djur ska ha det bra, men d\u00e4r katten har hamnat lite i fokus d\u00e5 de \u00e4r speciellt utsatta och d\u00e4rf\u00f6r utg\u00f6r en stor del av verksamheten. Vi fokuserar fr\u00e4mst p\u00e5 heml\u00f6sa katter som springer runt i Skellefte\u00e5.<\/p>\n<p>Vi beh\u00f6ver er hj\u00e4lp f\u00f6r att kunna forts\u00e4tta v\u00e5rt arbete!<\/p>\n<p><strong>&lt;-\u00a0 \u00a0 H\u00e4r till v\u00e4nster hittar du olika s\u00e4tt att hj\u00e4lpa v\u00e5r f\u00f6rening<\/strong><\/p>\n","protected":false},"excerpt":{"rendered":"<p>Djurskyddet Skellefte\u00e5 \u00e4r en ideell f\u00f6rening som jobbar f\u00f6r alla djur ska ha det bra, men d\u00e4r katten har hamnat lite i fokus d\u00e5 de \u00e4r speciellt utsatta och d\u00e4rf\u00f6r utg\u00f6r en stor del av verksamheten. Vi fokuserar fr\u00e4mst p\u00e5 heml\u00f6sa katter som springer runt i Skellefte\u00e5. Vi beh\u00f6ver er hj\u00e4lp f\u00f6r att kunna forts\u00e4tta v\u00e5rt arbete! &lt;-\u00a0 \u00a0 H\u00e4r till v\u00e4nster hittar du olika s\u00e4tt att hj\u00e4lpa v\u00e5r f\u00f6rening<\/p>\n","protected":false},"author":1,"featured_media":0,"parent":0,"menu_order":0,"comment_status":"closed","ping_status":"closed","template":"page-templates\/left-sidebar.php","meta":{"_acf_changed":false,"footnotes":""},"class_list":["post-2804","page","type-page","status-publish","hentry"],"acf":[],"_links":{"self":[{"href":"https:\/\/www.djurskyddet.se\/skelleftea\/wp-json\/wp\/v2\/pages\/2804","targetHints":{"allow":["GET"]}}],"collection":[{"href":"https:\/\/www.djurskyddet.se\/skelleftea\/wp-json\/wp\/v2\/pages"}],"about":[{"href":"https:\/\/www.djurskyddet.se\/skelleftea\/wp-json\/wp\/v2\/types\/page"}],"author":[{"embeddable":true,"href":"https:\/\/www.djurskyddet.se\/skelleftea\/wp-json\/wp\/v2\/users\/1"}],"replies":[{"embeddable":true,"href":"https:\/\/www.djurskyddet.se\/skelleftea\/wp-json\/wp\/v2\/comments?post=2804"}],"version-history":[{"count":15,"href":"https:\/\/www.djurskyddet.se\/skelleftea\/wp-json\/wp\/v2\/pages\/2804\/revisions"}],"predecessor-version":[{"id":5360,"href":"https:\/\/www.djurskyddet.se\/skelleftea\/wp-json\/wp\/v2\/pages\/2804\/revisions\/5360"}],"wp:attachment":[{"href":"https:\/\/www.djurskyddet.se\/skelleftea\/wp-json\/wp\/v2\/media?parent=2804"}],"curies":[{"name":"wp","href":"https:\/\/api.w.org\/{rel}","templated":true}]}}