{"id":2812,"date":"2016-01-18T12:28:53","date_gmt":"2016-01-18T12:28:53","guid":{"rendered":"http:\/\/djurskyddet\/?page_id=2812"},"modified":"2025-02-10T10:36:59","modified_gmt":"2025-02-10T09:36:59","slug":"om-oss","status":"publish","type":"page","link":"https:\/\/www.djurskyddet.se\/skelleftea\/om-oss\/","title":{"rendered":"Om oss"},"content":{"rendered":"<p><strong>Djurskyddet Skellefte\u00e5<\/strong> \u00e4r en ideell f\u00f6rening som jobbar f\u00f6r alla djur ska ha det bra, men d\u00e4r katten har hamnat lite i fokus d\u00e5 de \u00e4r speciellt utsatta och d\u00e4rf\u00f6r utg\u00f6r en stor del av verksamheten. Vi fokuserar fr\u00e4mst p\u00e5 heml\u00f6sa katter men n\u00e4r det finns m\u00f6jlighet kan det h\u00e4nda att vi hj\u00e4lper privat personer med deras katter med. Detta \u00e4r dock n\u00e5got som sker mycket s\u00e4llan eftersom att vi ofta \u00e4r \u00f6verbelastade med heml\u00f6sa katter!<\/p>\n<p><strong>Djurskyddet Skellefte\u00e5<\/strong> \u00e4r anslutna till f\u00f6rbundet <a href=\"http:\/\/www.djurskyddet.se\" target=\"_blank\" rel=\"noopener noreferrer\">Djurskyddet Sverige<\/a>, som best\u00e5r av ca 10 000 medlemmar i ca 50 lokalf\u00f6reningar runt om i Sverige.<\/p>\n<p><strong>Djurskyddet Skellefte\u00e5<\/strong> har tillst\u00e5nd enligt 16 \u00a7 Djurskyddslagen, vilket betyder att L\u00e4nsstyrelsen har sagt ok till att vi f\u00e5r omplacera obegr\u00e4nsat antal katter. Dock f\u00e5r ingen enskild foderv\u00e4rd ha fler \u00e4n 9 vuxna katter hemma utan eget tillst\u00e5nd hos L\u00e4nsstyrelsen.<\/p>\n<p>Beh\u00f6ver du n\u00e5 oss, g\u00f6r du det enklast via v\u00e5r e-post <a href=\"mailto:djurskyddetskelleftea@gmail.com\" target=\"_blank\" rel=\"noopener noreferrer\">djurskyddetskelleftea@gmail.com<\/a><\/p>\n<p>Vill du att n\u00e5got skall l\u00e4ggas ut p\u00e5 hemsidan s\u00e5 skicka ett mail och m\u00e4rk mailet med vad det avser!<\/p>\n","protected":false},"excerpt":{"rendered":"<p>Djurskyddet Skellefte\u00e5 \u00e4r en ideell f\u00f6rening som jobbar f\u00f6r alla djur ska ha det bra, men d\u00e4r katten har hamnat lite i fokus d\u00e5 de \u00e4r speciellt utsatta och d\u00e4rf\u00f6r utg\u00f6r en stor del av verksamheten. Vi fokuserar fr\u00e4mst p\u00e5 heml\u00f6sa katter men n\u00e4r det finns m\u00f6jlighet kan det h\u00e4nda att vi hj\u00e4lper privat personer med deras katter med. Detta \u00e4r dock n\u00e5got som sker mycket s\u00e4llan eftersom att vi&hellip;<\/p>\n<p><a class=\"more-link\" href=\"https:\/\/www.djurskyddet.se\/skelleftea\/om-oss\/\" title=\"Continue reading &lsquo;Om oss&rsquo;\">L&auml;s mer<span class=\"meta-nav\">&raquo;<\/span><\/a><\/p>\n","protected":false},"author":1,"featured_media":0,"parent":0,"menu_order":0,"comment_status":"closed","ping_status":"closed","template":"page-templates\/left-sidebar.php","meta":{"_acf_changed":false,"footnotes":""},"class_list":["post-2812","page","type-page","status-publish","hentry"],"acf":[],"_links":{"self":[{"href":"https:\/\/www.djurskyddet.se\/skelleftea\/wp-json\/wp\/v2\/pages\/2812","targetHints":{"allow":["GET"]}}],"collection":[{"href":"https:\/\/www.djurskyddet.se\/skelleftea\/wp-json\/wp\/v2\/pages"}],"about":[{"href":"https:\/\/www.djurskyddet.se\/skelleftea\/wp-json\/wp\/v2\/types\/page"}],"author":[{"embeddable":true,"href":"https:\/\/www.djurskyddet.se\/skelleftea\/wp-json\/wp\/v2\/users\/1"}],"replies":[{"embeddable":true,"href":"https:\/\/www.djurskyddet.se\/skelleftea\/wp-json\/wp\/v2\/comments?post=2812"}],"version-history":[{"count":21,"href":"https:\/\/www.djurskyddet.se\/skelleftea\/wp-json\/wp\/v2\/pages\/2812\/revisions"}],"predecessor-version":[{"id":6605,"href":"https:\/\/www.djurskyddet.se\/skelleftea\/wp-json\/wp\/v2\/pages\/2812\/revisions\/6605"}],"wp:attachment":[{"href":"https:\/\/www.djurskyddet.se\/skelleftea\/wp-json\/wp\/v2\/media?parent=2812"}],"curies":[{"name":"wp","href":"https:\/\/api.w.org\/{rel}","templated":true}]}}