{"id":3046,"date":"2016-07-06T09:19:51","date_gmt":"2016-07-06T09:19:51","guid":{"rendered":"http:\/\/www.djurskyddet.se\/skelleftea\/?page_id=3046"},"modified":"2018-01-07T12:49:53","modified_gmt":"2018-01-07T12:49:53","slug":"gava","status":"publish","type":"page","link":"https:\/\/www.djurskyddet.se\/skelleftea\/hjalp-djuren\/gava\/","title":{"rendered":"Ge en g\u00e5va"},"content":{"rendered":"<p><strong>Sk\u00e4nk en g\u00e5va<\/strong> \u2013 p\u00e5 v\u00e5rt bankgiro (Bg: <strong>642-9575<\/strong>) eller genom Swish (nummer <strong>123 047 44 37<\/strong>). Pengarna g\u00e5r direkt till djuren!<\/p>\n<p><strong>Djurv\u00e4n\/fadder<\/strong> &#8211; om du vill ge en g\u00e5va m\u00e5nadsvis rekommenderar vi att ni g\u00f6r det via Djurskyddet Sverige. Mer information finner ni p\u00e5 deras <a href=\"http:\/\/www.djurskyddet.se\/stod-oss\/djurvan\/\">hemsida<\/a>. Vi har valt att inte l\u00e4ngre ha denna funktion via v\u00e5r f\u00f6rening, men betalar ni via deras autogiro kommer bidrag att delas ut till samtliga f\u00f6reningar som har omplaceingsverksamhet vilket v\u00e5ran f\u00f6rening tar del av. Vill man inte betala via dem g\u00e5r det givetvis bra att swisha g\u00e5va eller betala en g\u00e5vavia autogiro.<\/p>\n<p><strong>Minnesg\u00e5va<\/strong> \u2013 F\u00f6r att hedra n\u00e5gon som har g\u00e5tt bort kan du sk\u00e4nka en minnesg\u00e5va till oss. Detta g\u00f6r du genom att s\u00e4tta in valfritt belopp p\u00e5 v\u00e5rt bankgiro, samt skriva &#8221;minnesg\u00e5va xx (namn p\u00e5 den minnesg\u00e5van \u00e4r till)&#8221;.\u00a0 \u00d6nskar ni att vi s\u00e4nder ett minneskort s\u00e5 kontakta oss via e-post, <a href=\"mailto:djurskyddetskelleftea@gmail.com\">djurskyddetskelleftea@gmail.com.<\/a><\/p>\n<p><strong>Testamentera till f\u00f6rm\u00e5n f\u00f6r djuren<\/strong> \u2013 De flesta skriver aldrig testamente. Kanske k\u00e4nner man ett visst obehag f\u00f6r att planera f\u00f6r sin egen bortg\u00e5ng. Men att sj\u00e4lv f\u00e5 best\u00e4mma vad som ska h\u00e4nda med sina tillg\u00e5ngar efter sin bortg\u00e5ng \u00e4r ett starkt sk\u00e4l till att t\u00e4nka om.<\/p>\n<p>Vad \u00e4r ett testamente? Ett testamente \u00e4r en skriftlig handling som anger hur en persons arvslott ska f\u00f6rdelas. Vi har <a href=\"http:\/\/www.djurskyddet.se\/skelleftea\/wp-content\/uploads\/sites\/9\/2017\/10\/testamente_djurskyddet-skellefte\u00e5.pdf\" target=\"_blank\" rel=\"noopener\">mallar p\u00e5 testamente<\/a> som ni enkelt kan fylla i.<\/p>\n<p><img loading=\"lazy\" decoding=\"async\" class=\"alignnone size-medium wp-image-5267\" src=\"http:\/\/www.djurskyddet.se\/skelleftea\/wp-content\/uploads\/sites\/9\/2016\/07\/23117114_10155389796528025_8642207379214644650_o-250x300.jpg\" alt=\"\" width=\"250\" height=\"300\" srcset=\"https:\/\/www.djurskyddet.se\/skelleftea\/wp-content\/uploads\/sites\/9\/2016\/07\/23117114_10155389796528025_8642207379214644650_o-250x300.jpg 250w, https:\/\/www.djurskyddet.se\/skelleftea\/wp-content\/uploads\/sites\/9\/2016\/07\/23117114_10155389796528025_8642207379214644650_o-768x922.jpg 768w, https:\/\/www.djurskyddet.se\/skelleftea\/wp-content\/uploads\/sites\/9\/2016\/07\/23117114_10155389796528025_8642207379214644650_o.jpg 853w, https:\/\/www.djurskyddet.se\/skelleftea\/wp-content\/uploads\/sites\/9\/2016\/07\/23117114_10155389796528025_8642207379214644650_o-400x480.jpg 400w\" sizes=\"auto, (max-width: 250px) 100vw, 250px\" \/><\/p>\n","protected":false},"excerpt":{"rendered":"<p>Sk\u00e4nk en g\u00e5va \u2013 p\u00e5 v\u00e5rt bankgiro (Bg: 642-9575) eller genom Swish (nummer 123 047 44 37). Pengarna g\u00e5r direkt till djuren! Djurv\u00e4n\/fadder &#8211; om du vill ge en g\u00e5va m\u00e5nadsvis rekommenderar vi att ni g\u00f6r det via Djurskyddet Sverige. Mer information finner ni p\u00e5 deras hemsida. Vi har valt att inte l\u00e4ngre ha denna funktion via v\u00e5r f\u00f6rening, men betalar ni via deras autogiro kommer bidrag att delas ut&hellip;<\/p>\n<p><a class=\"more-link\" href=\"https:\/\/www.djurskyddet.se\/skelleftea\/hjalp-djuren\/gava\/\" title=\"Continue reading &lsquo;Ge en g\u00e5va&rsquo;\">L&auml;s mer<span class=\"meta-nav\">&raquo;<\/span><\/a><\/p>\n","protected":false},"author":3,"featured_media":0,"parent":2804,"menu_order":0,"comment_status":"closed","ping_status":"closed","template":"page-templates\/left-sidebar.php","meta":{"_acf_changed":false,"footnotes":""},"class_list":["post-3046","page","type-page","status-publish","hentry"],"acf":[],"_links":{"self":[{"href":"https:\/\/www.djurskyddet.se\/skelleftea\/wp-json\/wp\/v2\/pages\/3046","targetHints":{"allow":["GET"]}}],"collection":[{"href":"https:\/\/www.djurskyddet.se\/skelleftea\/wp-json\/wp\/v2\/pages"}],"about":[{"href":"https:\/\/www.djurskyddet.se\/skelleftea\/wp-json\/wp\/v2\/types\/page"}],"author":[{"embeddable":true,"href":"https:\/\/www.djurskyddet.se\/skelleftea\/wp-json\/wp\/v2\/users\/3"}],"replies":[{"embeddable":true,"href":"https:\/\/www.djurskyddet.se\/skelleftea\/wp-json\/wp\/v2\/comments?post=3046"}],"version-history":[{"count":29,"href":"https:\/\/www.djurskyddet.se\/skelleftea\/wp-json\/wp\/v2\/pages\/3046\/revisions"}],"predecessor-version":[{"id":5350,"href":"https:\/\/www.djurskyddet.se\/skelleftea\/wp-json\/wp\/v2\/pages\/3046\/revisions\/5350"}],"up":[{"embeddable":true,"href":"https:\/\/www.djurskyddet.se\/skelleftea\/wp-json\/wp\/v2\/pages\/2804"}],"wp:attachment":[{"href":"https:\/\/www.djurskyddet.se\/skelleftea\/wp-json\/wp\/v2\/media?parent=3046"}],"curies":[{"name":"wp","href":"https:\/\/api.w.org\/{rel}","templated":true}]}}