{"id":5112,"date":"2017-10-09T09:57:38","date_gmt":"2017-10-09T09:57:38","guid":{"rendered":"http:\/\/www.djurskyddet.se\/skelleftea\/?page_id=5112"},"modified":"2023-11-13T10:22:09","modified_gmt":"2023-11-13T09:22:09","slug":"adoptera-djur","status":"publish","type":"page","link":"https:\/\/www.djurskyddet.se\/skelleftea\/adoptera-djur\/","title":{"rendered":"Adoptera ett djur fr\u00e5n oss"},"content":{"rendered":"<p><img loading=\"lazy\" decoding=\"async\" class=\"size-medium wp-image-5363 alignleft\" src=\"https:\/\/www.djurskyddet.se\/skelleftea\/wp-content\/uploads\/sites\/9\/2018\/01\/DSC0060-199x300.jpg\" alt=\"\" width=\"199\" height=\"300\" srcset=\"https:\/\/www.djurskyddet.se\/skelleftea\/wp-content\/uploads\/sites\/9\/2018\/01\/DSC0060-199x300.jpg 199w, https:\/\/www.djurskyddet.se\/skelleftea\/wp-content\/uploads\/sites\/9\/2018\/01\/DSC0060.jpg 680w, https:\/\/www.djurskyddet.se\/skelleftea\/wp-content\/uploads\/sites\/9\/2018\/01\/DSC0060-400x602.jpg 400w\" sizes=\"auto, (max-width: 199px) 100vw, 199px\" \/><\/p>\n<p>\u00c4r du intresserad av att ge en av v\u00e5ra katter ett nytt hem s\u00e5 kontakta oss via v\u00e5r e-post <a href=\"mailto:djurskyddetskelleftea@gmail.com\" target=\"_blank\" rel=\"noopener noreferrer\">djurskyddetskelleftea@gmail.com<\/a>\u00a0eller v\u00e5r Facebooksida Djurskyddet Skellefte\u00e5 d\u00e4r man kan skicka meddelande via messenger.<\/p>\n<p>Vi vill veta s\u00e5 mycket om dig som m\u00f6jligt f\u00f6r att kunna matcha r\u00e4tt katt! Svarar ingen p\u00e5 numret s\u00e5 ring igen p\u00e5 en stund och svarar ingen d\u00e5 s\u00e5 skicka g\u00e4rna ett sms om vad saken g\u00e4ller. Vi \u00e4r en ideell f\u00f6rening vilket betyder att vi g\u00e4rna drar ned p\u00e5 kostnader f\u00f6r telefonen och hellre l\u00e4gger det p\u00e5 f\u00f6reningens katter.<\/p>\n<p>Alla katter som kommer fr\u00e5n Djurskyddet Skellefte\u00e5 \u00e4r kastrerade, id-m\u00e4rkta med chip och vaccinerade.<\/p>\n<p>Vill du ha en kattunge har vi krav p\u00e5 att denna kattunge har s\u00e4llskap av annan katt, eller hund, i det hem den flyttar till alternativt att man adopterar tv\u00e5 katter fr\u00e5n f\u00f6reningen. V\u00e5r erfarenhet \u00e4r att det m\u00e5nga g\u00e5nger blir en understimulerad och ledsen katt om den bor ensam och det \u00e4ven om man \u00e4r hemma mycket. Vill man ha en ensamkatt s\u00e5 f\u00f6resl\u00e5r vi att man adopterar en katt som VILL vara ensamma, f\u00f6r de finns ocks\u00e5!<\/p>\n<p>F\u00f6r oss \u00e4r det viktigt att matcha r\u00e4tt hem med r\u00e4tt katt, d\u00e4rf\u00f6r f\u00e5r man s\u00e4llan v\u00e4lja f\u00e4rg och k\u00f6n hos oss. Vi hoppas p\u00e5 f\u00f6rst\u00e5else f\u00f6r det. Att en katt \u00e4r tingad betyder att kontrakt med k\u00f6paren inte \u00e4nnu \u00e4r skrivet. Vi f\u00f6rs\u00f6ker h\u00e5lla v\u00e5r hemsida uppdaterad, men ibland finns de fler katter som \u00e4r redo f\u00f6r flytt s\u00e5 ring g\u00e4rna och kolla l\u00e4get!<\/p>\n<p>\u00c4r du os\u00e4ker p\u00e5 om du \u00e4r l\u00e4mplig som katt\u00e4gare? Kanske du ska ska b\u00f6rja med att vara foderv\u00e4rd? \u00c4r man ung och inte vet sin framtid, man kanske inte \u00e4r s\u00e4ker p\u00e5 om man t\u00e5l katter, man kanske inte har kattvakt om man ska resa &#8211; det finns m\u00e5nga g\u00e5nger d\u00e5 vi rekommenderar att man b\u00f6rjar med att vara jourhem. L\u00e4s mer <a href=\"https:\/\/www.djurskyddet.se\/skelleftea\/stod-oss\/fodervard\/\">h\u00e4r<\/a>.<\/p>\n<p>\u00c4r man \u00e4ldre person s\u00e5 \u00f6nskar vi att man har en anh\u00f6rig eller n\u00e4ra v\u00e4n som har ett ansvar f\u00f6r katten om n\u00e5got skulle h\u00e4nda \u00e4garen.<\/p>\n","protected":false},"excerpt":{"rendered":"<p>\u00c4r du intresserad av att ge en av v\u00e5ra katter ett nytt hem s\u00e5 kontakta oss via v\u00e5r e-post djurskyddetskelleftea@gmail.com\u00a0eller v\u00e5r Facebooksida Djurskyddet Skellefte\u00e5 d\u00e4r man kan skicka meddelande via messenger. Vi vill veta s\u00e5 mycket om dig som m\u00f6jligt f\u00f6r att kunna matcha r\u00e4tt katt! Svarar ingen p\u00e5 numret s\u00e5 ring igen p\u00e5 en stund och svarar ingen d\u00e5 s\u00e5 skicka g\u00e4rna ett sms om vad saken g\u00e4ller. Vi&hellip;<\/p>\n<p><a class=\"more-link\" href=\"https:\/\/www.djurskyddet.se\/skelleftea\/adoptera-djur\/\" title=\"Continue reading &lsquo;Adoptera ett djur fr\u00e5n oss&rsquo;\">L&auml;s mer<span class=\"meta-nav\">&raquo;<\/span><\/a><\/p>\n","protected":false},"author":3,"featured_media":0,"parent":0,"menu_order":0,"comment_status":"closed","ping_status":"closed","template":"page-templates\/left-sidebar.php","meta":{"_acf_changed":false,"footnotes":""},"class_list":["post-5112","page","type-page","status-publish","hentry"],"acf":[],"_links":{"self":[{"href":"https:\/\/www.djurskyddet.se\/skelleftea\/wp-json\/wp\/v2\/pages\/5112","targetHints":{"allow":["GET"]}}],"collection":[{"href":"https:\/\/www.djurskyddet.se\/skelleftea\/wp-json\/wp\/v2\/pages"}],"about":[{"href":"https:\/\/www.djurskyddet.se\/skelleftea\/wp-json\/wp\/v2\/types\/page"}],"author":[{"embeddable":true,"href":"https:\/\/www.djurskyddet.se\/skelleftea\/wp-json\/wp\/v2\/users\/3"}],"replies":[{"embeddable":true,"href":"https:\/\/www.djurskyddet.se\/skelleftea\/wp-json\/wp\/v2\/comments?post=5112"}],"version-history":[{"count":19,"href":"https:\/\/www.djurskyddet.se\/skelleftea\/wp-json\/wp\/v2\/pages\/5112\/revisions"}],"predecessor-version":[{"id":6593,"href":"https:\/\/www.djurskyddet.se\/skelleftea\/wp-json\/wp\/v2\/pages\/5112\/revisions\/6593"}],"wp:attachment":[{"href":"https:\/\/www.djurskyddet.se\/skelleftea\/wp-json\/wp\/v2\/media?parent=5112"}],"curies":[{"name":"wp","href":"https:\/\/api.w.org\/{rel}","templated":true}]}}