{"id":5123,"date":"2017-10-09T13:39:25","date_gmt":"2017-10-09T13:39:25","guid":{"rendered":"http:\/\/www.djurskyddet.se\/skelleftea\/?page_id=5123"},"modified":"2025-10-01T10:33:49","modified_gmt":"2025-10-01T09:33:49","slug":"bli-medlem","status":"publish","type":"page","link":"https:\/\/www.djurskyddet.se\/skelleftea\/hjalp-djuren\/bli-medlem\/","title":{"rendered":"Bli medlem"},"content":{"rendered":"\n<p>Ett medlemskap i Djurskyddet Skellefte\u00e5 kostar endast <strong>200 kr per <\/strong><strong>kalender\u00e5r<\/strong>. Om du blir medlem under oktober\u2013december f\u00e5r du ett medlemskap som str\u00e4cker sig \u00f6ver \u00e4ven f\u00f6ljande \u00e5r. Som medlem st\u00f6ttar du v\u00e5rt viktiga arbete f\u00f6r djuren, och har f\u00f6rst\u00e5s r\u00f6str\u00e4tt p\u00e5 v\u00e5rt \u00e5rsm\u00f6te.<\/p>\n\n\n\n<p>Som medlem i Djurskyddet Skellefte\u00e5 \u00e4r du ocks\u00e5 medlem i riksf\u00f6rbundet Djurskyddet Sverige och f\u00e5r Tidningen Djurskyddet fyra g\u00e5nger per \u00e5r, b\u00e5de i brevl\u00e5dan och i appen TD. Ladda ner den d\u00e4r appar finns! Dessutom kan du l\u00e4sa intressanta djurskyddsnyheter p\u00e5 <a href=\"https:\/\/tidningen.djurskyddet.se\/\"><strong>webbtidningen<\/strong> <\/a>och kan ta del av ett antal\u202ffina <strong><a href=\"https:\/\/www.djurskyddet.se\/stod-oss\/bli-medlem\/medlemsformaner\/\">medlemsf\u00f6rm\u00e5ner<\/a><\/strong>, s\u00e5som rabatt hos olika n\u00e4tbutiker.\u00a0<\/p>\n\n\n\n<p>Registrera dig som medlem p\u00e5\u202fDjurskyddet Sveriges hemsida. <strong>Se till att v\u00e4lja Djurskyddet Skellefte\u00e5<\/strong> som din lokalf\u00f6rening.\u00a0<\/p>\n\n\n\n<div class=\"wp-block-buttons is-layout-flex wp-block-buttons-is-layout-flex\">\n<div class=\"wp-block-button has-custom-font-size has-small-font-size\"><a class=\"wp-block-button__link has-white-color has-text-color has-background has-link-color wp-element-button\" href=\"https:\/\/donation.djurskyddet.se\/s\/medlem\" style=\"background-color:#00a64a\">Bli medlem h\u00e4r<\/a><\/div>\n<\/div>\n\n\n\n<p><\/p>\n\n\n\n<p><strong>Tack f\u00f6r ditt st\u00f6d!<\/strong><\/p>\n","protected":false},"excerpt":{"rendered":"<p>Ett medlemskap i Djurskyddet Skellefte\u00e5 kostar endast 200 kr per kalender\u00e5r. Om du blir medlem under oktober\u2013december f\u00e5r du ett medlemskap som str\u00e4cker sig \u00f6ver \u00e4ven f\u00f6ljande \u00e5r. Som medlem st\u00f6ttar du v\u00e5rt viktiga arbete f\u00f6r djuren, och har f\u00f6rst\u00e5s r\u00f6str\u00e4tt p\u00e5 v\u00e5rt \u00e5rsm\u00f6te. Som medlem i Djurskyddet Skellefte\u00e5 \u00e4r du ocks\u00e5 medlem i riksf\u00f6rbundet Djurskyddet Sverige och f\u00e5r Tidningen Djurskyddet fyra g\u00e5nger per \u00e5r, b\u00e5de i brevl\u00e5dan och i&hellip;<\/p>\n<p><a class=\"more-link\" href=\"https:\/\/www.djurskyddet.se\/skelleftea\/hjalp-djuren\/bli-medlem\/\" title=\"Continue reading &lsquo;Bli medlem&rsquo;\">L&auml;s mer<span class=\"meta-nav\">&raquo;<\/span><\/a><\/p>\n","protected":false},"author":3,"featured_media":0,"parent":2804,"menu_order":0,"comment_status":"closed","ping_status":"closed","template":"page-templates\/left-sidebar.php","meta":{"_acf_changed":false,"footnotes":""},"class_list":["post-5123","page","type-page","status-publish","hentry"],"acf":[],"_links":{"self":[{"href":"https:\/\/www.djurskyddet.se\/skelleftea\/wp-json\/wp\/v2\/pages\/5123","targetHints":{"allow":["GET"]}}],"collection":[{"href":"https:\/\/www.djurskyddet.se\/skelleftea\/wp-json\/wp\/v2\/pages"}],"about":[{"href":"https:\/\/www.djurskyddet.se\/skelleftea\/wp-json\/wp\/v2\/types\/page"}],"author":[{"embeddable":true,"href":"https:\/\/www.djurskyddet.se\/skelleftea\/wp-json\/wp\/v2\/users\/3"}],"replies":[{"embeddable":true,"href":"https:\/\/www.djurskyddet.se\/skelleftea\/wp-json\/wp\/v2\/comments?post=5123"}],"version-history":[{"count":8,"href":"https:\/\/www.djurskyddet.se\/skelleftea\/wp-json\/wp\/v2\/pages\/5123\/revisions"}],"predecessor-version":[{"id":6616,"href":"https:\/\/www.djurskyddet.se\/skelleftea\/wp-json\/wp\/v2\/pages\/5123\/revisions\/6616"}],"up":[{"embeddable":true,"href":"https:\/\/www.djurskyddet.se\/skelleftea\/wp-json\/wp\/v2\/pages\/2804"}],"wp:attachment":[{"href":"https:\/\/www.djurskyddet.se\/skelleftea\/wp-json\/wp\/v2\/media?parent=5123"}],"curies":[{"name":"wp","href":"https:\/\/api.w.org\/{rel}","templated":true}]}}