{"id":5125,"date":"2017-10-09T11:41:08","date_gmt":"2017-10-09T11:41:08","guid":{"rendered":"http:\/\/www.djurskyddet.se\/skelleftea\/?page_id=5125"},"modified":"2025-02-10T10:38:26","modified_gmt":"2025-02-10T09:38:26","slug":"fodervard","status":"publish","type":"page","link":"https:\/\/www.djurskyddet.se\/skelleftea\/hjalp-djuren\/fodervard\/","title":{"rendered":"Bli jourhem"},"content":{"rendered":"<p><strong>Fler borde prova p\u00e5 f\u00f6rm\u00e5nen att vara jourhem!<\/strong><\/p>\n<p>Att vara jourhem inneb\u00e4r att du under en tid tar hand om en heml\u00f6s katt och f\u00f6rser denna med massor av lek, k\u00e4rlek, mys och omsorg. Djurskyddet Skellefte\u00e5 st\u00e5r f\u00f6r mat, sand, kattl\u00e5da, leksaker, tillbeh\u00f6r samt veterin\u00e4rkostnader och det \u00e4r vi som ordnar med veterin\u00e4rtider etc.<\/p>\n<p>Det finns vissa villkor som v\u00e5ra jourhem m\u00e5ste f\u00f6lja, nedan kan du l\u00e4sa n\u00e5gra av dem:<\/p>\n<ul>\n<li>Katten\/katterna f\u00e5r endast vara inne och inte sl\u00e4ppas ut.<\/li>\n<li>N\u00e4r katten anl\u00e4nder till dig b\u00f6r den avmaskas om detta inte \u00e4r gjort samt klippa klorna. Vi har avmaskningsmedel! Bara att fr\u00e5ga!<\/li>\n<li>Du f\u00e5r g\u00e4rna hj\u00e4lpa till i s\u00f6kandet p\u00e5 ett nytt hem, men omplaceringen ska alltid g\u00e5 genom Djurskyddet Skellefte\u00e5 och den nya \u00e4garen blir kontaktad av f\u00f6reningen.<\/li>\n<li>Ska du vara borta ett par dagar vill vi att du meddelar detta till f\u00f6reningen i god tid. Detta f\u00f6r att vi ska kunna hitta ett annat jourhem som kan ta hand om katten n\u00e4r du \u00e4r borta om du inte sj\u00e4lv har en l\u00f6sning.<\/li>\n<li>\u00d6nskar du att sj\u00e4lv beh\u00e5lla katten vill vi att du meddelar oss s\u00e5 fort som m\u00f6jligt s\u00e5 s\u00f6kandet efter ett nytt hem upph\u00f6r. OBS! Samma villkor f\u00f6r att k\u00f6pa en katt fr\u00e5n Djurskyddet Skellefte\u00e5 g\u00e4ller f\u00f6r ett jourhem som f\u00f6r en privatperson.<\/li>\n<li>\u00d6nskar du avsluta ditt uppdrag som jourhem b\u00f6r du meddela f\u00f6reningen i god tid s\u00e5 ett nytt jourhem kan hittas \u00e5t katten.<\/li>\n<li style=\"text-align: left\">I de fall du har egna katter ska dessa vara kastrerade om de \u00e4r \u00e4ldre \u00e4n sex m\u00e5nader.<\/li>\n<\/ul>\n<p>Det kan vara sv\u00e5rt att s\u00e4ga hur l\u00e4nge katten beh\u00f6ver vara hos dig innan den f\u00e5r ett permanent hem, det kan handla om allt fr\u00e5n dagar till veckor och kanske \u00e4ven m\u00e5nader.<\/p>\n<p>Det \u00e4r du som tillsammans med oss p\u00e5 Djurskyddet Skellefte\u00e5 best\u00e4mmer vilken katt som skulle passa hos dig. Alla katter har s\u00e4rskilda behov och det \u00e4r dessa vi ser till innan vi beslutar vilken katt som hamnar i vilket jourhem. Kom ih\u00e5g att alla katter \u00e4r olika, man m\u00e5ste se till individen. Ex om en katthane inte g\u00e5r ihop med din katt, kanske n\u00e4sta g\u00f6r det!<\/p>\n<p>Hj\u00e4lp oss att hitta ett hem till din jourhemskatt. Finns det inget kort p\u00e5 v\u00e5r hemsida p\u00e5 den katt du f\u00e5tt hem? D\u00e5 vill vi att ni skickar ett om ni har m\u00f6jlighet. Vi har ibland hj\u00e4lp av frivilliga fotografer som hj\u00e4lper till att ta kort p\u00e5 katterna, dessa kontaktar i s\u00e5 fall dig om de ska ta en bild. Vi vill ocks\u00e5 att ni skriver en text d\u00e4r det framg\u00e5r hur katten \u00e4r samt i vilket hem den skulle passa och mailar detta till oss snarast. Sj\u00e4lvklart f\u00e5r ni \u00e4ven g\u00f6ra andra insatser f\u00f6r att marknadsf\u00f6ra katten, men gl\u00f6m d\u00e5 inte att uppge djurskyddets kontaktuppgifter. En \u00f6nskan, inget krav, \u00e4r att ni anv\u00e4nder v\u00e5r logga d\u00e4r det \u00e4r passande.<\/p>\n<p>Skulle n\u00e5gon av f\u00f6reningens katter bli sjuka eller skadade s\u00e5 vill vi att ni i f\u00f6rsta hand ringer p\u00e5 journumret. Det \u00e4r styrelsen som avg\u00f6r om katten m\u00e5ste in till veterin\u00e4r eller om man kan v\u00e4nta\/sj\u00e4lvbehandla. Vi har mycket efterfarenhet och kan ofta avg\u00f6ra om katten verkligen beh\u00f6ver till veterin\u00e4r. Tar du katten till veterin\u00e4r utan att kontakta oss, kan det bli s\u00e5 att du sj\u00e4lv f\u00e5r st\u00e5 f\u00f6r kostnaden. Om djuret blir akut sjuk s\u00e5 att dess liv sv\u00e4var i fara f\u00e5r ni sj\u00e4lvklart sj\u00e4lva kontakta veterin\u00e4r, men detta \u00e4r mycket ovanligt!<\/p>\n<p><strong>OBS! Bra att veta.<\/strong><br \/>\nInf\u00f6r kastrering \u00e4r det viktigt att ni inte ger katten mat efter klockan 20:00 kv\u00e4llen innan. Detta f\u00f6r att minska risken att katten m\u00e5r d\u00e5ligt och kr\u00e4ks d\u00e5 den s\u00f6vs. Det \u00e4r \u00e4ven bra om katten \u00e4r v\u00e4gd innan veterin\u00e4rbes\u00f6ket. Klistra g\u00e4rna namn och vikt p\u00e5 buren.<\/p>\n<p>Om katten du har hemma visar sig ha en \u00e4gare som kommer och h\u00e4mtar den s\u00e5 \u00e4r det viktigt att du tar namn och adress p\u00e5 \u00e4garen och meddelar oss. Polisen beh\u00f6ver de uppgifterna n\u00e4r de ska st\u00e4nga \u00e4rendet s\u00e5 att katten inte l\u00e4ngre st\u00e5r som upphittad i deras system.<\/p>\n<p>Att vara jourhem \u00e4r ett stort ansvar som kr\u00e4ver eftertanke \u2013 men vi vill att du ska k\u00e4nna att du alltid kan ringa om det uppst\u00e5r funderingar, tveksamheter eller problem. Vi uppskattar att du vill bidra med ditt hem och din k\u00e4rlek och p\u00e5 s\u00e5 vis st\u00f6dja oss i v\u00e5rt arbete!<\/p>\n","protected":false},"excerpt":{"rendered":"<p>Fler borde prova p\u00e5 f\u00f6rm\u00e5nen att vara jourhem! Att vara jourhem inneb\u00e4r att du under en tid tar hand om en heml\u00f6s katt och f\u00f6rser denna med massor av lek, k\u00e4rlek, mys och omsorg. Djurskyddet Skellefte\u00e5 st\u00e5r f\u00f6r mat, sand, kattl\u00e5da, leksaker, tillbeh\u00f6r samt veterin\u00e4rkostnader och det \u00e4r vi som ordnar med veterin\u00e4rtider etc. Det finns vissa villkor som v\u00e5ra jourhem m\u00e5ste f\u00f6lja, nedan kan du l\u00e4sa n\u00e5gra av dem:&hellip;<\/p>\n<p><a class=\"more-link\" href=\"https:\/\/www.djurskyddet.se\/skelleftea\/hjalp-djuren\/fodervard\/\" title=\"Continue reading &lsquo;Bli jourhem&rsquo;\">L&auml;s mer<span class=\"meta-nav\">&raquo;<\/span><\/a><\/p>\n","protected":false},"author":3,"featured_media":0,"parent":2804,"menu_order":0,"comment_status":"closed","ping_status":"closed","template":"page-templates\/left-sidebar.php","meta":{"_acf_changed":false,"footnotes":""},"class_list":["post-5125","page","type-page","status-publish","hentry"],"acf":[],"_links":{"self":[{"href":"https:\/\/www.djurskyddet.se\/skelleftea\/wp-json\/wp\/v2\/pages\/5125","targetHints":{"allow":["GET"]}}],"collection":[{"href":"https:\/\/www.djurskyddet.se\/skelleftea\/wp-json\/wp\/v2\/pages"}],"about":[{"href":"https:\/\/www.djurskyddet.se\/skelleftea\/wp-json\/wp\/v2\/types\/page"}],"author":[{"embeddable":true,"href":"https:\/\/www.djurskyddet.se\/skelleftea\/wp-json\/wp\/v2\/users\/3"}],"replies":[{"embeddable":true,"href":"https:\/\/www.djurskyddet.se\/skelleftea\/wp-json\/wp\/v2\/comments?post=5125"}],"version-history":[{"count":15,"href":"https:\/\/www.djurskyddet.se\/skelleftea\/wp-json\/wp\/v2\/pages\/5125\/revisions"}],"predecessor-version":[{"id":6606,"href":"https:\/\/www.djurskyddet.se\/skelleftea\/wp-json\/wp\/v2\/pages\/5125\/revisions\/6606"}],"up":[{"embeddable":true,"href":"https:\/\/www.djurskyddet.se\/skelleftea\/wp-json\/wp\/v2\/pages\/2804"}],"wp:attachment":[{"href":"https:\/\/www.djurskyddet.se\/skelleftea\/wp-json\/wp\/v2\/media?parent=5125"}],"curies":[{"name":"wp","href":"https:\/\/api.w.org\/{rel}","templated":true}]}}