{"id":5131,"date":"2017-10-09T11:53:01","date_gmt":"2017-10-09T11:53:01","guid":{"rendered":"http:\/\/www.djurskyddet.se\/skelleftea\/?page_id=5131"},"modified":"2023-07-25T19:38:14","modified_gmt":"2023-07-25T18:38:14","slug":"styrelse","status":"publish","type":"page","link":"https:\/\/www.djurskyddet.se\/skelleftea\/om-oss\/styrelse\/","title":{"rendered":"Styrelsen"},"content":{"rendered":"<p>V\u00e5r styrelse blir vald i februari p\u00e5 \u00e5rsm\u00f6tet. Den best\u00e5r av en ordf\u00f6rande och fyra ledam\u00f6ter.<\/p>\n","protected":false},"excerpt":{"rendered":"<p>V\u00e5r styrelse blir vald i februari p\u00e5 \u00e5rsm\u00f6tet. Den best\u00e5r av en ordf\u00f6rande och fyra ledam\u00f6ter.<\/p>\n","protected":false},"author":3,"featured_media":0,"parent":2812,"menu_order":0,"comment_status":"closed","ping_status":"closed","template":"page-templates\/left-sidebar.php","meta":{"_acf_changed":false,"footnotes":""},"class_list":["post-5131","page","type-page","status-publish","hentry"],"acf":[],"_links":{"self":[{"href":"https:\/\/www.djurskyddet.se\/skelleftea\/wp-json\/wp\/v2\/pages\/5131","targetHints":{"allow":["GET"]}}],"collection":[{"href":"https:\/\/www.djurskyddet.se\/skelleftea\/wp-json\/wp\/v2\/pages"}],"about":[{"href":"https:\/\/www.djurskyddet.se\/skelleftea\/wp-json\/wp\/v2\/types\/page"}],"author":[{"embeddable":true,"href":"https:\/\/www.djurskyddet.se\/skelleftea\/wp-json\/wp\/v2\/users\/3"}],"replies":[{"embeddable":true,"href":"https:\/\/www.djurskyddet.se\/skelleftea\/wp-json\/wp\/v2\/comments?post=5131"}],"version-history":[{"count":9,"href":"https:\/\/www.djurskyddet.se\/skelleftea\/wp-json\/wp\/v2\/pages\/5131\/revisions"}],"predecessor-version":[{"id":6582,"href":"https:\/\/www.djurskyddet.se\/skelleftea\/wp-json\/wp\/v2\/pages\/5131\/revisions\/6582"}],"up":[{"embeddable":true,"href":"https:\/\/www.djurskyddet.se\/skelleftea\/wp-json\/wp\/v2\/pages\/2812"}],"wp:attachment":[{"href":"https:\/\/www.djurskyddet.se\/skelleftea\/wp-json\/wp\/v2\/media?parent=5131"}],"curies":[{"name":"wp","href":"https:\/\/api.w.org\/{rel}","templated":true}]}}