{"id":5197,"date":"2017-10-10T13:24:15","date_gmt":"2017-10-10T13:24:15","guid":{"rendered":"http:\/\/www.djurskyddet.se\/skelleftea\/?page_id=5197"},"modified":"2018-01-13T12:39:59","modified_gmt":"2018-01-13T12:39:59","slug":"sponsorer","status":"publish","type":"page","link":"https:\/\/www.djurskyddet.se\/skelleftea\/sponsorer\/","title":{"rendered":"Sponsorer"},"content":{"rendered":"<p style=\"text-align: center\"><strong>Dessa f\u00f6retag\/f\u00f6reningar\/verksamheter st\u00f6der oss i v\u00e5rt arbete f\u00f6r djurens b\u00e4sta! Tusen tack f\u00f6r all den hj\u00e4lp vi f\u00e5r av er f\u00f6r att kunna hj\u00e4lpa djuren.<\/strong><\/p>\n<p style=\"text-align: center\">\u00a8\u00a8\u00a8\u00a8\u00a8\u00a8\u00a8\u00a8\u00a8\u00a8\u00a8\u00a8\u00a8\u00a8\u00a8\u00a8\u00a8\u00a8\u00a8\u00a8\u00a8\u00a8\u00a8\u00a8\u00a8\u00a8\u00a8\u00a8\u00a8\u00a8\u00a8\u00a8\u00a8\u00a8\u00a8\u00a8\u00a8\u00a8\u00a8\u00a8\u00a8\u00a8\u00a8\u00a8\u00a8\u00a8\u00a8\u00a8\u00a8\u00a8\u00a8\u00a8\u00a8\u00a8\u00a8\u00a8\u00a8\u00a8\u00a8\u00a8\u00a8\u00a8\u00a8\u00a8\u00a8\u00a8\u00a8\u00a8\u00a8\u00a8\u00a8\u00a8\u00a8\u00a8\u00a8\u00a8\u00a8\u00a8\u00a8\u00a8\u00a8<\/p>\n<p><a href=\"http:\/\/www.djurvilan.nu\/\"><img loading=\"lazy\" decoding=\"async\" class=\"alignnone size-medium wp-image-5397 aligncenter\" style=\"font-size: 1rem\" src=\"http:\/\/www.djurskyddet.se\/skelleftea\/wp-content\/uploads\/sites\/9\/2018\/01\/djurvilan.gif\" alt=\"\" width=\"197\" height=\"56\" \/><\/a><\/p>\n<p>&nbsp;<\/p>\n<p><a href=\"http:\/\/www.solkattenskelleftea.se\/\"><img loading=\"lazy\" decoding=\"async\" class=\"wp-image-5399 aligncenter\" src=\"http:\/\/www.djurskyddet.se\/skelleftea\/wp-content\/uploads\/sites\/9\/2018\/01\/sol-2-300x161.png\" alt=\"\" width=\"195\" height=\"105\" \/><\/a><\/p>\n<p>&nbsp;<\/p>\n<p><a href=\"https:\/\/www.arkenzoo.se\/arken-zoo-skelleftea?gclid=Cj0KCQiA-ebSBRC8ARIsAGuxJIon7vbqt2F5R6stYJCgrRQfXSnhDlfk9M3fPxfVFnFW1u1n1KXVPrwaAt-sEALw_wcB\"><img loading=\"lazy\" decoding=\"async\" class=\"aligncenter wp-image-5394\" style=\"font-size: 1rem\" src=\"http:\/\/www.djurskyddet.se\/skelleftea\/wp-content\/uploads\/sites\/9\/2018\/01\/ladda-ned-300x82.jpg\" alt=\"\" width=\"274\" height=\"75\" srcset=\"https:\/\/www.djurskyddet.se\/skelleftea\/wp-content\/uploads\/sites\/9\/2018\/01\/ladda-ned-300x82.jpg 300w, https:\/\/www.djurskyddet.se\/skelleftea\/wp-content\/uploads\/sites\/9\/2018\/01\/ladda-ned-400x109.jpg 400w, https:\/\/www.djurskyddet.se\/skelleftea\/wp-content\/uploads\/sites\/9\/2018\/01\/ladda-ned.jpg 429w\" sizes=\"auto, (max-width: 274px) 100vw, 274px\" \/><\/a><span style=\"font-size: 1rem\">\u00a0<\/span><\/p>\n<p><a style=\"color: #2997ab\" href=\"http:\/\/www.distriktsveterinarerna.se\/veterinarmottagningar\/veterinarmottagningar\/lan\/vasterbottenslan\/skelleftea.4.7fd35e5914b2a9ae14d45e77.html\"><img loading=\"lazy\" decoding=\"async\" class=\"alignnone wp-image-5395 aligncenter\" style=\"font-size: 1rem\" src=\"http:\/\/www.djurskyddet.se\/skelleftea\/wp-content\/uploads\/sites\/9\/2018\/01\/ladda-ned-1-300x53.png\" alt=\"\" width=\"233\" height=\"42\" srcset=\"https:\/\/www.djurskyddet.se\/skelleftea\/wp-content\/uploads\/sites\/9\/2018\/01\/ladda-ned-1-300x53.png 300w, https:\/\/www.djurskyddet.se\/skelleftea\/wp-content\/uploads\/sites\/9\/2018\/01\/ladda-ned-1-400x71.png 400w, https:\/\/www.djurskyddet.se\/skelleftea\/wp-content\/uploads\/sites\/9\/2018\/01\/ladda-ned-1.png 533w\" sizes=\"auto, (max-width: 233px) 100vw, 233px\" \/><\/a><\/p>\n<p>&nbsp;<\/p>\n<p><span style=\"font-size: 1rem\"><a href=\"http:\/\/www.gbdjurklinik.se\/\"><img loading=\"lazy\" decoding=\"async\" class=\"alignnone wp-image-5396 aligncenter\" style=\"font-size: 1rem\" src=\"http:\/\/www.djurskyddet.se\/skelleftea\/wp-content\/uploads\/sites\/9\/2018\/01\/Sk\u00e4rmklipp-300x143.jpg\" alt=\"\" width=\"191\" height=\"91\" srcset=\"https:\/\/www.djurskyddet.se\/skelleftea\/wp-content\/uploads\/sites\/9\/2018\/01\/Sk\u00e4rmklipp-300x143.jpg 300w, https:\/\/www.djurskyddet.se\/skelleftea\/wp-content\/uploads\/sites\/9\/2018\/01\/Sk\u00e4rmklipp-400x191.jpg 400w, https:\/\/www.djurskyddet.se\/skelleftea\/wp-content\/uploads\/sites\/9\/2018\/01\/Sk\u00e4rmklipp.jpg 606w\" sizes=\"auto, (max-width: 191px) 100vw, 191px\" \/><\/a><\/span><\/p>\n<p>&nbsp;<\/p>\n<p><a href=\"https:\/\/www.granngarden.se\/?gclid=Cj0KCQiA-ebSBRC8ARIsAGuxJIpB1dpfAkwwtH94M7bTBG8HkJ_9TZDoIvFRUFVUGdL7GNGCOiYN3n0aAn4REALw_wcB\"><img loading=\"lazy\" decoding=\"async\" class=\"alignnone wp-image-5392 aligncenter\" style=\"font-size: 1rem\" src=\"http:\/\/www.djurskyddet.se\/skelleftea\/wp-content\/uploads\/sites\/9\/2018\/01\/ladda-ned-300x71.png\" alt=\"\" width=\"227\" height=\"54\" srcset=\"https:\/\/www.djurskyddet.se\/skelleftea\/wp-content\/uploads\/sites\/9\/2018\/01\/ladda-ned-300x71.png 300w, https:\/\/www.djurskyddet.se\/skelleftea\/wp-content\/uploads\/sites\/9\/2018\/01\/ladda-ned.png 389w\" sizes=\"auto, (max-width: 227px) 100vw, 227px\" \/><\/a><\/p>\n<p>&nbsp;<\/p>\n<p><a href=\"http:\/\/www.bjorkis.com\/sv\/73\"><img loading=\"lazy\" decoding=\"async\" class=\"alignnone wp-image-5393 aligncenter\" style=\"font-size: 1rem\" src=\"http:\/\/www.djurskyddet.se\/skelleftea\/wp-content\/uploads\/sites\/9\/2018\/01\/bjorkisloggo-kopiera-300x121.jpg\" alt=\"\" width=\"189\" height=\"77\" srcset=\"https:\/\/www.djurskyddet.se\/skelleftea\/wp-content\/uploads\/sites\/9\/2018\/01\/bjorkisloggo-kopiera-300x121.jpg 300w, https:\/\/www.djurskyddet.se\/skelleftea\/wp-content\/uploads\/sites\/9\/2018\/01\/bjorkisloggo-kopiera-400x161.jpg 400w, https:\/\/www.djurskyddet.se\/skelleftea\/wp-content\/uploads\/sites\/9\/2018\/01\/bjorkisloggo-kopiera.jpg 622w\" sizes=\"auto, (max-width: 189px) 100vw, 189px\" \/><\/a><\/p>\n<p>&nbsp;<\/p>\n<p><a href=\"https:\/\/www.omdi.se\/\"><img loading=\"lazy\" decoding=\"async\" class=\"alignnone wp-image-5391 aligncenter\" src=\"http:\/\/www.djurskyddet.se\/skelleftea\/wp-content\/uploads\/sites\/9\/2018\/01\/Logotypgenom-300x92.png\" alt=\"\" width=\"212\" height=\"65\" srcset=\"https:\/\/www.djurskyddet.se\/skelleftea\/wp-content\/uploads\/sites\/9\/2018\/01\/Logotypgenom-300x92.png 300w, https:\/\/www.djurskyddet.se\/skelleftea\/wp-content\/uploads\/sites\/9\/2018\/01\/Logotypgenom-768x236.png 768w, https:\/\/www.djurskyddet.se\/skelleftea\/wp-content\/uploads\/sites\/9\/2018\/01\/Logotypgenom.png 1024w, https:\/\/www.djurskyddet.se\/skelleftea\/wp-content\/uploads\/sites\/9\/2018\/01\/Logotypgenom-400x123.png 400w\" sizes=\"auto, (max-width: 212px) 100vw, 212px\" \/><\/a><\/p>\n<p>&nbsp;<\/p>\n<p><a href=\"https:\/\/www.supercat.se\/?gclid=Cj0KCQiA-ebSBRC8ARIsAGuxJIrl_2HxVRXU8TLAglBvpbddZgs47Onrh6l5MA9YneqWEmIGdP78kiQaAs-DEALw_wcB\"><img loading=\"lazy\" decoding=\"async\" class=\"size-medium wp-image-5400 aligncenter\" src=\"http:\/\/www.djurskyddet.se\/skelleftea\/wp-content\/uploads\/sites\/9\/2018\/01\/testlogga_mobil-300x60.jpg\" alt=\"\" width=\"300\" height=\"60\" srcset=\"https:\/\/www.djurskyddet.se\/skelleftea\/wp-content\/uploads\/sites\/9\/2018\/01\/testlogga_mobil-300x60.jpg 300w, https:\/\/www.djurskyddet.se\/skelleftea\/wp-content\/uploads\/sites\/9\/2018\/01\/testlogga_mobil-768x154.jpg 768w, https:\/\/www.djurskyddet.se\/skelleftea\/wp-content\/uploads\/sites\/9\/2018\/01\/testlogga_mobil.jpg 1024w, https:\/\/www.djurskyddet.se\/skelleftea\/wp-content\/uploads\/sites\/9\/2018\/01\/testlogga_mobil-400x80.jpg 400w\" sizes=\"auto, (max-width: 300px) 100vw, 300px\" \/><\/a><\/p>\n","protected":false},"excerpt":{"rendered":"<p>Dessa f\u00f6retag\/f\u00f6reningar\/verksamheter st\u00f6der oss i v\u00e5rt arbete f\u00f6r djurens b\u00e4sta! Tusen tack f\u00f6r all den hj\u00e4lp vi f\u00e5r av er f\u00f6r att kunna hj\u00e4lpa djuren. \u00a8\u00a8\u00a8\u00a8\u00a8\u00a8\u00a8\u00a8\u00a8\u00a8\u00a8\u00a8\u00a8\u00a8\u00a8\u00a8\u00a8\u00a8\u00a8\u00a8\u00a8\u00a8\u00a8\u00a8\u00a8\u00a8\u00a8\u00a8\u00a8\u00a8\u00a8\u00a8\u00a8\u00a8\u00a8\u00a8\u00a8\u00a8\u00a8\u00a8\u00a8\u00a8\u00a8\u00a8\u00a8\u00a8\u00a8\u00a8\u00a8\u00a8\u00a8\u00a8\u00a8\u00a8\u00a8\u00a8\u00a8\u00a8\u00a8\u00a8\u00a8\u00a8\u00a8\u00a8\u00a8\u00a8\u00a8\u00a8\u00a8\u00a8\u00a8\u00a8\u00a8\u00a8\u00a8\u00a8\u00a8\u00a8\u00a8\u00a8\u00a8 &nbsp; &nbsp; \u00a0 &nbsp; &nbsp; &nbsp; &nbsp; &nbsp;<\/p>\n","protected":false},"author":3,"featured_media":0,"parent":0,"menu_order":0,"comment_status":"closed","ping_status":"closed","template":"page-templates\/left-sidebar.php","meta":{"_acf_changed":false,"footnotes":""},"class_list":["post-5197","page","type-page","status-publish","hentry"],"acf":[],"_links":{"self":[{"href":"https:\/\/www.djurskyddet.se\/skelleftea\/wp-json\/wp\/v2\/pages\/5197","targetHints":{"allow":["GET"]}}],"collection":[{"href":"https:\/\/www.djurskyddet.se\/skelleftea\/wp-json\/wp\/v2\/pages"}],"about":[{"href":"https:\/\/www.djurskyddet.se\/skelleftea\/wp-json\/wp\/v2\/types\/page"}],"author":[{"embeddable":true,"href":"https:\/\/www.djurskyddet.se\/skelleftea\/wp-json\/wp\/v2\/users\/3"}],"replies":[{"embeddable":true,"href":"https:\/\/www.djurskyddet.se\/skelleftea\/wp-json\/wp\/v2\/comments?post=5197"}],"version-history":[{"count":5,"href":"https:\/\/www.djurskyddet.se\/skelleftea\/wp-json\/wp\/v2\/pages\/5197\/revisions"}],"predecessor-version":[{"id":5402,"href":"https:\/\/www.djurskyddet.se\/skelleftea\/wp-json\/wp\/v2\/pages\/5197\/revisions\/5402"}],"wp:attachment":[{"href":"https:\/\/www.djurskyddet.se\/skelleftea\/wp-json\/wp\/v2\/media?parent=5197"}],"curies":[{"name":"wp","href":"https:\/\/api.w.org\/{rel}","templated":true}]}}