{"id":5218,"date":"2017-10-29T08:16:54","date_gmt":"2017-10-29T08:16:54","guid":{"rendered":"http:\/\/www.djurskyddet.se\/skelleftea\/?page_id=5218"},"modified":"2019-11-03T13:17:26","modified_gmt":"2019-11-03T12:17:26","slug":"adoptera-ett-djur","status":"publish","type":"page","link":"https:\/\/www.djurskyddet.se\/skelleftea\/hjalp-djuren\/adoptera-ett-djur\/","title":{"rendered":"Adoptera ett djur"},"content":{"rendered":"<p>Man uppskattar att det finns omkring<strong> 100 000<\/strong> (!) heml\u00f6sa <strong>katter<\/strong> i Sverige. \u00c4ven h\u00e4r uppe i <strong>Skellefte\u00e5<\/strong> finns det m\u00e5nga \u00f6vergivna katter. Det \u00e4r dessa vi prioriterar att hj\u00e4lpa. Ibland ringer privatpersoner och vill ha hj\u00e4lp, vilka vi ofta m\u00e5ste neka f\u00f6r att kunna hj\u00e4lpa de katter som verkligen beh\u00f6ver tak \u00f6ver huvudet. Privatpersoner h\u00e4nvisas till <a href=\"http:\/\/www2.blocket.se\/ai\/form\/0\" target=\"_blank\" rel=\"noopener noreferrer\">Blocket<\/a> eller <a href=\"https:\/\/lokus.se\" target=\"_blank\" rel=\"noopener noreferrer\">Lokus<\/a> i f\u00f6rsta hand.<\/p>\n<p><em><strong>Vi har katter som passar de flesta.<\/strong><\/em> Ofta har vi inne unga och gamla katter, l\u00e5ngh\u00e5riga och korth\u00e5riga, katter som passar bra med andra katter och djur, katter som l\u00e4mpar sig b\u00e4ttre som ensamkatt, katter som b\u00f6r h\u00e5llas inne eller som m\u00e5ste ha m\u00f6jlighet till utevistelse. N\u00e4r du kontaktar oss f\u00f6rs\u00f6ker vi d\u00e4rf\u00f6r matcha en l\u00e4mplig katt med just dina \u00f6nskem\u00e5l eller f\u00f6ruts\u00e4ttningar s\u00e5 att du och katten ska trivas s\u00e5 bra som m\u00f6jligt tillsammans.<\/p>\n<p>Vi l\u00e4gger regelbundet ut djur som beh\u00f6ver nya hem h\u00e4r p\u00e5 hemsidan under rubriken &#8221;<a href=\"http:\/\/www.djurskyddet.se\/skelleftea\/adoptera-djur\/\">Djur som s\u00f6ker hem<\/a>\u201d<\/p>\n<p><strong>Vi \u00e4r alltid i behov av foderv\u00e4rdar<\/strong><strong> som kan ta hand om ett heml\u00f6st djur i v\u00e4ntan p\u00e5 att detta f\u00e5r ett permanent hem. Om Du kan t\u00e4nka Dig att st\u00e4lla upp som jourhem till ett heml\u00f6st djur s\u00e5 vill vi att Du kontaktar oss \u2013 vi beh\u00f6ver Din hj\u00e4lp! Det \u00e4r mycket bra s\u00e4tt att prova p\u00e5 om man \u00e4r l\u00e4mplig som djur\u00e4gare, s\u00e5 \u00e4r man os\u00e4ker s\u00e5 rekommenderar vi att ni b\u00f6rjar med att vara foderv\u00e4rd.<\/strong><\/p>\n<p>L\u00e4s p\u00e5 s\u00e5 mycket som m\u00f6jligt om kattsk\u00f6tsel innan du skaffar katt s\u00e5 slipper du bli \u00f6verraskad av hur mycket som kr\u00e4vs av dig. Du kan l\u00e5na b\u00f6cker om kattsk\u00f6tsel p\u00e5 biblioteket, men t\u00e4nk p\u00e5 att du l\u00e5nar en aktuell bok som har uppdaterats under det senaste \u00e5ret. Mycket information om katter och dess sk\u00f6tsel finns p\u00e5 Internet.<\/p>\n<p>Alla katter fr\u00e5n oss \u00e4r kastrerade, vaccinerade och idm\u00e4rkta med chip.<\/p>\n<p><strong>Priser<\/strong><br \/>\nVuxna katter: 1 200 kr<br \/>\nKattungar 1 200 kr<\/p>\n<p>Alla katter kostar <strong>1 200 kr oavsett f\u00e4rg, k\u00f6n eller \u00e5lder<\/strong>. \u00c4ven en misst\u00e4nkt raskatt g\u00e5r f\u00f6r samma pris. Utseendet eller bakgrunden har ingen betydelse hos oss!\u00a0<strong>Tv\u00e5 katter kostar 2 000 kr<\/strong>.<\/p>\n<p>\u00d6vriga djur tar vi pris efter vad det \u00e4r f\u00f6r art, dess \u00e5lder osv.<\/p>\n<p><a href=\"http:\/\/www.djurskyddet.se\/skelleftea\/soker-hem\/\" target=\"_self\" rel=\"noopener noreferrer\">H\u00e4r<\/a> finner ni djuren som just nu s\u00f6ker nytt hem.<\/p>\n<p>\u00c4r du intressead av att ge en av v\u00e5ra katter\/djur ett nytt hem s\u00e5 kontakta Djurskyddet Skellefte\u00e5, via mail, intresseformul\u00e4r eller\u00a0<strong>070-27 00 392<\/strong>.\u00a0Svarar ingen s\u00e5 skicka g\u00e4rna ett sms om vad saken g\u00e4ller. Vi \u00e4r en id\u00e9ell f\u00f6rening vilket betyder att vi g\u00f6r detta p\u00e5 <strong>v\u00e5r fritid<\/strong>.<\/p>\n","protected":false},"excerpt":{"rendered":"<p>Man uppskattar att det finns omkring 100 000 (!) heml\u00f6sa katter i Sverige. \u00c4ven h\u00e4r uppe i Skellefte\u00e5 finns det m\u00e5nga \u00f6vergivna katter. Det \u00e4r dessa vi prioriterar att hj\u00e4lpa. Ibland ringer privatpersoner och vill ha hj\u00e4lp, vilka vi ofta m\u00e5ste neka f\u00f6r att kunna hj\u00e4lpa de katter som verkligen beh\u00f6ver tak \u00f6ver huvudet. Privatpersoner h\u00e4nvisas till Blocket eller Lokus i f\u00f6rsta hand. Vi har katter som passar de flesta.&hellip;<\/p>\n<p><a class=\"more-link\" href=\"https:\/\/www.djurskyddet.se\/skelleftea\/hjalp-djuren\/adoptera-ett-djur\/\" title=\"Continue reading &lsquo;Adoptera ett djur&rsquo;\">L&auml;s mer<span class=\"meta-nav\">&raquo;<\/span><\/a><\/p>\n","protected":false},"author":5,"featured_media":0,"parent":2804,"menu_order":0,"comment_status":"closed","ping_status":"closed","template":"page-templates\/left-sidebar.php","meta":{"_acf_changed":false,"footnotes":""},"class_list":["post-5218","page","type-page","status-publish","hentry"],"acf":[],"_links":{"self":[{"href":"https:\/\/www.djurskyddet.se\/skelleftea\/wp-json\/wp\/v2\/pages\/5218","targetHints":{"allow":["GET"]}}],"collection":[{"href":"https:\/\/www.djurskyddet.se\/skelleftea\/wp-json\/wp\/v2\/pages"}],"about":[{"href":"https:\/\/www.djurskyddet.se\/skelleftea\/wp-json\/wp\/v2\/types\/page"}],"author":[{"embeddable":true,"href":"https:\/\/www.djurskyddet.se\/skelleftea\/wp-json\/wp\/v2\/users\/5"}],"replies":[{"embeddable":true,"href":"https:\/\/www.djurskyddet.se\/skelleftea\/wp-json\/wp\/v2\/comments?post=5218"}],"version-history":[{"count":4,"href":"https:\/\/www.djurskyddet.se\/skelleftea\/wp-json\/wp\/v2\/pages\/5218\/revisions"}],"predecessor-version":[{"id":6200,"href":"https:\/\/www.djurskyddet.se\/skelleftea\/wp-json\/wp\/v2\/pages\/5218\/revisions\/6200"}],"up":[{"embeddable":true,"href":"https:\/\/www.djurskyddet.se\/skelleftea\/wp-json\/wp\/v2\/pages\/2804"}],"wp:attachment":[{"href":"https:\/\/www.djurskyddet.se\/skelleftea\/wp-json\/wp\/v2\/media?parent=5218"}],"curies":[{"name":"wp","href":"https:\/\/api.w.org\/{rel}","templated":true}]}}