{"id":5239,"date":"2017-10-30T19:33:13","date_gmt":"2017-10-30T19:33:13","guid":{"rendered":"http:\/\/www.djurskyddet.se\/skelleftea\/?page_id=5239"},"modified":"2025-02-10T10:47:17","modified_gmt":"2025-02-10T09:47:17","slug":"solskenshistoria","status":"publish","type":"page","link":"https:\/\/www.djurskyddet.se\/skelleftea\/solskenshistoria\/","title":{"rendered":"Solskenshistorier"},"content":{"rendered":"<p>H\u00e4r kommer vi dela med oss av s\u00e5 kallade solskenshistorier.<\/p>\n<p>&#8212;<\/p>\n<p>2017<\/p>\n<p><strong><img loading=\"lazy\" decoding=\"async\" class=\"size-medium wp-image-5426 alignleft\" src=\"https:\/\/www.djurskyddet.se\/skelleftea\/wp-content\/uploads\/sites\/9\/2018\/01\/Ernst-225x300.jpg\" alt=\"\" width=\"225\" height=\"300\" srcset=\"https:\/\/www.djurskyddet.se\/skelleftea\/wp-content\/uploads\/sites\/9\/2018\/01\/Ernst-225x300.jpg 225w, https:\/\/www.djurskyddet.se\/skelleftea\/wp-content\/uploads\/sites\/9\/2018\/01\/Ernst.jpg 768w, https:\/\/www.djurskyddet.se\/skelleftea\/wp-content\/uploads\/sites\/9\/2018\/01\/Ernst-400x533.jpg 400w\" sizes=\"auto, (max-width: 225px) 100vw, 225px\" \/>Ernst<\/strong> hittade hem efter <strong>nio \u00e5r<\/strong>! Ernst kom till Djurskyddet i februari i \u00e5r och betraktades d\u00e5 som heml\u00f6s efter att paret han bott hos n\u00e5gra \u00e5r avlidit. Vi fick veta att han var kastrerad men ingen t\u00e4nkte p\u00e5 att han kunde vara chipm\u00e4rkt. Efter n\u00e5gra dagar kollades det om han hade chip och det visade sig att han var chipm\u00e4rkt och registrerad hos Svenska Kennelklubben. Dagen efter kunde \u00e4garen hittas och Ernst \u00e5terf\u00f6renas med sin f\u00f6rsta riktiga \u00e4gare som haft borta Ernst i nio \u00e5r och gett upp hoppet om att \u00e5terf\u00f6renas med sin katt igen.<\/p>\n<p>Ang\u00e5ende\u00a0att\u00a0inte chip kontrollerades direkt han kom in till Djurskyddet s\u00e5 \u00e4r anledningen den att med tanke p\u00e5 hans \u00e5lder och de uppgifter vi d\u00e5 hade om hans historia hade vi aldrig kunnat f\u00f6rest\u00e4lla oss att det skulle finnas ett chip som inte tidigare hittats, att kontrollera id-m\u00e4rkning \u00e4r annars en sj\u00e4lvklar del i v\u00e5ra rutiner.<\/p>\n<p>2015<\/p>\n<p><img loading=\"lazy\" decoding=\"async\" class=\"size-full wp-image-5427 alignleft\" src=\"https:\/\/www.djurskyddet.se\/skelleftea\/wp-content\/uploads\/sites\/9\/2018\/01\/zato.jpg\" alt=\"\" width=\"150\" height=\"150\" \/>Efter tv\u00e5 \u00e5r hittade <strong>Zato<\/strong> hem! Den 18 november 2013 lade vi ut efterlysningen p\u00e5 Zato p\u00e5 v\u00e5r hemsida. Nu i slutet av sommaren\/B\u00f6rjan av h\u00f6sten uppm\u00e4rksammade en av tjejerna en \u201d\u00f6vergiven\u201d kisse p\u00e5 stallbacken\/travet. Man plockade in honom och gissa om det var kul f\u00f6r v\u00e5r styrelseledamot att f\u00e5 \u00e5terf\u00f6rena Zato med dess \u00e4gare igen!!<\/p>\n<p><img loading=\"lazy\" decoding=\"async\" class=\"size-full wp-image-5428 alignleft\" src=\"https:\/\/www.djurskyddet.se\/skelleftea\/wp-content\/uploads\/sites\/9\/2018\/01\/linus.jpg\" alt=\"\" width=\"300\" height=\"300\" srcset=\"https:\/\/www.djurskyddet.se\/skelleftea\/wp-content\/uploads\/sites\/9\/2018\/01\/linus.jpg 300w, https:\/\/www.djurskyddet.se\/skelleftea\/wp-content\/uploads\/sites\/9\/2018\/01\/linus-150x150.jpg 150w\" sizes=\"auto, (max-width: 300px) 100vw, 300px\" \/>Vi \u00e4r s\u00e5 glad att <strong>Linus<\/strong> har f\u00e5tt ett nytt hem! Han har inte bara f\u00e5tt en andra chans utan \u00e4ven en tredje d\u00e5 hans \u00e4gare i slutet av sommaren gick bort &lt;3<\/p>\n<p>Han f\u00e5ngades in med f\u00e4lla en dag kring jul\/ny\u00e5r ute i ett sommarstugeomr\u00e5de. Det var full sn\u00f6storm. Linus var till en b\u00f6rjan skeptisk d\u00e5 han pl\u00f6tsligt en dag hoppade upp p\u00e5 s\u00e4ngen och hade best\u00e4mt sig \u2013 han ville ge m\u00e4nniskorna en andra chans!<\/p>\n<p>Vi hoppas han f\u00e5r m\u00e5nga fina \u00e5r hos sin nya \u00e4gare!<\/p>\n<p>2013<\/p>\n<p><img loading=\"lazy\" decoding=\"async\" class=\"size-full wp-image-5430 alignleft\" src=\"https:\/\/www.djurskyddet.se\/skelleftea\/wp-content\/uploads\/sites\/9\/2018\/01\/victor.jpg\" alt=\"\" width=\"150\" height=\"150\" \/>Idag fick vi gl\u00e4djande nyheter! Den f\u00e4lla som <strong>Victors<\/strong> \u00e4gare l\u00e5nat av oss hade slagit igen och Victor var inne igen! Victor \u00e4r en av de katter som betyder lite extra f\u00f6r n\u00e5gra av oss i f\u00f6reningen d\u00e5 vi var med och <img loading=\"lazy\" decoding=\"async\" class=\"size-full wp-image-5431 alignright\" src=\"https:\/\/www.djurskyddet.se\/skelleftea\/wp-content\/uploads\/sites\/9\/2018\/01\/victor1.png\" alt=\"\" width=\"150\" height=\"150\" \/>f\u00e5ngade in honom i f\u00e4lla f\u00f6r n\u00e5gra \u00e5r sedan. D\u00e5 visste vi inte hur l\u00e4nge han g\u00e5tt heml\u00f6s och han var en riktig skyggis som inte l\u00e4t sig komma n\u00e4ra, men v\u00e4l inne tog det inte s\u00e5 l\u00e5ng tid innan han mer och mer litade p\u00e5 oss m\u00e4nniskor. Han hade nog blivit kvar hos foderv\u00e4rden Jessica om hon inte blivit s\u00e5 allergisk av honom.. Ist\u00e4llet fick han flytta till en annan foderv\u00e4rd; En l\u00e4genhet med sm\u00e5 barn och en annan katt \u2013 vi var givetvis oroliga f\u00f6r hur det skulle g\u00e5. Det gick \u00f6ver f\u00f6rv\u00e4ntan!\u00a0I m\u00e5nadsskiftet juli\/augusti f\u00f6rsvann Victor och f\u00e5ngades idag 11 oktober in med f\u00e4lla!<\/p>\n","protected":false},"excerpt":{"rendered":"<p>H\u00e4r kommer vi dela med oss av s\u00e5 kallade solskenshistorier. &#8212; 2017 Ernst hittade hem efter nio \u00e5r! Ernst kom till Djurskyddet i februari i \u00e5r och betraktades d\u00e5 som heml\u00f6s efter att paret han bott hos n\u00e5gra \u00e5r avlidit. Vi fick veta att han var kastrerad men ingen t\u00e4nkte p\u00e5 att han kunde vara chipm\u00e4rkt. Efter n\u00e5gra dagar kollades det om han hade chip och det visade sig att&hellip;<\/p>\n<p><a class=\"more-link\" href=\"https:\/\/www.djurskyddet.se\/skelleftea\/solskenshistoria\/\" title=\"Continue reading &lsquo;Solskenshistorier&rsquo;\">L&auml;s mer<span class=\"meta-nav\">&raquo;<\/span><\/a><\/p>\n","protected":false},"author":5,"featured_media":0,"parent":0,"menu_order":0,"comment_status":"closed","ping_status":"closed","template":"page-templates\/left-sidebar.php","meta":{"_acf_changed":false,"footnotes":""},"class_list":["post-5239","page","type-page","status-publish","hentry"],"acf":[],"_links":{"self":[{"href":"https:\/\/www.djurskyddet.se\/skelleftea\/wp-json\/wp\/v2\/pages\/5239","targetHints":{"allow":["GET"]}}],"collection":[{"href":"https:\/\/www.djurskyddet.se\/skelleftea\/wp-json\/wp\/v2\/pages"}],"about":[{"href":"https:\/\/www.djurskyddet.se\/skelleftea\/wp-json\/wp\/v2\/types\/page"}],"author":[{"embeddable":true,"href":"https:\/\/www.djurskyddet.se\/skelleftea\/wp-json\/wp\/v2\/users\/5"}],"replies":[{"embeddable":true,"href":"https:\/\/www.djurskyddet.se\/skelleftea\/wp-json\/wp\/v2\/comments?post=5239"}],"version-history":[{"count":8,"href":"https:\/\/www.djurskyddet.se\/skelleftea\/wp-json\/wp\/v2\/pages\/5239\/revisions"}],"predecessor-version":[{"id":6608,"href":"https:\/\/www.djurskyddet.se\/skelleftea\/wp-json\/wp\/v2\/pages\/5239\/revisions\/6608"}],"wp:attachment":[{"href":"https:\/\/www.djurskyddet.se\/skelleftea\/wp-json\/wp\/v2\/media?parent=5239"}],"curies":[{"name":"wp","href":"https:\/\/api.w.org\/{rel}","templated":true}]}}