{"id":5278,"date":"2017-11-07T10:57:40","date_gmt":"2017-11-07T10:57:40","guid":{"rendered":"http:\/\/www.djurskyddet.se\/skelleftea\/?page_id=5278"},"modified":"2025-02-10T10:46:05","modified_gmt":"2025-02-10T09:46:05","slug":"efterlys-ett-djur","status":"publish","type":"page","link":"https:\/\/www.djurskyddet.se\/skelleftea\/efterlys-ett-djur\/","title":{"rendered":"Efterlys ett djur"},"content":{"rendered":"<p>Fyll i s\u00e5 m\u00e5nga uppgifter som m\u00f6jligt. R\u00e4tt mailadress m\u00e5ste finnas, annars kommer inte annonsen fram till oss. Skicka g\u00e4rna med en bild p\u00e5 djuret!<\/p>\n\n<div class=\"wpcf7 no-js\" id=\"wpcf7-f5279-o1\" lang=\"sv-SE\" dir=\"ltr\" data-wpcf7-id=\"5279\">\n<div class=\"screen-reader-response\"><p role=\"status\" aria-live=\"polite\" aria-atomic=\"true\"><\/p> <ul><\/ul><\/div>\n<form action=\"\/skelleftea\/wp-json\/wp\/v2\/pages\/5278#wpcf7-f5279-o1\" method=\"post\" class=\"wpcf7-form init\" aria-label=\"Kontaktformul\u00e4r\" enctype=\"multipart\/form-data\" novalidate=\"novalidate\" data-status=\"init\">\n<fieldset class=\"hidden-fields-container\"><input type=\"hidden\" name=\"_wpcf7\" value=\"5279\" \/><input type=\"hidden\" name=\"_wpcf7_version\" value=\"6.1\" \/><input type=\"hidden\" name=\"_wpcf7_locale\" value=\"sv_SE\" \/><input type=\"hidden\" name=\"_wpcf7_unit_tag\" value=\"wpcf7-f5279-o1\" \/><input type=\"hidden\" name=\"_wpcf7_container_post\" value=\"0\" \/><input type=\"hidden\" name=\"_wpcf7_posted_data_hash\" value=\"\" \/><input type=\"hidden\" name=\"_wpcf7_recaptcha_response\" value=\"\" \/>\n<\/fieldset>\n<div class=\"uacf7-form-wrapper-container uacf7-form-5279  \"><strong>Om djuret<\/strong>\n\n<label>Djurets namn <span class=\"wpcf7-form-control-wrap\" data-name=\"animal-name\"><input size=\"40\" maxlength=\"400\" class=\"wpcf7-form-control wpcf7-text\" aria-invalid=\"false\" value=\"\" type=\"text\" name=\"animal-name\" \/><\/span> <\/label>\n\nK\u00f6n <span class=\"wpcf7-form-control-wrap\" data-name=\"animal-gender\"><span class=\"wpcf7-form-control wpcf7-radio\"><span class=\"wpcf7-list-item first\"><label><input type=\"radio\" name=\"animal-gender\" value=\"Hona\" checked=\"checked\" \/><span class=\"wpcf7-list-item-label\">Hona<\/span><\/label><\/span><span class=\"wpcf7-list-item\"><label><input type=\"radio\" name=\"animal-gender\" value=\"Hane\" \/><span class=\"wpcf7-list-item-label\">Hane<\/span><\/label><\/span><span class=\"wpcf7-list-item last\"><label><input type=\"radio\" name=\"animal-gender\" value=\"Vet inte\" \/><span class=\"wpcf7-list-item-label\">Vet inte<\/span><\/label><\/span><\/span><\/span>\n\n<label>\u00c5lder <span class=\"wpcf7-form-control-wrap\" data-name=\"animal-age\"><input class=\"wpcf7-form-control wpcf7-number wpcf7-validates-as-number\" aria-invalid=\"false\" value=\"\" type=\"number\" name=\"animal-age\" \/><\/span> <\/label>\n\n\u00c4r katten kastrerad <span class=\"wpcf7-form-control-wrap\" data-name=\"animal-castrated\"><span class=\"wpcf7-form-control wpcf7-radio\"><span class=\"wpcf7-list-item first\"><label><input type=\"radio\" name=\"animal-castrated\" value=\"Ja\" checked=\"checked\" \/><span class=\"wpcf7-list-item-label\">Ja<\/span><\/label><\/span><span class=\"wpcf7-list-item\"><label><input type=\"radio\" name=\"animal-castrated\" value=\"Nej\" \/><span class=\"wpcf7-list-item-label\">Nej<\/span><\/label><\/span><span class=\"wpcf7-list-item last\"><label><input type=\"radio\" name=\"animal-castrated\" value=\"Vet inte\" \/><span class=\"wpcf7-list-item-label\">Vet inte<\/span><\/label><\/span><\/span><\/span>\n\n<label>ID-m\u00e4rkning, OBS! ange inte nummer utan endast om den \u00e4r id-m\u00e4rkt med chip eller tatuering <span class=\"wpcf7-form-control-wrap\" data-name=\"animal-id\"><input class=\"wpcf7-form-control wpcf7-number wpcf7-validates-as-number\" aria-invalid=\"false\" value=\"\" type=\"number\" name=\"animal-id\" \/><\/span> <\/label>\n\n<label>F\u00e4rg <span class=\"wpcf7-form-control-wrap\" data-name=\"animal-colour\"><input size=\"40\" maxlength=\"400\" class=\"wpcf7-form-control wpcf7-text\" aria-invalid=\"false\" value=\"\" type=\"text\" name=\"animal-colour\" \/><\/span> <\/label>\n\n<label>F\u00e4rg p\u00e5 tassar <span class=\"wpcf7-form-control-wrap\" data-name=\"animal-colour-paws\"><input size=\"40\" maxlength=\"400\" class=\"wpcf7-form-control wpcf7-text\" aria-invalid=\"false\" value=\"\" type=\"text\" name=\"animal-colour-paws\" \/><\/span> <\/label>\n\n<label>F\u00e4rg p\u00e5 \u00f6gon <span class=\"wpcf7-form-control-wrap\" data-name=\"animal-colour-eyes\"><input size=\"40\" maxlength=\"400\" class=\"wpcf7-form-control wpcf7-text\" aria-invalid=\"false\" value=\"\" type=\"text\" name=\"animal-colour-eyes\" \/><\/span> <\/label>\n\n<label>S\u00e4rskilda k\u00e4nnetecken <span class=\"wpcf7-form-control-wrap\" data-name=\"animal-characteristics\"><input size=\"40\" maxlength=\"400\" class=\"wpcf7-form-control wpcf7-text\" aria-invalid=\"false\" value=\"\" type=\"text\" name=\"animal-characteristics\" \/><\/span> <\/label>\n\n<label>F\u00f6rsvann fr\u00e5n <span class=\"wpcf7-form-control-wrap\" data-name=\"disappeared-where\"><input size=\"40\" maxlength=\"400\" class=\"wpcf7-form-control wpcf7-text\" aria-invalid=\"false\" value=\"\" type=\"text\" name=\"disappeared-where\" \/><\/span> <\/label>\n\n<label>Datum <span class=\"wpcf7-form-control-wrap\" data-name=\"disappeared-when\"><input size=\"40\" maxlength=\"400\" class=\"wpcf7-form-control wpcf7-text\" aria-invalid=\"false\" value=\"\" type=\"text\" name=\"disappeared-when\" \/><\/span> <\/label>\n\n<label>\u00d6vrig info <span class=\"wpcf7-form-control-wrap\" data-name=\"info\"><textarea cols=\"40\" rows=\"10\" maxlength=\"2000\" class=\"wpcf7-form-control wpcf7-textarea\" aria-invalid=\"false\" name=\"info\"><\/textarea><\/span> <\/label>\n\nLadda upp bild <span class=\"wpcf7-form-control-wrap\" data-name=\"animal-pic\"><input size=\"40\" class=\"wpcf7-form-control wpcf7-file\" accept=\".jpg,.jpeg,.png\" aria-invalid=\"false\" type=\"file\" name=\"animal-pic\" \/><\/span>\n\n\n<br \/><br \/>\n\n<strong>Din kontaktinformation<\/strong>\n<h6>* obligatoriskt<\/h6>\n\n<label>Namn* <span class=\"wpcf7-form-control-wrap\" data-name=\"your-name\"><input size=\"40\" maxlength=\"400\" class=\"wpcf7-form-control wpcf7-text wpcf7-validates-as-required\" aria-required=\"true\" aria-invalid=\"false\" value=\"\" type=\"text\" name=\"your-name\" \/><\/span> <\/label>\n\n<label>Telefonnummer <span class=\"wpcf7-form-control-wrap\" data-name=\"your-number\"><input size=\"40\" maxlength=\"400\" class=\"wpcf7-form-control wpcf7-text\" aria-invalid=\"false\" value=\"\" type=\"text\" name=\"your-number\" \/><\/span> <\/label>\n\n<label>Din epostadress* <span class=\"wpcf7-form-control-wrap\" data-name=\"your-email\"><input size=\"40\" maxlength=\"400\" class=\"wpcf7-form-control wpcf7-email wpcf7-validates-as-required wpcf7-text wpcf7-validates-as-email\" aria-required=\"true\" aria-invalid=\"false\" value=\"\" type=\"email\" name=\"your-email\" \/><\/span> <\/label>\n\n<input class=\"wpcf7-form-control wpcf7-submit has-spinner\" type=\"submit\" value=\"Skicka efterlysning\" \/><\/div><div class=\"wpcf7-response-output\" aria-hidden=\"true\"><\/div>\n<\/form>\n<\/div>\n\n","protected":false},"excerpt":{"rendered":"<p>Fyll i s\u00e5 m\u00e5nga uppgifter som m\u00f6jligt. R\u00e4tt mailadress m\u00e5ste finnas, annars kommer inte annonsen fram till oss. Skicka g\u00e4rna med en bild p\u00e5 djuret!<\/p>\n","protected":false},"author":3,"featured_media":0,"parent":0,"menu_order":0,"comment_status":"closed","ping_status":"closed","template":"page-templates\/left-sidebar.php","meta":{"_acf_changed":false,"footnotes":""},"class_list":["post-5278","page","type-page","status-publish","hentry"],"acf":[],"_links":{"self":[{"href":"https:\/\/www.djurskyddet.se\/skelleftea\/wp-json\/wp\/v2\/pages\/5278","targetHints":{"allow":["GET"]}}],"collection":[{"href":"https:\/\/www.djurskyddet.se\/skelleftea\/wp-json\/wp\/v2\/pages"}],"about":[{"href":"https:\/\/www.djurskyddet.se\/skelleftea\/wp-json\/wp\/v2\/types\/page"}],"author":[{"embeddable":true,"href":"https:\/\/www.djurskyddet.se\/skelleftea\/wp-json\/wp\/v2\/users\/3"}],"replies":[{"embeddable":true,"href":"https:\/\/www.djurskyddet.se\/skelleftea\/wp-json\/wp\/v2\/comments?post=5278"}],"version-history":[{"count":3,"href":"https:\/\/www.djurskyddet.se\/skelleftea\/wp-json\/wp\/v2\/pages\/5278\/revisions"}],"predecessor-version":[{"id":5335,"href":"https:\/\/www.djurskyddet.se\/skelleftea\/wp-json\/wp\/v2\/pages\/5278\/revisions\/5335"}],"wp:attachment":[{"href":"https:\/\/www.djurskyddet.se\/skelleftea\/wp-json\/wp\/v2\/media?parent=5278"}],"curies":[{"name":"wp","href":"https:\/\/api.w.org\/{rel}","templated":true}]}}