{"id":5583,"date":"2021-11-16T16:13:57","date_gmt":"2021-11-16T16:13:57","guid":{"rendered":"https:\/\/www.djurskyddet.se\/stockholmnorrort\/?page_id=5583"},"modified":"2024-08-12T17:53:46","modified_gmt":"2024-08-12T17:53:46","slug":"om-oss","status":"publish","type":"page","link":"https:\/\/www.djurskyddet.se\/stockholmnorrort\/om-oss\/","title":{"rendered":"Om oss"},"content":{"rendered":"\n<p><strong>Djurskyddet Stocholm Norrort bildades 2021 och \u00e4r en ideell lokalf\u00f6rening kopplad till riksf\u00f6rbundet <a href=\"https:\/\/www.djurskyddet.se\/\" target=\"_blank\" rel=\"noreferrer noopener\">Djurskyddet Sverige<\/a>. <\/strong><br><br>V\u00e5rt arbete baserar sig fr\u00e4mst i de n\u00e4rmsta kommunerna norr om Stockholm, med bas i Vallentuna. M\u00e5let med f\u00f6reningen \u00e4r att skapa en rolig gemenskap bland v\u00e5ra medlemmar med djurr\u00e4ttsfr\u00e5gor som gemensam n\u00e4mnare. Vi vill \u00e4ven sprida kunskap och medvetenhet kring djurens r\u00e4tt till v\u00e5ra icke-medlemmar runtom i Stockholm Norrort.<\/p>\n\n\n\n<figure class=\"wp-block-image size-full\"><img loading=\"lazy\" decoding=\"async\" width=\"1024\" height=\"724\" src=\"https:\/\/www.djurskyddet.se\/stockholmnorrort\/wp-content\/uploads\/sites\/50\/2022\/02\/Vision-syfte-1-1.png\" alt=\"\" class=\"wp-image-5609\" srcset=\"https:\/\/www.djurskyddet.se\/stockholmnorrort\/wp-content\/uploads\/sites\/50\/2022\/02\/Vision-syfte-1-1.png 1024w, https:\/\/www.djurskyddet.se\/stockholmnorrort\/wp-content\/uploads\/sites\/50\/2022\/02\/Vision-syfte-1-1-300x212.png 300w, https:\/\/www.djurskyddet.se\/stockholmnorrort\/wp-content\/uploads\/sites\/50\/2022\/02\/Vision-syfte-1-1-768x543.png 768w, https:\/\/www.djurskyddet.se\/stockholmnorrort\/wp-content\/uploads\/sites\/50\/2022\/02\/Vision-syfte-1-1-400x283.png 400w\" sizes=\"auto, (max-width: 1024px) 100vw, 1024px\" \/><\/figure>\n\n\n\n<div class=\"wp-block-buttons is-content-justification-center is-layout-flex wp-container-core-buttons-is-layout-1 wp-block-buttons-is-layout-flex\"><\/div>\n\n\n\n<div style=\"height:60px\" aria-hidden=\"true\" class=\"wp-block-spacer\"><\/div>\n\n\n\n<h1 class=\"wp-block-heading\" id=\"styrelsen\">Styrelsen<\/h1>\n\n\n\n<div style=\"height:60px\" aria-hidden=\"true\" class=\"wp-block-spacer\"><\/div>\n\n\n\n<div class=\"wp-block-columns is-layout-flex wp-container-core-columns-is-layout-1 wp-block-columns-is-layout-flex\">\n<div class=\"wp-block-column is-layout-flow wp-block-column-is-layout-flow\" style=\"flex-basis:33.33%\">\n<p class=\"has-text-align-right\"><strong>Ordf\u00f6rande<\/strong><br>Linn\u00e9a Stjernberg<\/p>\n\n\n<div class=\"wp-block-image\">\n<figure class=\"alignright size-thumbnail\"><img loading=\"lazy\" decoding=\"async\" width=\"150\" height=\"150\" src=\"https:\/\/www.djurskyddet.se\/stockholmnorrort\/wp-content\/uploads\/sites\/50\/2022\/03\/DSC_0116-150x150.jpg\" alt=\"\" class=\"wp-image-5816\" srcset=\"https:\/\/www.djurskyddet.se\/stockholmnorrort\/wp-content\/uploads\/sites\/50\/2022\/03\/DSC_0116-150x150.jpg 150w, https:\/\/www.djurskyddet.se\/stockholmnorrort\/wp-content\/uploads\/sites\/50\/2022\/03\/DSC_0116-300x300.jpg 300w\" sizes=\"auto, (max-width: 150px) 100vw, 150px\" \/><figcaption class=\"wp-element-caption\">Foto: Emelie Silv\u00e9n<\/figcaption><\/figure><\/div><\/div>\n\n\n\n<div class=\"wp-block-column is-layout-flow wp-block-column-is-layout-flow\" style=\"flex-basis:66.66%\">\n<p>Mitt liv har alltid kretsat kring djur och natur, allt fr\u00e5n att v\u00e4xa upp med hamster, hund, fiskar, orm och hoppande b\u00f6nor till att g\u00e5 ut i skogen och identifiera f\u00e5gelkvitter eller bara sitta i tr\u00e4dg\u00e5rden och spana efter humlor. Efter att ha adopterat min hund Lana sommaren 2020 och beh\u00f6vt se alla heml\u00f6sa hundar och katter och andra djur som beh\u00f6ver ett hem, t\u00e4ndes l\u00e5gan att starta upp en ny lokalf\u00f6rening inom djurskyddet.<\/p>\n\n\n\n<p>Mycket av mina tankar kretsar kring hur vi kan skapa ett system som b\u00e4ttre h\u00e5ller koll p\u00e5 alla djur som f\u00f6ds upp, s\u00e4ljs och \u00e4gs i Sverige f\u00f6r att eliminera risken att k\u00f6pa smugglade djur samt att om\u00f6jligg\u00f6ra att folk ska kunna \u00f6verge sina djur. Om detta och mycket mer jobbar vi med i v\u00e5r f\u00f6rening, och vi \u00e4r noga med att g\u00f6ra det p\u00e5 ett k\u00e4rleksfullt s\u00e4tt! Varmt v\u00e4lkomna att g\u00e5 med i v\u00e5r f\u00f6rening!<img loading=\"lazy\" decoding=\"async\" height=\"16\" width=\"16\" src=\"https:\/\/static.xx.fbcdn.net\/images\/emoji.php\/v9\/t94\/1\/16\/1f49a.png\" alt=\"?\"><\/p>\n<\/div>\n<\/div>\n\n\n\n<div style=\"height:40px\" aria-hidden=\"true\" class=\"wp-block-spacer\"><\/div>\n\n\n\n<div class=\"wp-block-columns is-layout-flex wp-container-core-columns-is-layout-2 wp-block-columns-is-layout-flex\">\n<div class=\"wp-block-column is-layout-flow wp-block-column-is-layout-flow\" style=\"flex-basis:33.33%\">\n<p class=\"has-text-align-right\"><strong>Vice ordf\u00f6rande<\/strong><br>Olivia Brandberg<\/p>\n\n\n<div class=\"wp-block-image is-style-default\">\n<figure class=\"alignright size-thumbnail is-resized\"><img loading=\"lazy\" decoding=\"async\" width=\"540\" height=\"540\" src=\"https:\/\/www.djurskyddet.se\/stockholmnorrort\/wp-content\/uploads\/sites\/50\/2024\/08\/IMG_4967-edited-1.jpeg\" alt=\"\" class=\"wp-image-5986\" style=\"width:150px;height:auto\" srcset=\"https:\/\/www.djurskyddet.se\/stockholmnorrort\/wp-content\/uploads\/sites\/50\/2024\/08\/IMG_4967-edited-1.jpeg 540w, https:\/\/www.djurskyddet.se\/stockholmnorrort\/wp-content\/uploads\/sites\/50\/2024\/08\/IMG_4967-edited-1-300x300.jpeg 300w, https:\/\/www.djurskyddet.se\/stockholmnorrort\/wp-content\/uploads\/sites\/50\/2024\/08\/IMG_4967-edited-1-150x150.jpeg 150w, https:\/\/www.djurskyddet.se\/stockholmnorrort\/wp-content\/uploads\/sites\/50\/2024\/08\/IMG_4967-edited-1-400x400.jpeg 400w\" sizes=\"auto, (max-width: 540px) 100vw, 540px\" \/><\/figure><\/div><\/div>\n\n\n\n<div class=\"wp-block-column is-layout-flow wp-block-column-is-layout-flow\" style=\"flex-basis:66.66%\">\n<p>Att jag v\u00e4xte upp i en djur- och naturintresserad familj lade antagligen grunden till att jag idag pluggar djur p\u00e5 universitet, f\u00f6r att sedan ha m\u00f6jlighet att jobba med djurskydd och djurr\u00e4tt. Just nu har jag b\u00e5de h\u00e4st och hund och att bidra till f\u00f6r\u00e4ndring och diskussion kring hur vi h\u00e5ller v\u00e5ra husdjur och g\u00f6r deras liv s\u00e5 bra som m\u00f6jligt k\u00e4nns b\u00e5de viktigt och givande. Och att vara med i Djurskyddet Norrort och f\u00e5 tr\u00e4ffa andra m\u00e4nniskor med liknande tankar eller f\u00e5 inspirera fler att t\u00e4nka mer p\u00e5 sin djurh\u00e5llning \u00e4r ett j\u00e4tteroligt s\u00e4tt att g\u00f6ra det!<\/p>\n<\/div>\n<\/div>\n\n\n\n<div class=\"wp-block-columns is-layout-flex wp-container-core-columns-is-layout-3 wp-block-columns-is-layout-flex\">\n<div class=\"wp-block-column is-layout-flow wp-block-column-is-layout-flow\" style=\"flex-basis:33.33%\">\n<p class=\"has-text-align-right\"><strong>Kass\u00f6r<br><\/strong>Viola Stjernberg<\/p>\n\n\n<div class=\"wp-block-image\">\n<figure class=\"alignright size-thumbnail\"><img loading=\"lazy\" decoding=\"async\" width=\"150\" height=\"150\" src=\"https:\/\/www.djurskyddet.se\/stockholmnorrort\/wp-content\/uploads\/sites\/50\/2022\/03\/DSC_0089_1-150x150.jpg\" alt=\"\" class=\"wp-image-5817\" srcset=\"https:\/\/www.djurskyddet.se\/stockholmnorrort\/wp-content\/uploads\/sites\/50\/2022\/03\/DSC_0089_1-150x150.jpg 150w, https:\/\/www.djurskyddet.se\/stockholmnorrort\/wp-content\/uploads\/sites\/50\/2022\/03\/DSC_0089_1-300x300.jpg 300w\" sizes=\"auto, (max-width: 150px) 100vw, 150px\" \/><figcaption class=\"wp-element-caption\">Foto: Emelie Silv\u00e9n<\/figcaption><\/figure><\/div><\/div>\n\n\n\n<div class=\"wp-block-column is-layout-flow wp-block-column-is-layout-flow\" style=\"flex-basis:66.66%\">\n<div class=\"wp-block-group is-vertical is-layout-flex wp-container-core-group-is-layout-1 wp-block-group-is-layout-flex\">\n<p>Djur har alltid haft en speciell plats i mitt hj\u00e4rta och det k\u00e4nns givet att arbeta f\u00f6r deras v\u00e4lf\u00e4rd. Sj\u00e4lv \u00e4r jag jourhem \u00e5t tv\u00e5 katter f\u00f6r tillf\u00e4llet och f\u00f6ljer deras fina utveckling, fr\u00e5n skygga varelser till mysiga husdjur. Jag hoppas kunna bevittna fler solskenshistorier genom mitt arbete i f\u00f6reningen. <\/p>\n\n\n\n<p>Djurskyddet Stockholm Norrort vill fr\u00e4mst alstra gl\u00e4dje bland v\u00e5ra medlemmar och skapa en gemenskap d\u00e4r vi tillsammans hj\u00e4lps \u00e5t att sprida kunskap om djurens liv. Vill du vara en del av det? Bli medlem och st\u00f6tta det arbete vi g\u00f6r f\u00f6r djuren!<\/p>\n\n\n\n<p>Tillsammans kan vi g\u00f6ra skillnad!<\/p>\n<\/div>\n<\/div>\n<\/div>\n\n\n\n<div class=\"wp-block-columns is-layout-flex wp-container-core-columns-is-layout-4 wp-block-columns-is-layout-flex\">\n<div class=\"wp-block-column is-layout-flow wp-block-column-is-layout-flow\" style=\"flex-basis:33.33%\">\n<p class=\"has-text-align-right\"><strong>Aoordf\u00f6rande<br><\/strong>Lana Stjernberg<\/p>\n\n\n<div class=\"wp-block-image\">\n<figure class=\"alignright size-thumbnail is-resized\"><img loading=\"lazy\" decoding=\"async\" width=\"549\" height=\"549\" src=\"https:\/\/www.djurskyddet.se\/stockholmnorrort\/wp-content\/uploads\/sites\/50\/2024\/08\/received_1014531400259064-edited-1.jpeg\" alt=\"\" class=\"wp-image-5985\" style=\"width:157px;height:auto\" srcset=\"https:\/\/www.djurskyddet.se\/stockholmnorrort\/wp-content\/uploads\/sites\/50\/2024\/08\/received_1014531400259064-edited-1.jpeg 549w, https:\/\/www.djurskyddet.se\/stockholmnorrort\/wp-content\/uploads\/sites\/50\/2024\/08\/received_1014531400259064-edited-1-300x300.jpeg 300w, https:\/\/www.djurskyddet.se\/stockholmnorrort\/wp-content\/uploads\/sites\/50\/2024\/08\/received_1014531400259064-edited-1-150x150.jpeg 150w, https:\/\/www.djurskyddet.se\/stockholmnorrort\/wp-content\/uploads\/sites\/50\/2024\/08\/received_1014531400259064-edited-1-400x400.jpeg 400w\" sizes=\"auto, (max-width: 549px) 100vw, 549px\" \/><\/figure><\/div><\/div>\n\n\n\n<div class=\"wp-block-column is-layout-flow wp-block-column-is-layout-flow\" style=\"flex-basis:66.66%\"><\/div>\n<\/div>\n","protected":false},"excerpt":{"rendered":"<p>Djurskyddet Stocholm Norrort bildades 2021 och \u00e4r en ideell lokalf\u00f6rening kopplad till riksf\u00f6rbundet Djurskyddet Sverige. V\u00e5rt arbete baserar sig fr\u00e4mst i de n\u00e4rmsta kommunerna norr om Stockholm, med bas i Vallentuna. M\u00e5let med f\u00f6reningen \u00e4r att skapa en rolig gemenskap bland v\u00e5ra medlemmar med djurr\u00e4ttsfr\u00e5gor som gemensam n\u00e4mnare. Vi vill \u00e4ven sprida kunskap och medvetenhet kring djurens r\u00e4tt till v\u00e5ra icke-medlemmar runtom i Stockholm Norrort. Styrelsen Ordf\u00f6randeLinn\u00e9a Stjernberg Mitt liv&hellip;<\/p>\n<p><a class=\"more-link\" href=\"https:\/\/www.djurskyddet.se\/stockholmnorrort\/om-oss\/\" title=\"Continue reading &lsquo;Om oss&rsquo;\">L&auml;s mer<span class=\"meta-nav\">&raquo;<\/span><\/a><\/p>\n","protected":false},"author":37,"featured_media":0,"parent":0,"menu_order":0,"comment_status":"closed","ping_status":"closed","template":"page-templates\/full-width.php","meta":{"_acf_changed":false,"footnotes":""},"class_list":["post-5583","page","type-page","status-publish","hentry"],"acf":[],"_links":{"self":[{"href":"https:\/\/www.djurskyddet.se\/stockholmnorrort\/wp-json\/wp\/v2\/pages\/5583","targetHints":{"allow":["GET"]}}],"collection":[{"href":"https:\/\/www.djurskyddet.se\/stockholmnorrort\/wp-json\/wp\/v2\/pages"}],"about":[{"href":"https:\/\/www.djurskyddet.se\/stockholmnorrort\/wp-json\/wp\/v2\/types\/page"}],"author":[{"embeddable":true,"href":"https:\/\/www.djurskyddet.se\/stockholmnorrort\/wp-json\/wp\/v2\/users\/37"}],"replies":[{"embeddable":true,"href":"https:\/\/www.djurskyddet.se\/stockholmnorrort\/wp-json\/wp\/v2\/comments?post=5583"}],"version-history":[{"count":16,"href":"https:\/\/www.djurskyddet.se\/stockholmnorrort\/wp-json\/wp\/v2\/pages\/5583\/revisions"}],"predecessor-version":[{"id":5987,"href":"https:\/\/www.djurskyddet.se\/stockholmnorrort\/wp-json\/wp\/v2\/pages\/5583\/revisions\/5987"}],"wp:attachment":[{"href":"https:\/\/www.djurskyddet.se\/stockholmnorrort\/wp-json\/wp\/v2\/media?parent=5583"}],"curies":[{"name":"wp","href":"https:\/\/api.w.org\/{rel}","templated":true}]}}