{"id":5585,"date":"2021-11-16T16:14:18","date_gmt":"2021-11-16T16:14:18","guid":{"rendered":"https:\/\/www.djurskyddet.se\/stockholmnorrort\/?page_id=5585"},"modified":"2022-06-20T08:10:03","modified_gmt":"2022-06-20T08:10:03","slug":"stod-oss","status":"publish","type":"page","link":"https:\/\/www.djurskyddet.se\/stockholmnorrort\/stod-oss\/","title":{"rendered":"St\u00f6d oss"},"content":{"rendered":"\n<p>V\u00e5r organisation drivs p\u00e5 medlemsavgifter, g\u00e5vor och insamlingar. Vill du st\u00f6tta v\u00e5r f\u00f6rening? Skicka en g\u00e5va till oss f\u00f6r att vara med att sprida kunskap och hj\u00e4lpa djur i on\u00e5d. Du kan g\u00f6ra skillnad!<\/p>\n\n\n\n<h3 class=\"wp-block-heading\" id=\"ge-en-gava\"><strong>Ge en g\u00e5va<\/strong><\/h3>\n\n\n\n<p>Du kan ge en g\u00e5va genom Swish eller en bank\u00f6verf\u00f6ring. <strong>Skriv ordet &#8221;g\u00e5va&#8221; i meddelandet<\/strong> f\u00f6r att underl\u00e4tta v\u00e5rt administrativa arbete. Stort tack!<\/p>\n\n\n\n<div class=\"wp-block-columns is-layout-flex wp-container-core-columns-is-layout-1 wp-block-columns-is-layout-flex\">\n<div class=\"wp-block-column is-layout-flow wp-block-column-is-layout-flow\" style=\"flex-basis:33.33%\">\n<p><strong>Kontonummer: 5352-33 155 81<\/strong><\/p>\n\n\n\n<p><strong>Swishnummer: 123 487 36 59<\/strong><em> (eller skanna QR-koden)<\/em><\/p>\n<\/div>\n\n\n\n<div class=\"wp-block-column is-layout-flow wp-block-column-is-layout-flow\" style=\"flex-basis:66.66%\">\n<div class=\"wp-block-image\"><figure class=\"alignleft size-full is-resized\"><img loading=\"lazy\" decoding=\"async\" src=\"https:\/\/www.djurskyddet.se\/stockholmnorrort\/wp-content\/uploads\/sites\/50\/2022\/06\/DSN-Ga\u030ava.png\" alt=\"\" class=\"wp-image-5843\" width=\"328\" height=\"371\" srcset=\"https:\/\/www.djurskyddet.se\/stockholmnorrort\/wp-content\/uploads\/sites\/50\/2022\/06\/DSN-Ga\u030ava.png 904w, https:\/\/www.djurskyddet.se\/stockholmnorrort\/wp-content\/uploads\/sites\/50\/2022\/06\/DSN-Ga\u030ava-265x300.png 265w, https:\/\/www.djurskyddet.se\/stockholmnorrort\/wp-content\/uploads\/sites\/50\/2022\/06\/DSN-Ga\u030ava-768x870.png 768w, https:\/\/www.djurskyddet.se\/stockholmnorrort\/wp-content\/uploads\/sites\/50\/2022\/06\/DSN-Ga\u030ava-400x453.png 400w\" sizes=\"auto, (max-width: 328px) 100vw, 328px\" \/><\/figure><\/div>\n<\/div>\n<\/div>\n\n\n\n<div style=\"height:5px\" aria-hidden=\"true\" class=\"wp-block-spacer\"><\/div>\n","protected":false},"excerpt":{"rendered":"<p>V\u00e5r organisation drivs p\u00e5 medlemsavgifter, g\u00e5vor och insamlingar. Vill du st\u00f6tta v\u00e5r f\u00f6rening? Skicka en g\u00e5va till oss f\u00f6r att vara med att sprida kunskap och hj\u00e4lpa djur i on\u00e5d. Du kan g\u00f6ra skillnad! Ge en g\u00e5va Du kan ge en g\u00e5va genom Swish eller en bank\u00f6verf\u00f6ring. Skriv ordet &#8221;g\u00e5va&#8221; i meddelandet f\u00f6r att underl\u00e4tta v\u00e5rt administrativa arbete. Stort tack! Kontonummer: 5352-33 155 81 Swishnummer: 123 487 36 59 (eller&hellip;<\/p>\n<p><a class=\"more-link\" href=\"https:\/\/www.djurskyddet.se\/stockholmnorrort\/stod-oss\/\" title=\"Continue reading &lsquo;St\u00f6d oss&rsquo;\">L&auml;s mer<span class=\"meta-nav\">&raquo;<\/span><\/a><\/p>\n","protected":false},"author":37,"featured_media":0,"parent":0,"menu_order":0,"comment_status":"closed","ping_status":"closed","template":"page-templates\/full-width.php","meta":{"_acf_changed":false,"footnotes":""},"class_list":["post-5585","page","type-page","status-publish","hentry"],"acf":[],"_links":{"self":[{"href":"https:\/\/www.djurskyddet.se\/stockholmnorrort\/wp-json\/wp\/v2\/pages\/5585","targetHints":{"allow":["GET"]}}],"collection":[{"href":"https:\/\/www.djurskyddet.se\/stockholmnorrort\/wp-json\/wp\/v2\/pages"}],"about":[{"href":"https:\/\/www.djurskyddet.se\/stockholmnorrort\/wp-json\/wp\/v2\/types\/page"}],"author":[{"embeddable":true,"href":"https:\/\/www.djurskyddet.se\/stockholmnorrort\/wp-json\/wp\/v2\/users\/37"}],"replies":[{"embeddable":true,"href":"https:\/\/www.djurskyddet.se\/stockholmnorrort\/wp-json\/wp\/v2\/comments?post=5585"}],"version-history":[{"count":5,"href":"https:\/\/www.djurskyddet.se\/stockholmnorrort\/wp-json\/wp\/v2\/pages\/5585\/revisions"}],"predecessor-version":[{"id":5844,"href":"https:\/\/www.djurskyddet.se\/stockholmnorrort\/wp-json\/wp\/v2\/pages\/5585\/revisions\/5844"}],"wp:attachment":[{"href":"https:\/\/www.djurskyddet.se\/stockholmnorrort\/wp-json\/wp\/v2\/media?parent=5585"}],"curies":[{"name":"wp","href":"https:\/\/api.w.org\/{rel}","templated":true}]}}