{"id":5587,"date":"2021-11-16T16:14:43","date_gmt":"2021-11-16T16:14:43","guid":{"rendered":"https:\/\/www.djurskyddet.se\/stockholmnorrort\/?page_id=5587"},"modified":"2025-10-01T09:30:36","modified_gmt":"2025-10-01T09:30:36","slug":"bli-medlem","status":"publish","type":"page","link":"https:\/\/www.djurskyddet.se\/stockholmnorrort\/bli-medlem\/","title":{"rendered":"Bli medlem"},"content":{"rendered":"\n<p><\/p>\n\n\n\n<p>Bara genom att bli medlem hj\u00e4lper du oss att g\u00f6ra skillnad. Ju fler vi \u00e4r tillsammans desto st\u00f6rre p\u00e5verkan kan vi \u00e5stadkomma! Som medlem hos Djurskyddet Stockholm Norrort f\u00e5r du dessutom ta del av de roliga roliga event vi anordnar under \u00e5rets g\u00e5ng, enklare f\u00f6lja v\u00e5ra nyhetsuppdateringar och aktivt st\u00f6dja v\u00e5rt arbete f\u00f6r djuren.<\/p>\n\n\n\n<p>\u00c5rsavgiften f\u00f6r ett ordinarie medlemskap \u00e4r 240 kr\/\u00e5r. Du som \u00e4r under 30 \u00e5r kan dessutom bli medlem gratis i ungdomsf\u00f6rbundet\u00a0<a href=\"https:\/\/www.djurskyddet.se\/medlem-ungdom\/\" target=\"_blank\" rel=\"noreferrer noopener\">Djurskyddet Ungdom<\/a>. Som medlem i Djurskyddet Stockholm Norrort \u00e4r du ocks\u00e5 medlem i riksf\u00f6rbundet Djurskyddet Sverige och f\u00e5r Tidningen Djurskyddet fyra g\u00e5nger per \u00e5r, b\u00e5de i brevl\u00e5dan och i appen TD. Ladda ner den d\u00e4r appar finns! Dessutom kan du l\u00e4sa intressanta djurskyddsnyheter p\u00e5 <a href=\"https:\/\/tidningen.djurskyddet.se\/\"><strong>webbtidningen<\/strong> <\/a>och kan ta del av ett antal\u202ffina <strong><a href=\"https:\/\/www.djurskyddet.se\/stod-oss\/bli-medlem\/medlemsformaner\/\">medlemsf\u00f6rm\u00e5ner<\/a><\/strong>, s\u00e5som rabatt hos olika n\u00e4tbutiker.\u00a0<\/p>\n\n\n\n<p>Registrera dig som medlem p\u00e5\u202fDjurskyddet Sveriges hemsida. Se till att v\u00e4lja Djurskyddet Stockholm Norrort som din lokalf\u00f6rening.\u00a0<\/p>\n\n\n\n<div class=\"wp-block-buttons is-layout-flex wp-block-buttons-is-layout-flex\">\n<div class=\"wp-block-button has-custom-font-size has-small-font-size\"><a class=\"wp-block-button__link has-white-color has-text-color has-background has-link-color wp-element-button\" href=\"https:\/\/donation.djurskyddet.se\/s\/medlem\" style=\"background-color:#00a64a\">Bli medlem h\u00e4r<\/a><\/div>\n<\/div>\n\n\n\n<p><\/p>\n\n\n\n<p><\/p>\n","protected":false},"excerpt":{"rendered":"<p>Bara genom att bli medlem hj\u00e4lper du oss att g\u00f6ra skillnad. Ju fler vi \u00e4r tillsammans desto st\u00f6rre p\u00e5verkan kan vi \u00e5stadkomma! Som medlem hos Djurskyddet Stockholm Norrort f\u00e5r du dessutom ta del av de roliga roliga event vi anordnar under \u00e5rets g\u00e5ng, enklare f\u00f6lja v\u00e5ra nyhetsuppdateringar och aktivt st\u00f6dja v\u00e5rt arbete f\u00f6r djuren. \u00c5rsavgiften f\u00f6r ett ordinarie medlemskap \u00e4r 240 kr\/\u00e5r. Du som \u00e4r under 30 \u00e5r kan dessutom&hellip;<\/p>\n<p><a class=\"more-link\" href=\"https:\/\/www.djurskyddet.se\/stockholmnorrort\/bli-medlem\/\" title=\"Continue reading &lsquo;Bli medlem&rsquo;\">L&auml;s mer<span class=\"meta-nav\">&raquo;<\/span><\/a><\/p>\n","protected":false},"author":37,"featured_media":0,"parent":0,"menu_order":0,"comment_status":"closed","ping_status":"closed","template":"page-templates\/full-width.php","meta":{"_acf_changed":false,"footnotes":""},"class_list":["post-5587","page","type-page","status-publish","hentry"],"acf":[],"_links":{"self":[{"href":"https:\/\/www.djurskyddet.se\/stockholmnorrort\/wp-json\/wp\/v2\/pages\/5587","targetHints":{"allow":["GET"]}}],"collection":[{"href":"https:\/\/www.djurskyddet.se\/stockholmnorrort\/wp-json\/wp\/v2\/pages"}],"about":[{"href":"https:\/\/www.djurskyddet.se\/stockholmnorrort\/wp-json\/wp\/v2\/types\/page"}],"author":[{"embeddable":true,"href":"https:\/\/www.djurskyddet.se\/stockholmnorrort\/wp-json\/wp\/v2\/users\/37"}],"replies":[{"embeddable":true,"href":"https:\/\/www.djurskyddet.se\/stockholmnorrort\/wp-json\/wp\/v2\/comments?post=5587"}],"version-history":[{"count":10,"href":"https:\/\/www.djurskyddet.se\/stockholmnorrort\/wp-json\/wp\/v2\/pages\/5587\/revisions"}],"predecessor-version":[{"id":6017,"href":"https:\/\/www.djurskyddet.se\/stockholmnorrort\/wp-json\/wp\/v2\/pages\/5587\/revisions\/6017"}],"wp:attachment":[{"href":"https:\/\/www.djurskyddet.se\/stockholmnorrort\/wp-json\/wp\/v2\/media?parent=5587"}],"curies":[{"name":"wp","href":"https:\/\/api.w.org\/{rel}","templated":true}]}}