{"id":10198,"date":"2026-02-12T11:01:56","date_gmt":"2026-02-12T09:01:56","guid":{"rendered":"https:\/\/www.djurskyddet.se\/strangnas\/?page_id=10198"},"modified":"2026-02-15T20:08:22","modified_gmt":"2026-02-15T18:08:22","slug":"galleri","status":"publish","type":"page","link":"https:\/\/www.djurskyddet.se\/strangnas\/galleri\/","title":{"rendered":"Galleri"},"content":{"rendered":"\n<p class=\"has-text-align-center\" style=\"font-size:17px\">H\u00e4r nedan har vi samlat bilder fr\u00e5n katthemmet i Str\u00e4ngn\u00e4s. Katthemmet har funnits i L\u00f6t sedan 2004. Vi har plats f\u00f6r totalt 25 katter men det \u00e4r s\u00e4llan som vi har s\u00e5 m\u00e5nga katter inne samtidigt. Vi h\u00e5ller till i tre olika byggnader: Katthemmet, karant\u00e4n och loppisen i ladan.<\/p>\n\n\n\n<figure class=\"wp-block-gallery aligncenter has-nested-images columns-default is-cropped wp-block-gallery-2 is-layout-flex wp-block-gallery-is-layout-flex\">\n<figure data-wp-context=\"{&quot;imageId&quot;:&quot;69d4d9a3abd8c&quot;}\" data-wp-interactive=\"core\/image\" class=\"wp-block-image size-medium wp-duotone-unset-1 wp-lightbox-container\"><img loading=\"lazy\" decoding=\"async\" width=\"300\" height=\"200\" data-wp-class--hide=\"state.isContentHidden\" data-wp-class--show=\"state.isContentVisible\" data-wp-init=\"callbacks.setButtonStyles\" data-wp-on-async--click=\"actions.showLightbox\" data-wp-on-async--load=\"callbacks.setButtonStyles\" data-wp-on-async-window--resize=\"callbacks.setButtonStyles\" data-id=\"10223\" src=\"https:\/\/www.djurskyddet.se\/strangnas\/wp-content\/uploads\/sites\/13\/2026\/02\/Djurskyddet-1-1-300x200.jpg\" alt=\"\" class=\"wp-image-10223\" srcset=\"https:\/\/www.djurskyddet.se\/strangnas\/wp-content\/uploads\/sites\/13\/2026\/02\/Djurskyddet-1-1-300x200.jpg 300w, https:\/\/www.djurskyddet.se\/strangnas\/wp-content\/uploads\/sites\/13\/2026\/02\/Djurskyddet-1-1-768x512.jpg 768w, https:\/\/www.djurskyddet.se\/strangnas\/wp-content\/uploads\/sites\/13\/2026\/02\/Djurskyddet-1-1-400x267.jpg 400w, https:\/\/www.djurskyddet.se\/strangnas\/wp-content\/uploads\/sites\/13\/2026\/02\/Djurskyddet-1-1.jpg 1024w\" sizes=\"auto, (max-width: 300px) 100vw, 300px\" \/><button\n\t\t\tclass=\"lightbox-trigger\"\n\t\t\ttype=\"button\"\n\t\t\taria-haspopup=\"dialog\"\n\t\t\taria-label=\"F\u00f6rstora bild\"\n\t\t\tdata-wp-init=\"callbacks.initTriggerButton\"\n\t\t\tdata-wp-on-async--click=\"actions.showLightbox\"\n\t\t\tdata-wp-style--right=\"state.imageButtonRight\"\n\t\t\tdata-wp-style--top=\"state.imageButtonTop\"\n\t\t>\n\t\t\t<svg xmlns=\"http:\/\/www.w3.org\/2000\/svg\" width=\"12\" height=\"12\" fill=\"none\" viewBox=\"0 0 12 12\">\n\t\t\t\t<path fill=\"#fff\" d=\"M2 0a2 2 0 0 0-2 2v2h1.5V2a.5.5 0 0 1 .5-.5h2V0H2Zm2 10.5H2a.5.5 0 0 1-.5-.5V8H0v2a2 2 0 0 0 2 2h2v-1.5ZM8 12v-1.5h2a.5.5 0 0 0 .5-.5V8H12v2a2 2 0 0 1-2 2H8Zm2-12a2 2 0 0 1 2 2v2h-1.5V2a.5.5 0 0 0-.5-.5H8V0h2Z\" \/>\n\t\t\t<\/svg>\n\t\t<\/button><\/figure>\n\n\n\n<figure data-wp-context=\"{&quot;imageId&quot;:&quot;69d4d9a3ac324&quot;}\" data-wp-interactive=\"core\/image\" class=\"wp-block-image size-medium wp-lightbox-container\"><img loading=\"lazy\" decoding=\"async\" width=\"300\" height=\"200\" data-wp-class--hide=\"state.isContentHidden\" data-wp-class--show=\"state.isContentVisible\" data-wp-init=\"callbacks.setButtonStyles\" data-wp-on-async--click=\"actions.showLightbox\" data-wp-on-async--load=\"callbacks.setButtonStyles\" data-wp-on-async-window--resize=\"callbacks.setButtonStyles\" data-id=\"10076\" src=\"https:\/\/www.djurskyddet.se\/strangnas\/wp-content\/uploads\/sites\/13\/2026\/02\/Katthemmet-strangnas-1-300x200.jpg\" alt=\"\" class=\"wp-image-10076\" srcset=\"https:\/\/www.djurskyddet.se\/strangnas\/wp-content\/uploads\/sites\/13\/2026\/02\/Katthemmet-strangnas-1-300x200.jpg 300w, https:\/\/www.djurskyddet.se\/strangnas\/wp-content\/uploads\/sites\/13\/2026\/02\/Katthemmet-strangnas-1-768x512.jpg 768w, https:\/\/www.djurskyddet.se\/strangnas\/wp-content\/uploads\/sites\/13\/2026\/02\/Katthemmet-strangnas-1-400x267.jpg 400w, https:\/\/www.djurskyddet.se\/strangnas\/wp-content\/uploads\/sites\/13\/2026\/02\/Katthemmet-strangnas-1.jpg 1000w\" sizes=\"auto, (max-width: 300px) 100vw, 300px\" \/><button\n\t\t\tclass=\"lightbox-trigger\"\n\t\t\ttype=\"button\"\n\t\t\taria-haspopup=\"dialog\"\n\t\t\taria-label=\"F\u00f6rstora bild\"\n\t\t\tdata-wp-init=\"callbacks.initTriggerButton\"\n\t\t\tdata-wp-on-async--click=\"actions.showLightbox\"\n\t\t\tdata-wp-style--right=\"state.imageButtonRight\"\n\t\t\tdata-wp-style--top=\"state.imageButtonTop\"\n\t\t>\n\t\t\t<svg xmlns=\"http:\/\/www.w3.org\/2000\/svg\" width=\"12\" height=\"12\" fill=\"none\" viewBox=\"0 0 12 12\">\n\t\t\t\t<path fill=\"#fff\" d=\"M2 0a2 2 0 0 0-2 2v2h1.5V2a.5.5 0 0 1 .5-.5h2V0H2Zm2 10.5H2a.5.5 0 0 1-.5-.5V8H0v2a2 2 0 0 0 2 2h2v-1.5ZM8 12v-1.5h2a.5.5 0 0 0 .5-.5V8H12v2a2 2 0 0 1-2 2H8Zm2-12a2 2 0 0 1 2 2v2h-1.5V2a.5.5 0 0 0-.5-.5H8V0h2Z\" \/>\n\t\t\t<\/svg>\n\t\t<\/button><\/figure>\n\n\n\n<figure data-wp-context=\"{&quot;imageId&quot;:&quot;69d4d9a3ac82a&quot;}\" data-wp-interactive=\"core\/image\" class=\"wp-block-image size-medium wp-lightbox-container\"><img loading=\"lazy\" decoding=\"async\" width=\"300\" height=\"200\" data-wp-class--hide=\"state.isContentHidden\" data-wp-class--show=\"state.isContentVisible\" data-wp-init=\"callbacks.setButtonStyles\" data-wp-on-async--click=\"actions.showLightbox\" data-wp-on-async--load=\"callbacks.setButtonStyles\" data-wp-on-async-window--resize=\"callbacks.setButtonStyles\" data-id=\"10200\" src=\"https:\/\/www.djurskyddet.se\/strangnas\/wp-content\/uploads\/sites\/13\/2026\/02\/Loppis-1-300x200.jpg\" alt=\"\" class=\"wp-image-10200\" srcset=\"https:\/\/www.djurskyddet.se\/strangnas\/wp-content\/uploads\/sites\/13\/2026\/02\/Loppis-1-300x200.jpg 300w, https:\/\/www.djurskyddet.se\/strangnas\/wp-content\/uploads\/sites\/13\/2026\/02\/Loppis-1-768x512.jpg 768w, https:\/\/www.djurskyddet.se\/strangnas\/wp-content\/uploads\/sites\/13\/2026\/02\/Loppis-1-400x267.jpg 400w, https:\/\/www.djurskyddet.se\/strangnas\/wp-content\/uploads\/sites\/13\/2026\/02\/Loppis-1.jpg 1024w\" sizes=\"auto, (max-width: 300px) 100vw, 300px\" \/><button\n\t\t\tclass=\"lightbox-trigger\"\n\t\t\ttype=\"button\"\n\t\t\taria-haspopup=\"dialog\"\n\t\t\taria-label=\"F\u00f6rstora bild\"\n\t\t\tdata-wp-init=\"callbacks.initTriggerButton\"\n\t\t\tdata-wp-on-async--click=\"actions.showLightbox\"\n\t\t\tdata-wp-style--right=\"state.imageButtonRight\"\n\t\t\tdata-wp-style--top=\"state.imageButtonTop\"\n\t\t>\n\t\t\t<svg xmlns=\"http:\/\/www.w3.org\/2000\/svg\" width=\"12\" height=\"12\" fill=\"none\" viewBox=\"0 0 12 12\">\n\t\t\t\t<path fill=\"#fff\" d=\"M2 0a2 2 0 0 0-2 2v2h1.5V2a.5.5 0 0 1 .5-.5h2V0H2Zm2 10.5H2a.5.5 0 0 1-.5-.5V8H0v2a2 2 0 0 0 2 2h2v-1.5ZM8 12v-1.5h2a.5.5 0 0 0 .5-.5V8H12v2a2 2 0 0 1-2 2H8Zm2-12a2 2 0 0 1 2 2v2h-1.5V2a.5.5 0 0 0-.5-.5H8V0h2Z\" \/>\n\t\t\t<\/svg>\n\t\t<\/button><\/figure>\n\n\n\n<figure data-wp-context=\"{&quot;imageId&quot;:&quot;69d4d9a3acc68&quot;}\" data-wp-interactive=\"core\/image\" class=\"wp-block-image size-medium wp-lightbox-container\"><img loading=\"lazy\" decoding=\"async\" width=\"300\" height=\"202\" data-wp-class--hide=\"state.isContentHidden\" data-wp-class--show=\"state.isContentVisible\" data-wp-init=\"callbacks.setButtonStyles\" data-wp-on-async--click=\"actions.showLightbox\" data-wp-on-async--load=\"callbacks.setButtonStyles\" data-wp-on-async-window--resize=\"callbacks.setButtonStyles\" data-id=\"10173\" src=\"https:\/\/www.djurskyddet.se\/strangnas\/wp-content\/uploads\/sites\/13\/2026\/02\/Katthemmet-strangnas2-5-300x202.jpg\" alt=\"\" class=\"wp-image-10173\" srcset=\"https:\/\/www.djurskyddet.se\/strangnas\/wp-content\/uploads\/sites\/13\/2026\/02\/Katthemmet-strangnas2-5-300x202.jpg 300w, https:\/\/www.djurskyddet.se\/strangnas\/wp-content\/uploads\/sites\/13\/2026\/02\/Katthemmet-strangnas2-5-768x518.jpg 768w, https:\/\/www.djurskyddet.se\/strangnas\/wp-content\/uploads\/sites\/13\/2026\/02\/Katthemmet-strangnas2-5-400x270.jpg 400w, https:\/\/www.djurskyddet.se\/strangnas\/wp-content\/uploads\/sites\/13\/2026\/02\/Katthemmet-strangnas2-5.jpg 1000w\" sizes=\"auto, (max-width: 300px) 100vw, 300px\" \/><button\n\t\t\tclass=\"lightbox-trigger\"\n\t\t\ttype=\"button\"\n\t\t\taria-haspopup=\"dialog\"\n\t\t\taria-label=\"F\u00f6rstora bild\"\n\t\t\tdata-wp-init=\"callbacks.initTriggerButton\"\n\t\t\tdata-wp-on-async--click=\"actions.showLightbox\"\n\t\t\tdata-wp-style--right=\"state.imageButtonRight\"\n\t\t\tdata-wp-style--top=\"state.imageButtonTop\"\n\t\t>\n\t\t\t<svg xmlns=\"http:\/\/www.w3.org\/2000\/svg\" width=\"12\" height=\"12\" fill=\"none\" viewBox=\"0 0 12 12\">\n\t\t\t\t<path fill=\"#fff\" d=\"M2 0a2 2 0 0 0-2 2v2h1.5V2a.5.5 0 0 1 .5-.5h2V0H2Zm2 10.5H2a.5.5 0 0 1-.5-.5V8H0v2a2 2 0 0 0 2 2h2v-1.5ZM8 12v-1.5h2a.5.5 0 0 0 .5-.5V8H12v2a2 2 0 0 1-2 2H8Zm2-12a2 2 0 0 1 2 2v2h-1.5V2a.5.5 0 0 0-.5-.5H8V0h2Z\" \/>\n\t\t\t<\/svg>\n\t\t<\/button><\/figure>\n\n\n\n<figure data-wp-context=\"{&quot;imageId&quot;:&quot;69d4d9a3ad1a9&quot;}\" data-wp-interactive=\"core\/image\" class=\"wp-block-image size-medium wp-lightbox-container\"><img loading=\"lazy\" decoding=\"async\" width=\"300\" height=\"200\" data-wp-class--hide=\"state.isContentHidden\" data-wp-class--show=\"state.isContentVisible\" data-wp-init=\"callbacks.setButtonStyles\" data-wp-on-async--click=\"actions.showLightbox\" data-wp-on-async--load=\"callbacks.setButtonStyles\" data-wp-on-async-window--resize=\"callbacks.setButtonStyles\" data-id=\"10174\" src=\"https:\/\/www.djurskyddet.se\/strangnas\/wp-content\/uploads\/sites\/13\/2026\/02\/Katthemmet-strangnas4-4-300x200.jpg\" alt=\"\" class=\"wp-image-10174\" srcset=\"https:\/\/www.djurskyddet.se\/strangnas\/wp-content\/uploads\/sites\/13\/2026\/02\/Katthemmet-strangnas4-4-300x200.jpg 300w, https:\/\/www.djurskyddet.se\/strangnas\/wp-content\/uploads\/sites\/13\/2026\/02\/Katthemmet-strangnas4-4-768x512.jpg 768w, https:\/\/www.djurskyddet.se\/strangnas\/wp-content\/uploads\/sites\/13\/2026\/02\/Katthemmet-strangnas4-4-400x267.jpg 400w, https:\/\/www.djurskyddet.se\/strangnas\/wp-content\/uploads\/sites\/13\/2026\/02\/Katthemmet-strangnas4-4.jpg 1000w\" sizes=\"auto, (max-width: 300px) 100vw, 300px\" \/><button\n\t\t\tclass=\"lightbox-trigger\"\n\t\t\ttype=\"button\"\n\t\t\taria-haspopup=\"dialog\"\n\t\t\taria-label=\"F\u00f6rstora bild\"\n\t\t\tdata-wp-init=\"callbacks.initTriggerButton\"\n\t\t\tdata-wp-on-async--click=\"actions.showLightbox\"\n\t\t\tdata-wp-style--right=\"state.imageButtonRight\"\n\t\t\tdata-wp-style--top=\"state.imageButtonTop\"\n\t\t>\n\t\t\t<svg xmlns=\"http:\/\/www.w3.org\/2000\/svg\" width=\"12\" height=\"12\" fill=\"none\" viewBox=\"0 0 12 12\">\n\t\t\t\t<path fill=\"#fff\" d=\"M2 0a2 2 0 0 0-2 2v2h1.5V2a.5.5 0 0 1 .5-.5h2V0H2Zm2 10.5H2a.5.5 0 0 1-.5-.5V8H0v2a2 2 0 0 0 2 2h2v-1.5ZM8 12v-1.5h2a.5.5 0 0 0 .5-.5V8H12v2a2 2 0 0 1-2 2H8Zm2-12a2 2 0 0 1 2 2v2h-1.5V2a.5.5 0 0 0-.5-.5H8V0h2Z\" \/>\n\t\t\t<\/svg>\n\t\t<\/button><\/figure>\n\n\n\n<figure data-wp-context=\"{&quot;imageId&quot;:&quot;69d4d9a3ad5b2&quot;}\" data-wp-interactive=\"core\/image\" class=\"wp-block-image size-medium wp-lightbox-container\"><img loading=\"lazy\" decoding=\"async\" width=\"300\" height=\"196\" data-wp-class--hide=\"state.isContentHidden\" data-wp-class--show=\"state.isContentVisible\" data-wp-init=\"callbacks.setButtonStyles\" data-wp-on-async--click=\"actions.showLightbox\" data-wp-on-async--load=\"callbacks.setButtonStyles\" data-wp-on-async-window--resize=\"callbacks.setButtonStyles\" data-id=\"10171\" src=\"https:\/\/www.djurskyddet.se\/strangnas\/wp-content\/uploads\/sites\/13\/2026\/02\/Katthemmet-strangnas3-3-300x196.jpg\" alt=\"\" class=\"wp-image-10171\" srcset=\"https:\/\/www.djurskyddet.se\/strangnas\/wp-content\/uploads\/sites\/13\/2026\/02\/Katthemmet-strangnas3-3-300x196.jpg 300w, https:\/\/www.djurskyddet.se\/strangnas\/wp-content\/uploads\/sites\/13\/2026\/02\/Katthemmet-strangnas3-3-768x502.jpg 768w, https:\/\/www.djurskyddet.se\/strangnas\/wp-content\/uploads\/sites\/13\/2026\/02\/Katthemmet-strangnas3-3-400x262.jpg 400w, https:\/\/www.djurskyddet.se\/strangnas\/wp-content\/uploads\/sites\/13\/2026\/02\/Katthemmet-strangnas3-3.jpg 1000w\" sizes=\"auto, (max-width: 300px) 100vw, 300px\" \/><button\n\t\t\tclass=\"lightbox-trigger\"\n\t\t\ttype=\"button\"\n\t\t\taria-haspopup=\"dialog\"\n\t\t\taria-label=\"F\u00f6rstora bild\"\n\t\t\tdata-wp-init=\"callbacks.initTriggerButton\"\n\t\t\tdata-wp-on-async--click=\"actions.showLightbox\"\n\t\t\tdata-wp-style--right=\"state.imageButtonRight\"\n\t\t\tdata-wp-style--top=\"state.imageButtonTop\"\n\t\t>\n\t\t\t<svg xmlns=\"http:\/\/www.w3.org\/2000\/svg\" width=\"12\" height=\"12\" fill=\"none\" viewBox=\"0 0 12 12\">\n\t\t\t\t<path fill=\"#fff\" d=\"M2 0a2 2 0 0 0-2 2v2h1.5V2a.5.5 0 0 1 .5-.5h2V0H2Zm2 10.5H2a.5.5 0 0 1-.5-.5V8H0v2a2 2 0 0 0 2 2h2v-1.5ZM8 12v-1.5h2a.5.5 0 0 0 .5-.5V8H12v2a2 2 0 0 1-2 2H8Zm2-12a2 2 0 0 1 2 2v2h-1.5V2a.5.5 0 0 0-.5-.5H8V0h2Z\" \/>\n\t\t\t<\/svg>\n\t\t<\/button><\/figure>\n\n\n\n<figure data-wp-context=\"{&quot;imageId&quot;:&quot;69d4d9a3ad97c&quot;}\" data-wp-interactive=\"core\/image\" class=\"wp-block-image size-medium wp-lightbox-container\"><img loading=\"lazy\" decoding=\"async\" width=\"300\" height=\"200\" data-wp-class--hide=\"state.isContentHidden\" data-wp-class--show=\"state.isContentVisible\" data-wp-init=\"callbacks.setButtonStyles\" data-wp-on-async--click=\"actions.showLightbox\" data-wp-on-async--load=\"callbacks.setButtonStyles\" data-wp-on-async-window--resize=\"callbacks.setButtonStyles\" data-id=\"10226\" src=\"https:\/\/www.djurskyddet.se\/strangnas\/wp-content\/uploads\/sites\/13\/2026\/02\/Katthemmet-Snas-edited-300x200.jpg\" alt=\"Katter p\u00e5 katthem\" class=\"wp-image-10226\" srcset=\"https:\/\/www.djurskyddet.se\/strangnas\/wp-content\/uploads\/sites\/13\/2026\/02\/Katthemmet-Snas-edited-300x200.jpg 300w, https:\/\/www.djurskyddet.se\/strangnas\/wp-content\/uploads\/sites\/13\/2026\/02\/Katthemmet-Snas-edited-400x267.jpg 400w, https:\/\/www.djurskyddet.se\/strangnas\/wp-content\/uploads\/sites\/13\/2026\/02\/Katthemmet-Snas-edited.jpg 498w\" sizes=\"auto, (max-width: 300px) 100vw, 300px\" \/><button\n\t\t\tclass=\"lightbox-trigger\"\n\t\t\ttype=\"button\"\n\t\t\taria-haspopup=\"dialog\"\n\t\t\taria-label=\"F\u00f6rstora bild: Katter p\u00e5 katthem\"\n\t\t\tdata-wp-init=\"callbacks.initTriggerButton\"\n\t\t\tdata-wp-on-async--click=\"actions.showLightbox\"\n\t\t\tdata-wp-style--right=\"state.imageButtonRight\"\n\t\t\tdata-wp-style--top=\"state.imageButtonTop\"\n\t\t>\n\t\t\t<svg xmlns=\"http:\/\/www.w3.org\/2000\/svg\" width=\"12\" height=\"12\" fill=\"none\" viewBox=\"0 0 12 12\">\n\t\t\t\t<path fill=\"#fff\" d=\"M2 0a2 2 0 0 0-2 2v2h1.5V2a.5.5 0 0 1 .5-.5h2V0H2Zm2 10.5H2a.5.5 0 0 1-.5-.5V8H0v2a2 2 0 0 0 2 2h2v-1.5ZM8 12v-1.5h2a.5.5 0 0 0 .5-.5V8H12v2a2 2 0 0 1-2 2H8Zm2-12a2 2 0 0 1 2 2v2h-1.5V2a.5.5 0 0 0-.5-.5H8V0h2Z\" \/>\n\t\t\t<\/svg>\n\t\t<\/button><\/figure>\n\n\n\n<figure data-wp-context=\"{&quot;imageId&quot;:&quot;69d4d9a3add05&quot;}\" data-wp-interactive=\"core\/image\" class=\"wp-block-image size-medium wp-lightbox-container\"><img loading=\"lazy\" decoding=\"async\" width=\"300\" height=\"200\" data-wp-class--hide=\"state.isContentHidden\" data-wp-class--show=\"state.isContentVisible\" data-wp-init=\"callbacks.setButtonStyles\" data-wp-on-async--click=\"actions.showLightbox\" data-wp-on-async--load=\"callbacks.setButtonStyles\" data-wp-on-async-window--resize=\"callbacks.setButtonStyles\" data-id=\"10227\" src=\"https:\/\/www.djurskyddet.se\/strangnas\/wp-content\/uploads\/sites\/13\/2026\/02\/karantan2-Snas-edited-300x200.jpg\" alt=\"Karant\u00e4n\" class=\"wp-image-10227\" srcset=\"https:\/\/www.djurskyddet.se\/strangnas\/wp-content\/uploads\/sites\/13\/2026\/02\/karantan2-Snas-edited-300x200.jpg 300w, https:\/\/www.djurskyddet.se\/strangnas\/wp-content\/uploads\/sites\/13\/2026\/02\/karantan2-Snas-edited-400x267.jpg 400w, https:\/\/www.djurskyddet.se\/strangnas\/wp-content\/uploads\/sites\/13\/2026\/02\/karantan2-Snas-edited.jpg 499w\" sizes=\"auto, (max-width: 300px) 100vw, 300px\" \/><button\n\t\t\tclass=\"lightbox-trigger\"\n\t\t\ttype=\"button\"\n\t\t\taria-haspopup=\"dialog\"\n\t\t\taria-label=\"F\u00f6rstora bild: Karant\u00e4n\"\n\t\t\tdata-wp-init=\"callbacks.initTriggerButton\"\n\t\t\tdata-wp-on-async--click=\"actions.showLightbox\"\n\t\t\tdata-wp-style--right=\"state.imageButtonRight\"\n\t\t\tdata-wp-style--top=\"state.imageButtonTop\"\n\t\t>\n\t\t\t<svg xmlns=\"http:\/\/www.w3.org\/2000\/svg\" width=\"12\" height=\"12\" fill=\"none\" viewBox=\"0 0 12 12\">\n\t\t\t\t<path fill=\"#fff\" d=\"M2 0a2 2 0 0 0-2 2v2h1.5V2a.5.5 0 0 1 .5-.5h2V0H2Zm2 10.5H2a.5.5 0 0 1-.5-.5V8H0v2a2 2 0 0 0 2 2h2v-1.5ZM8 12v-1.5h2a.5.5 0 0 0 .5-.5V8H12v2a2 2 0 0 1-2 2H8Zm2-12a2 2 0 0 1 2 2v2h-1.5V2a.5.5 0 0 0-.5-.5H8V0h2Z\" \/>\n\t\t\t<\/svg>\n\t\t<\/button><\/figure>\n\n\n\n<figure data-wp-context=\"{&quot;imageId&quot;:&quot;69d4d9a3ae0be&quot;}\" data-wp-interactive=\"core\/image\" class=\"wp-block-image size-medium wp-lightbox-container\"><img loading=\"lazy\" decoding=\"async\" width=\"300\" height=\"200\" data-wp-class--hide=\"state.isContentHidden\" data-wp-class--show=\"state.isContentVisible\" data-wp-init=\"callbacks.setButtonStyles\" data-wp-on-async--click=\"actions.showLightbox\" data-wp-on-async--load=\"callbacks.setButtonStyles\" data-wp-on-async-window--resize=\"callbacks.setButtonStyles\" data-id=\"5628\" src=\"https:\/\/www.djurskyddet.se\/strangnas\/wp-content\/uploads\/sites\/13\/2018\/04\/katthem-inne2-Sn\u00e4s-300x200.jpg\" alt=\"Katter p\u00e5 katthem\" class=\"wp-image-5628\" srcset=\"https:\/\/www.djurskyddet.se\/strangnas\/wp-content\/uploads\/sites\/13\/2018\/04\/katthem-inne2-Sn\u00e4s-300x200.jpg 300w, https:\/\/www.djurskyddet.se\/strangnas\/wp-content\/uploads\/sites\/13\/2018\/04\/katthem-inne2-Sn\u00e4s-400x266.jpg 400w, https:\/\/www.djurskyddet.se\/strangnas\/wp-content\/uploads\/sites\/13\/2018\/04\/katthem-inne2-Sn\u00e4s.jpg 499w\" sizes=\"auto, (max-width: 300px) 100vw, 300px\" \/><button\n\t\t\tclass=\"lightbox-trigger\"\n\t\t\ttype=\"button\"\n\t\t\taria-haspopup=\"dialog\"\n\t\t\taria-label=\"F\u00f6rstora bild: Katter p\u00e5 katthem\"\n\t\t\tdata-wp-init=\"callbacks.initTriggerButton\"\n\t\t\tdata-wp-on-async--click=\"actions.showLightbox\"\n\t\t\tdata-wp-style--right=\"state.imageButtonRight\"\n\t\t\tdata-wp-style--top=\"state.imageButtonTop\"\n\t\t>\n\t\t\t<svg xmlns=\"http:\/\/www.w3.org\/2000\/svg\" width=\"12\" height=\"12\" fill=\"none\" viewBox=\"0 0 12 12\">\n\t\t\t\t<path fill=\"#fff\" d=\"M2 0a2 2 0 0 0-2 2v2h1.5V2a.5.5 0 0 1 .5-.5h2V0H2Zm2 10.5H2a.5.5 0 0 1-.5-.5V8H0v2a2 2 0 0 0 2 2h2v-1.5ZM8 12v-1.5h2a.5.5 0 0 0 .5-.5V8H12v2a2 2 0 0 1-2 2H8Zm2-12a2 2 0 0 1 2 2v2h-1.5V2a.5.5 0 0 0-.5-.5H8V0h2Z\" \/>\n\t\t\t<\/svg>\n\t\t<\/button><\/figure>\n<\/figure>\n\n\n\n<p><\/p>\n","protected":false},"excerpt":{"rendered":"<p>H\u00e4r nedan har vi samlat bilder fr\u00e5n katthemmet i Str\u00e4ngn\u00e4s. Katthemmet har funnits i L\u00f6t sedan 2004. Vi har plats f\u00f6r totalt 25 katter men det \u00e4r s\u00e4llan som vi har s\u00e5 m\u00e5nga katter inne samtidigt. Vi h\u00e5ller till i tre olika byggnader: Katthemmet, karant\u00e4n och loppisen i ladan.<\/p>\n","protected":false},"author":13,"featured_media":0,"parent":0,"menu_order":0,"comment_status":"closed","ping_status":"closed","template":"page-templates\/full-width.php","meta":{"_acf_changed":false,"footnotes":""},"class_list":["post-10198","page","type-page","status-publish","hentry"],"acf":[],"_links":{"self":[{"href":"https:\/\/www.djurskyddet.se\/strangnas\/wp-json\/wp\/v2\/pages\/10198","targetHints":{"allow":["GET"]}}],"collection":[{"href":"https:\/\/www.djurskyddet.se\/strangnas\/wp-json\/wp\/v2\/pages"}],"about":[{"href":"https:\/\/www.djurskyddet.se\/strangnas\/wp-json\/wp\/v2\/types\/page"}],"author":[{"embeddable":true,"href":"https:\/\/www.djurskyddet.se\/strangnas\/wp-json\/wp\/v2\/users\/13"}],"replies":[{"embeddable":true,"href":"https:\/\/www.djurskyddet.se\/strangnas\/wp-json\/wp\/v2\/comments?post=10198"}],"version-history":[{"count":16,"href":"https:\/\/www.djurskyddet.se\/strangnas\/wp-json\/wp\/v2\/pages\/10198\/revisions"}],"predecessor-version":[{"id":10263,"href":"https:\/\/www.djurskyddet.se\/strangnas\/wp-json\/wp\/v2\/pages\/10198\/revisions\/10263"}],"wp:attachment":[{"href":"https:\/\/www.djurskyddet.se\/strangnas\/wp-json\/wp\/v2\/media?parent=10198"}],"curies":[{"name":"wp","href":"https:\/\/api.w.org\/{rel}","templated":true}]}}