{"id":5504,"date":"2018-03-21T13:25:53","date_gmt":"2018-03-21T13:25:53","guid":{"rendered":"http:\/\/www.djurskyddet.se\/strangnas\/?page_id=5504"},"modified":"2024-11-19T17:11:36","modified_gmt":"2024-11-19T15:11:36","slug":"stod-oss","status":"publish","type":"page","link":"https:\/\/www.djurskyddet.se\/strangnas\/stod-oss\/","title":{"rendered":"St\u00f6d oss"},"content":{"rendered":"<h3>Vill du vara med och bidra till att livet f\u00f6r m\u00e5nga djur f\u00f6rb\u00e4ttras?<\/h3>\n<p>Djurskyddet Str\u00e4ngn\u00e4s arbetar helt ideellt f\u00f6r att inga djur ska fara illa i samh\u00e4llet. Det g\u00f6r vi genom att ta emot, v\u00e5rda och omplacera katter p\u00e5 v\u00e5rt katthem, st\u00f6dfodra \u00f6vervintrande f\u00e5glar och genom att vara behj\u00e4lpliga vid fr\u00e5gor om djurskydd fr\u00e5n allm\u00e4nheten.<\/p>\n<p><strong>F\u00f6r att finansiera kostnader f\u00f6r lokal, veterin\u00e4rbehandlingar, medicin, mat mm \u00e4r vi beroende av ditt st\u00f6d. Du kan st\u00f6dja oss p\u00e5 m\u00e5nga olika s\u00e4tt:<\/strong><\/p>\n<ul>\n<li>Bli medlem &#8211; 240 kr per medlem\/familj<\/li>\n<li>Donera pengar \u2013 s\u00e4tts in p\u00e5 postgiro 174819-3 eller swisha p\u00e5 nummer 123 231 5653 skriv donation i meddelande.<\/li>\n<li>Sponsra n\u00e5gon av v\u00e5ra kattburar<\/li>\n<li>L\u00e4gga pengar i insamlingsb\u00f6ssorna och v\u00e5ra g\u00e5votunnar som finns p\u00e5 ICA Bengtsson<\/li>\n<li>Bes\u00f6ka oss i samband med olika arrangemang t.ex. marknader och loppisar.<\/li>\n<li>Testamentera till f\u00f6rm\u00e5n f\u00f6r Djurskyddet Str\u00e4ngn\u00e4s<\/li>\n<\/ul>\n<p>L\u00e4s mer under rubrikerna till v\u00e4nster!<\/p>\n<p><strong>Du \u00e4r givetvis ocks\u00e5 varmt v\u00e4lkommen att hj\u00e4lpa oss direkt i verksamheten \u2013 det kan du g\u00f6ra genom att bli <a href=\"https:\/\/www.djurskyddet.se\/strangnas\/stod-oss\/hjalp-till-pa-katthemmet\/\">volont\u00e4r p\u00e5 katthemmet<\/a>.<\/strong><\/p>\n","protected":false},"excerpt":{"rendered":"<p>Vill du vara med och bidra till att livet f\u00f6r m\u00e5nga djur f\u00f6rb\u00e4ttras? Djurskyddet Str\u00e4ngn\u00e4s arbetar helt ideellt f\u00f6r att inga djur ska fara illa i samh\u00e4llet. Det g\u00f6r vi genom att ta emot, v\u00e5rda och omplacera katter p\u00e5 v\u00e5rt katthem, st\u00f6dfodra \u00f6vervintrande f\u00e5glar och genom att vara behj\u00e4lpliga vid fr\u00e5gor om djurskydd fr\u00e5n allm\u00e4nheten. F\u00f6r att finansiera kostnader f\u00f6r lokal, veterin\u00e4rbehandlingar, medicin, mat mm \u00e4r vi beroende av ditt&hellip;<\/p>\n<p><a class=\"more-link\" href=\"https:\/\/www.djurskyddet.se\/strangnas\/stod-oss\/\" title=\"Continue reading &lsquo;St\u00f6d oss&rsquo;\">L&auml;s mer<span class=\"meta-nav\">&raquo;<\/span><\/a><\/p>\n","protected":false},"author":3,"featured_media":0,"parent":0,"menu_order":0,"comment_status":"closed","ping_status":"closed","template":"page-templates\/left-sidebar.php","meta":{"_acf_changed":false,"footnotes":""},"class_list":["post-5504","page","type-page","status-publish","hentry"],"acf":[],"_links":{"self":[{"href":"https:\/\/www.djurskyddet.se\/strangnas\/wp-json\/wp\/v2\/pages\/5504","targetHints":{"allow":["GET"]}}],"collection":[{"href":"https:\/\/www.djurskyddet.se\/strangnas\/wp-json\/wp\/v2\/pages"}],"about":[{"href":"https:\/\/www.djurskyddet.se\/strangnas\/wp-json\/wp\/v2\/types\/page"}],"author":[{"embeddable":true,"href":"https:\/\/www.djurskyddet.se\/strangnas\/wp-json\/wp\/v2\/users\/3"}],"replies":[{"embeddable":true,"href":"https:\/\/www.djurskyddet.se\/strangnas\/wp-json\/wp\/v2\/comments?post=5504"}],"version-history":[{"count":18,"href":"https:\/\/www.djurskyddet.se\/strangnas\/wp-json\/wp\/v2\/pages\/5504\/revisions"}],"predecessor-version":[{"id":8743,"href":"https:\/\/www.djurskyddet.se\/strangnas\/wp-json\/wp\/v2\/pages\/5504\/revisions\/8743"}],"wp:attachment":[{"href":"https:\/\/www.djurskyddet.se\/strangnas\/wp-json\/wp\/v2\/media?parent=5504"}],"curies":[{"name":"wp","href":"https:\/\/api.w.org\/{rel}","templated":true}]}}