{"id":5522,"date":"2018-03-21T13:41:37","date_gmt":"2018-03-21T13:41:37","guid":{"rendered":"http:\/\/www.djurskyddet.se\/strangnas\/?page_id=5522"},"modified":"2026-03-27T23:22:27","modified_gmt":"2026-03-27T21:22:27","slug":"om-oss","status":"publish","type":"page","link":"https:\/\/www.djurskyddet.se\/strangnas\/om-oss\/","title":{"rendered":"Om oss"},"content":{"rendered":"\n<h3 class=\"wp-block-heading\">Djurskyddet Str\u00e4ngn\u00e4s \u00e4r en ideell f\u00f6rening som driver ett katthem i L\u00f6t, Str\u00e4ngn\u00e4s. V\u00e5r f\u00f6rening grundades 1870 och vi har i \u00f6ver 150 \u00e5r arbetat f\u00f6r djurens r\u00e4tt till ett v\u00e4rdigt liv. <\/h3>\n\n\n\n<p><\/p>\n\n\n\n<p class=\"has-text-align-left\">Vi \u00e4r anslutna till b\u00e5de <a href=\"https:\/\/www.djurskyddet.se\/\" data-type=\"link\" data-id=\"https:\/\/www.djurskyddet.se\/\"><strong>Djurskyddet Sverige<\/strong><\/a> och <a href=\"https:\/\/www.djurhemsforbundet.se\/\" data-type=\"link\" data-id=\"https:\/\/www.djurhemsforbundet.se\/\"><strong>Djurhemsf\u00f6rbundet<\/strong> <\/a>och vi ger \u00e4ven r\u00e5d till allm\u00e4nheten i fr\u00e5gor som r\u00f6r katter och djurskydd. Alla som jobbar hos oss \u00e4r volont\u00e4rer som brinner f\u00f6r att hj\u00e4lpa utsatta katter. M\u00e5nga av dem har tyv\u00e4rr ett tufft f\u00f6rflutet och tillsammans hj\u00e4lps vi \u00e5t f\u00f6r att f\u00e5 dem att l\u00e4ka, utvecklas och \u00e5terf\u00e5 f\u00f6rtroendet f\u00f6r oss m\u00e4nniskor. Vi st\u00f6dfodrar ocks\u00e5 \u00f6vervintrade f\u00e5glar.<\/p>\n\n\n\n<h3 class=\"wp-block-heading\"><strong>Styrelsen 2026<\/strong><\/h3>\n\n\n\n<p>Ordf\u00f6rande: Micael Johannssen<br>Vice ordf\u00f6rande:\u00a0 Malin Carlsson<br>Kass\u00f6r: Anne-Christine Mathiasson<br>Sekreterare: Katarina Tano<\/p>\n\n\n\n<p><strong>Ledam\u00f6ter<\/strong><br>Ulrika Andersson<br>Hanna Bragberg<br><br><strong>Suppleanter\u00a0<\/strong><br>Elisabeth Collin Jonsson<br>Karin Hagsten<br>Maja Fr\u00f6derberg Ore<\/p>\n\n\n\n<p><strong>Katthemsansvarig<\/strong><br>Christina Holmberg<\/p>\n\n\n\n<p><strong>Webbansvariga<\/strong><br>Charlotte Markenborg<br><a href=\"mailto:charlotte.markenborg@gmail.com\">charlotte.markenborg@gmail.com<\/a><br>Johanna Nilsson<\/p>\n\n\n\n<p><\/p>\n\n\n<div class=\"wp-block-image\">\n<figure data-wp-context=\"{&quot;imageId&quot;:&quot;69f23c3810abe&quot;}\" data-wp-interactive=\"core\/image\" class=\"aligncenter size-full wp-lightbox-container\"><img loading=\"lazy\" decoding=\"async\" width=\"1024\" height=\"728\" data-wp-class--hide=\"state.isContentHidden\" data-wp-class--show=\"state.isContentVisible\" data-wp-init=\"callbacks.setButtonStyles\" data-wp-on-async--click=\"actions.showLightbox\" data-wp-on-async--load=\"callbacks.setButtonStyles\" data-wp-on-async-window--resize=\"callbacks.setButtonStyles\" src=\"https:\/\/www.djurskyddet.se\/strangnas\/wp-content\/uploads\/sites\/13\/2022\/08\/styrelsen.jpg\" alt=\"\" class=\"wp-image-7730\" style=\"aspect-ratio:1.407718120805369;object-fit:cover\" srcset=\"https:\/\/www.djurskyddet.se\/strangnas\/wp-content\/uploads\/sites\/13\/2022\/08\/styrelsen.jpg 1024w, https:\/\/www.djurskyddet.se\/strangnas\/wp-content\/uploads\/sites\/13\/2022\/08\/styrelsen-300x213.jpg 300w, https:\/\/www.djurskyddet.se\/strangnas\/wp-content\/uploads\/sites\/13\/2022\/08\/styrelsen-768x546.jpg 768w, https:\/\/www.djurskyddet.se\/strangnas\/wp-content\/uploads\/sites\/13\/2022\/08\/styrelsen-400x284.jpg 400w\" sizes=\"auto, (max-width: 1024px) 100vw, 1024px\" \/><button\n\t\t\tclass=\"lightbox-trigger\"\n\t\t\ttype=\"button\"\n\t\t\taria-haspopup=\"dialog\"\n\t\t\taria-label=\"F\u00f6rstora bild\"\n\t\t\tdata-wp-init=\"callbacks.initTriggerButton\"\n\t\t\tdata-wp-on-async--click=\"actions.showLightbox\"\n\t\t\tdata-wp-style--right=\"state.imageButtonRight\"\n\t\t\tdata-wp-style--top=\"state.imageButtonTop\"\n\t\t>\n\t\t\t<svg xmlns=\"http:\/\/www.w3.org\/2000\/svg\" width=\"12\" height=\"12\" fill=\"none\" viewBox=\"0 0 12 12\">\n\t\t\t\t<path fill=\"#fff\" d=\"M2 0a2 2 0 0 0-2 2v2h1.5V2a.5.5 0 0 1 .5-.5h2V0H2Zm2 10.5H2a.5.5 0 0 1-.5-.5V8H0v2a2 2 0 0 0 2 2h2v-1.5ZM8 12v-1.5h2a.5.5 0 0 0 .5-.5V8H12v2a2 2 0 0 1-2 2H8Zm2-12a2 2 0 0 1 2 2v2h-1.5V2a.5.5 0 0 0-.5-.5H8V0h2Z\" \/>\n\t\t\t<\/svg>\n\t\t<\/button><\/figure><\/div>\n<\/br>\n\n<p class=\"has-text-align-center has-text-color has-link-color has-small-font-size wp-elements-5973d6aebabda8a6b361cfb065b82adf\" style=\"color:#535353\">fr.v\u00e4. Ulrika Andersson, Elisabeth Collin Jonsson, Ebba Gustafsson, <br>Anne-Grete Malm, Anne-Christine Mathiasson, Hanna Bragberg<\/p>\n\n\n<\/br><\/br>","protected":false},"excerpt":{"rendered":"<p>Djurskyddet Str\u00e4ngn\u00e4s \u00e4r en ideell f\u00f6rening som driver ett katthem i L\u00f6t, Str\u00e4ngn\u00e4s. V\u00e5r f\u00f6rening grundades 1870 och vi har i \u00f6ver 150 \u00e5r arbetat f\u00f6r djurens r\u00e4tt till ett v\u00e4rdigt liv. Vi \u00e4r anslutna till b\u00e5de Djurskyddet Sverige och Djurhemsf\u00f6rbundet och vi ger \u00e4ven r\u00e5d till allm\u00e4nheten i fr\u00e5gor som r\u00f6r katter och djurskydd. Alla som jobbar hos oss \u00e4r volont\u00e4rer som brinner f\u00f6r att hj\u00e4lpa utsatta katter. M\u00e5nga&hellip;<\/p>\n<p><a class=\"more-link\" href=\"https:\/\/www.djurskyddet.se\/strangnas\/om-oss\/\" title=\"Continue reading &lsquo;Om oss&rsquo;\">L&auml;s mer<span class=\"meta-nav\">&raquo;<\/span><\/a><\/p>\n","protected":false},"author":3,"featured_media":0,"parent":0,"menu_order":0,"comment_status":"closed","ping_status":"closed","template":"page-templates\/left-sidebar.php","meta":{"_acf_changed":false,"footnotes":""},"class_list":["post-5522","page","type-page","status-publish","hentry"],"acf":[],"_links":{"self":[{"href":"https:\/\/www.djurskyddet.se\/strangnas\/wp-json\/wp\/v2\/pages\/5522","targetHints":{"allow":["GET"]}}],"collection":[{"href":"https:\/\/www.djurskyddet.se\/strangnas\/wp-json\/wp\/v2\/pages"}],"about":[{"href":"https:\/\/www.djurskyddet.se\/strangnas\/wp-json\/wp\/v2\/types\/page"}],"author":[{"embeddable":true,"href":"https:\/\/www.djurskyddet.se\/strangnas\/wp-json\/wp\/v2\/users\/3"}],"replies":[{"embeddable":true,"href":"https:\/\/www.djurskyddet.se\/strangnas\/wp-json\/wp\/v2\/comments?post=5522"}],"version-history":[{"count":89,"href":"https:\/\/www.djurskyddet.se\/strangnas\/wp-json\/wp\/v2\/pages\/5522\/revisions"}],"predecessor-version":[{"id":10439,"href":"https:\/\/www.djurskyddet.se\/strangnas\/wp-json\/wp\/v2\/pages\/5522\/revisions\/10439"}],"wp:attachment":[{"href":"https:\/\/www.djurskyddet.se\/strangnas\/wp-json\/wp\/v2\/media?parent=5522"}],"curies":[{"name":"wp","href":"https:\/\/api.w.org\/{rel}","templated":true}]}}