{"id":5537,"date":"2018-03-21T13:55:09","date_gmt":"2018-03-21T13:55:09","guid":{"rendered":"http:\/\/www.djurskyddet.se\/strangnas\/?page_id=5537"},"modified":"2025-11-05T00:21:33","modified_gmt":"2025-11-04T22:21:33","slug":"anmal-vanvard","status":"publish","type":"page","link":"https:\/\/www.djurskyddet.se\/strangnas\/anmal-vanvard\/","title":{"rendered":"Anm\u00e4l vanv\u00e5rd"},"content":{"rendered":"<h3>N\u00e4r djur far illa<\/h3>\n<p><strong>Anm\u00e4l till L\u00e4nsstyrelsen eller polisen<\/strong><br \/>\nOm du ser eller tror att ett djur far illa ska du g\u00f6ra en anm\u00e4lan till djurskyddshandl\u00e4ggaren hos din l\u00e4nsstyrelse. Du kan anm\u00e4la via webbanm\u00e4lan, djurskydds-telefonen 010-223 41 50 (m\u00e5 13-15, tis-fre 9-12), e-post eller brev till L\u00e4nsstyrelsen.<\/p>\n<p><strong>Kontaktuppgifter<\/strong><br \/>\nL\u00e4nsstyrelsen S\u00f6dermanlands l\u00e4n:<br \/>\nV\u00e4xel 010-223 40 00<\/p>\n<p>Om det \u00e4r akut och du inte kan n\u00e5 l\u00e4nsstyrelsen kan du kontakta polisen som \u00e4r skyldiga att utreda brott mot djurskyddslagen alternativt djurpl\u00e5geri. Du kan kontakta polisen \u00e4ven om det inte \u00e4r akut.<br \/>\nOm du vill anm\u00e4la ett brott eller tipsa polisen, ring 114 14. I akut l\u00e4ge (vid p\u00e5g\u00e5ende brott) ring 112.<\/p>\n<p><strong>Djurskyddet Str\u00e4ngn\u00e4s saknar befogenheter att ingripa<\/strong><br \/>\nDjurskyddet \u00e4r ingen myndighet och har d\u00e4rf\u00f6r inte befogenheter att g\u00e5 in i enskilda \u00e4renden, men du kan v\u00e4nda dig till oss f\u00f6r st\u00f6d och r\u00e5d.<br \/>\n<strong>Djurskyddsnummer:<\/strong><br \/>\n<strong>070-880 54 42, dagligen fram till kl. 19.00.<\/strong><\/p>\n","protected":false},"excerpt":{"rendered":"<p>N\u00e4r djur far illa Anm\u00e4l till L\u00e4nsstyrelsen eller polisen Om du ser eller tror att ett djur far illa ska du g\u00f6ra en anm\u00e4lan till djurskyddshandl\u00e4ggaren hos din l\u00e4nsstyrelse. Du kan anm\u00e4la via webbanm\u00e4lan, djurskydds-telefonen 010-223 41 50 (m\u00e5 13-15, tis-fre 9-12), e-post eller brev till L\u00e4nsstyrelsen. Kontaktuppgifter L\u00e4nsstyrelsen S\u00f6dermanlands l\u00e4n: V\u00e4xel 010-223 40 00 Om det \u00e4r akut och du inte kan n\u00e5 l\u00e4nsstyrelsen kan du kontakta polisen som&hellip;<\/p>\n<p><a class=\"more-link\" href=\"https:\/\/www.djurskyddet.se\/strangnas\/anmal-vanvard\/\" title=\"Continue reading &lsquo;Anm\u00e4l vanv\u00e5rd&rsquo;\">L&auml;s mer<span class=\"meta-nav\">&raquo;<\/span><\/a><\/p>\n","protected":false},"author":3,"featured_media":0,"parent":0,"menu_order":0,"comment_status":"closed","ping_status":"closed","template":"page-templates\/left-sidebar.php","meta":{"_acf_changed":false,"footnotes":""},"class_list":["post-5537","page","type-page","status-publish","hentry"],"acf":[],"_links":{"self":[{"href":"https:\/\/www.djurskyddet.se\/strangnas\/wp-json\/wp\/v2\/pages\/5537","targetHints":{"allow":["GET"]}}],"collection":[{"href":"https:\/\/www.djurskyddet.se\/strangnas\/wp-json\/wp\/v2\/pages"}],"about":[{"href":"https:\/\/www.djurskyddet.se\/strangnas\/wp-json\/wp\/v2\/types\/page"}],"author":[{"embeddable":true,"href":"https:\/\/www.djurskyddet.se\/strangnas\/wp-json\/wp\/v2\/users\/3"}],"replies":[{"embeddable":true,"href":"https:\/\/www.djurskyddet.se\/strangnas\/wp-json\/wp\/v2\/comments?post=5537"}],"version-history":[{"count":8,"href":"https:\/\/www.djurskyddet.se\/strangnas\/wp-json\/wp\/v2\/pages\/5537\/revisions"}],"predecessor-version":[{"id":9406,"href":"https:\/\/www.djurskyddet.se\/strangnas\/wp-json\/wp\/v2\/pages\/5537\/revisions\/9406"}],"wp:attachment":[{"href":"https:\/\/www.djurskyddet.se\/strangnas\/wp-json\/wp\/v2\/media?parent=5537"}],"curies":[{"name":"wp","href":"https:\/\/api.w.org\/{rel}","templated":true}]}}