{"id":5541,"date":"2018-03-21T14:04:24","date_gmt":"2018-03-21T14:04:24","guid":{"rendered":"http:\/\/www.djurskyddet.se\/strangnas\/?page_id=5541"},"modified":"2025-10-01T11:26:48","modified_gmt":"2025-10-01T09:26:48","slug":"bli-medlem","status":"publish","type":"page","link":"https:\/\/www.djurskyddet.se\/strangnas\/stod-oss\/bli-medlem\/","title":{"rendered":"Bli medlem"},"content":{"rendered":"\n<p class=\"p1\"><span class=\"s1\">Medlemskapet i Djurskyddet Str\u00e4ngn\u00e4s kostar <strong>240 kr per kalender\u00e5r<\/strong>. Blir du medlem under oktober\u2013december r\u00e4cker ditt medlemskap till 31 december n\u00e4stkommande \u00e5r.<\/span><\/p>\n\n\n\n<p class=\"has-text-align-left\">Som medlem i Djurskyddet Str\u00e4ngn\u00e4s \u00e4r du ocks\u00e5 medlem i riksf\u00f6rbundet Djurskyddet Sverige och f\u00e5r Tidningen Djurskyddet fyra g\u00e5nger per \u00e5r, b\u00e5de i brevl\u00e5dan och i appen TD. Ladda ner den d\u00e4r appar finns! Dessutom kan du l\u00e4sa intressanta djurskyddsnyheter p\u00e5 <a href=\"https:\/\/tidningen.djurskyddet.se\/\"><strong>webbtidningen<\/strong> <\/a>och kan ta del av ett antal\u202ffina <strong><a href=\"https:\/\/www.djurskyddet.se\/stod-oss\/bli-medlem\/medlemsformaner\/\">medlemsf\u00f6rm\u00e5ner<\/a><\/strong>, s\u00e5som rabatt hos olika n\u00e4tbutiker.\u00a0<\/p>\n\n\n\n<p>Registrera dig som medlem p\u00e5\u202fDjurskyddet Sveriges hemsida. Se till att v\u00e4lja Djurskyddet Str\u00e4ngn\u00e4s som din lokalf\u00f6rening.\u00a0<\/p>\n\n\n\n<div class=\"wp-block-buttons is-layout-flex wp-block-buttons-is-layout-flex\">\n<div class=\"wp-block-button has-custom-font-size has-small-font-size\"><a class=\"wp-block-button__link has-white-color has-text-color has-background has-link-color wp-element-button\" href=\"https:\/\/donation.djurskyddet.se\/s\/medlem\" style=\"background-color:#00a64a\">Bli medlem h\u00e4r<\/a><\/div>\n<\/div>\n\n\n\n<p><\/p>\n\n\n\n<p class=\"has-text-align-left\"><strong>Tack f\u00f6r att du st\u00f6djer v\u00e5rt arbete f\u00f6r djuren!<\/strong><\/p>\n","protected":false},"excerpt":{"rendered":"<p>Medlemskapet i Djurskyddet Str\u00e4ngn\u00e4s kostar 240 kr per kalender\u00e5r. Blir du medlem under oktober\u2013december r\u00e4cker ditt medlemskap till 31 december n\u00e4stkommande \u00e5r. Som medlem i Djurskyddet Str\u00e4ngn\u00e4s \u00e4r du ocks\u00e5 medlem i riksf\u00f6rbundet Djurskyddet Sverige och f\u00e5r Tidningen Djurskyddet fyra g\u00e5nger per \u00e5r, b\u00e5de i brevl\u00e5dan och i appen TD. Ladda ner den d\u00e4r appar finns! Dessutom kan du l\u00e4sa intressanta djurskyddsnyheter p\u00e5 webbtidningen och kan ta del av ett&hellip;<\/p>\n<p><a class=\"more-link\" href=\"https:\/\/www.djurskyddet.se\/strangnas\/stod-oss\/bli-medlem\/\" title=\"Continue reading &lsquo;Bli medlem&rsquo;\">L&auml;s mer<span class=\"meta-nav\">&raquo;<\/span><\/a><\/p>\n","protected":false},"author":3,"featured_media":0,"parent":5504,"menu_order":0,"comment_status":"closed","ping_status":"closed","template":"page-templates\/left-sidebar.php","meta":{"_acf_changed":false,"footnotes":""},"class_list":["post-5541","page","type-page","status-publish","hentry"],"acf":[],"_links":{"self":[{"href":"https:\/\/www.djurskyddet.se\/strangnas\/wp-json\/wp\/v2\/pages\/5541","targetHints":{"allow":["GET"]}}],"collection":[{"href":"https:\/\/www.djurskyddet.se\/strangnas\/wp-json\/wp\/v2\/pages"}],"about":[{"href":"https:\/\/www.djurskyddet.se\/strangnas\/wp-json\/wp\/v2\/types\/page"}],"author":[{"embeddable":true,"href":"https:\/\/www.djurskyddet.se\/strangnas\/wp-json\/wp\/v2\/users\/3"}],"replies":[{"embeddable":true,"href":"https:\/\/www.djurskyddet.se\/strangnas\/wp-json\/wp\/v2\/comments?post=5541"}],"version-history":[{"count":20,"href":"https:\/\/www.djurskyddet.se\/strangnas\/wp-json\/wp\/v2\/pages\/5541\/revisions"}],"predecessor-version":[{"id":9289,"href":"https:\/\/www.djurskyddet.se\/strangnas\/wp-json\/wp\/v2\/pages\/5541\/revisions\/9289"}],"up":[{"embeddable":true,"href":"https:\/\/www.djurskyddet.se\/strangnas\/wp-json\/wp\/v2\/pages\/5504"}],"wp:attachment":[{"href":"https:\/\/www.djurskyddet.se\/strangnas\/wp-json\/wp\/v2\/media?parent=5541"}],"curies":[{"name":"wp","href":"https:\/\/api.w.org\/{rel}","templated":true}]}}