{"id":5543,"date":"2018-03-21T14:04:59","date_gmt":"2018-03-21T14:04:59","guid":{"rendered":"http:\/\/www.djurskyddet.se\/strangnas\/?page_id=5543"},"modified":"2026-02-15T20:03:34","modified_gmt":"2026-02-15T18:03:34","slug":"ge-en-gava","status":"publish","type":"page","link":"https:\/\/www.djurskyddet.se\/strangnas\/stod-oss\/ge-en-gava\/","title":{"rendered":"Ge en g\u00e5va"},"content":{"rendered":"<h4>Du f\u00e5r g\u00e4rna sk\u00e4nka valfritt belopp f\u00f6r att st\u00f6tta v\u00e5r verksamhet f\u00f6r heml\u00f6sa katter. Du kan b\u00e5de Swisha och skicka \u00f6nskat belopp genom din bank. Vi tar tacksamt emot alla bidrag &#8211; stora som sm\u00e5!<\/h4>\n<p>F\u00f6r att skicka med PlusGiro:\u00a0 <strong>174819-3<\/strong> ange meddelandet &#8221;<strong>G\u00c5VA<\/strong>&#8221;.\u00a0\u00a0<br \/>F\u00f6r Swish: <strong>123 231 5653 <\/strong>och ange meddelandet <strong>&#8221;G\u00c5VA&#8221;. <\/strong><\/p>\n<p>I st\u00e4llet f\u00f6r att bidra med pengar kanske du vill sk\u00e4nka saker\/produkter till oss. H\u00e4r \u00e4r n\u00e5got av det som vi alltid beh\u00f6ver:<\/p>\n<ul>\n<li>Kattmat &#8211; fr\u00e4mst mjukmat<\/li>\n<li>Kattspadar<\/li>\n<li>Kattb\u00e4ddar<\/li>\n<li>Leksaker<\/li>\n<li>Matsk\u00e5lar, ej plast<\/li>\n<li>Avmaskningsmedel<\/li>\n<\/ul>\n\n\n<p>Tack f\u00f6r att du st\u00f6ttar oss!<\/p>\n","protected":false},"excerpt":{"rendered":"<p>Du f\u00e5r g\u00e4rna sk\u00e4nka valfritt belopp f\u00f6r att st\u00f6tta v\u00e5r verksamhet f\u00f6r heml\u00f6sa katter. Du kan b\u00e5de Swisha och skicka \u00f6nskat belopp genom din bank. Vi tar tacksamt emot alla bidrag &#8211; stora som sm\u00e5! F\u00f6r att skicka med PlusGiro:\u00a0 174819-3 ange meddelandet &#8221;G\u00c5VA&#8221;.\u00a0\u00a0F\u00f6r Swish: 123 231 5653 och ange meddelandet &#8221;G\u00c5VA&#8221;. I st\u00e4llet f\u00f6r att bidra med pengar kanske du vill sk\u00e4nka saker\/produkter till oss. H\u00e4r \u00e4r n\u00e5got av&hellip;<\/p>\n<p><a class=\"more-link\" href=\"https:\/\/www.djurskyddet.se\/strangnas\/stod-oss\/ge-en-gava\/\" title=\"Continue reading &lsquo;Ge en g\u00e5va&rsquo;\">L&auml;s mer<span class=\"meta-nav\">&raquo;<\/span><\/a><\/p>\n","protected":false},"author":3,"featured_media":0,"parent":5504,"menu_order":0,"comment_status":"closed","ping_status":"closed","template":"page-templates\/left-sidebar.php","meta":{"_acf_changed":false,"footnotes":""},"class_list":["post-5543","page","type-page","status-publish","hentry"],"acf":[],"_links":{"self":[{"href":"https:\/\/www.djurskyddet.se\/strangnas\/wp-json\/wp\/v2\/pages\/5543","targetHints":{"allow":["GET"]}}],"collection":[{"href":"https:\/\/www.djurskyddet.se\/strangnas\/wp-json\/wp\/v2\/pages"}],"about":[{"href":"https:\/\/www.djurskyddet.se\/strangnas\/wp-json\/wp\/v2\/types\/page"}],"author":[{"embeddable":true,"href":"https:\/\/www.djurskyddet.se\/strangnas\/wp-json\/wp\/v2\/users\/3"}],"replies":[{"embeddable":true,"href":"https:\/\/www.djurskyddet.se\/strangnas\/wp-json\/wp\/v2\/comments?post=5543"}],"version-history":[{"count":83,"href":"https:\/\/www.djurskyddet.se\/strangnas\/wp-json\/wp\/v2\/pages\/5543\/revisions"}],"predecessor-version":[{"id":10305,"href":"https:\/\/www.djurskyddet.se\/strangnas\/wp-json\/wp\/v2\/pages\/5543\/revisions\/10305"}],"up":[{"embeddable":true,"href":"https:\/\/www.djurskyddet.se\/strangnas\/wp-json\/wp\/v2\/pages\/5504"}],"wp:attachment":[{"href":"https:\/\/www.djurskyddet.se\/strangnas\/wp-json\/wp\/v2\/media?parent=5543"}],"curies":[{"name":"wp","href":"https:\/\/api.w.org\/{rel}","templated":true}]}}