{"id":5547,"date":"2018-03-21T14:06:03","date_gmt":"2018-03-21T14:06:03","guid":{"rendered":"http:\/\/www.djurskyddet.se\/strangnas\/?page_id=5547"},"modified":"2024-09-19T20:16:54","modified_gmt":"2024-09-19T18:16:54","slug":"hjalp-till-pa-katthemmet","status":"publish","type":"page","link":"https:\/\/www.djurskyddet.se\/strangnas\/stod-oss\/hjalp-till-pa-katthemmet\/","title":{"rendered":"Hj\u00e4lp till p\u00e5 katthemmet"},"content":{"rendered":"<h5><span style=\"color: #008000\"><strong>\u00a0<\/strong><\/span><\/h5>\n<p>Som volont\u00e4r har du en viktig roll i de heml\u00f6sa katternas liv. F\u00f6r utom att du ser till att de har det bra under sin vistelse hos oss \u00e4r du ocks\u00e5 en del av katternas resa fr\u00e5n heml\u00f6s till att bli en \u00e4lskad familjemedlem.<strong><br \/>\n<\/strong><\/p>\n<p><strong>ATT VARA VOLONT\u00c4R:<\/strong><\/p>\n<p>Du ska ha fyllt 18 \u00e5r, vara ansvarsfull och noggrann. Vi ser g\u00e4rna att du \u00e4r tillg\u00e4nglig och motiverad att arbeta under en l\u00e5ngsiktig period. Kattvana och kunskap inom djurv\u00e5rd \u00e4r en merit men absolut inget krav<span style=\"font-size: inherit\">.<\/span>Vi vill g\u00e4rna att du minst tar ett pass varann vecka f\u00f6r att kunna h\u00e5lla dig uppdaterad med vad som h\u00e4nder p\u00e5 katthemmet.<\/p>\n<p><strong>ARBETSRUTINER:<\/strong><\/p>\n<p>Arbetsuppgifterna p\u00e5 katthemmet inkluderar st\u00e4dning, tv\u00e4tt och disk. Reng\u00f6ring av kattl\u00e5dor, utfordring, allm\u00e4n v\u00e5rd av katterna och vid behov medicinering. V\u00e5r viktigaste uppgift \u00e4r att umg\u00e5s med v\u00e5ra katter s\u00e5 att de blir s\u00e5 trygga och socialiserade att de s\u00e5 snart som m\u00f6jlighet kan f\u00e5 ett eget \u00a8 f\u00f6r alltid hem&#8221;<\/p>\n<p><strong>VOLONT\u00c4R P\u00c5 FLER S\u00c4TT<\/strong><\/p>\n<p>Det finns ocks\u00e5 andra uppgifter som man kan hj\u00e4lpa till med. Exempelvis att delta vid loppisar och andra evenemang, eventuella reparationer eller administrativa uppgifter. Kom g\u00e4rna med andra f\u00f6rslag.<\/p>\n<p><strong>L\u00e5ter det intressant? H\u00f6r av dig s\u00e5 ber\u00e4ttar vi mer.<\/strong><br \/>\n<strong>Tele: 070 880 54 42<\/strong><br \/>\n<strong>Mail:<\/strong> <a href=\"mailto:strangnas@djurskyddet.se\">strangnas@djurskyddet.se<\/a><\/p>\n<h4><strong><span style=\"color: #339966\">Eller kom och bes\u00f6k oss n\u00e4r vi har \u00f6ppet hus mellan 17 &#8211; 18 s\u00f6ndagar.<\/span><\/strong><\/h4>\n","protected":false},"excerpt":{"rendered":"<p>\u00a0 Som volont\u00e4r har du en viktig roll i de heml\u00f6sa katternas liv. F\u00f6r utom att du ser till att de har det bra under sin vistelse hos oss \u00e4r du ocks\u00e5 en del av katternas resa fr\u00e5n heml\u00f6s till att bli en \u00e4lskad familjemedlem. ATT VARA VOLONT\u00c4R: Du ska ha fyllt 18 \u00e5r, vara ansvarsfull och noggrann. Vi ser g\u00e4rna att du \u00e4r tillg\u00e4nglig och motiverad att arbeta under&hellip;<\/p>\n<p><a class=\"more-link\" href=\"https:\/\/www.djurskyddet.se\/strangnas\/stod-oss\/hjalp-till-pa-katthemmet\/\" title=\"Continue reading &lsquo;Hj\u00e4lp till p\u00e5 katthemmet&rsquo;\">L&auml;s mer<span class=\"meta-nav\">&raquo;<\/span><\/a><\/p>\n","protected":false},"author":3,"featured_media":0,"parent":5504,"menu_order":0,"comment_status":"closed","ping_status":"closed","template":"page-templates\/left-sidebar.php","meta":{"_acf_changed":false,"footnotes":""},"class_list":["post-5547","page","type-page","status-publish","hentry"],"acf":[],"_links":{"self":[{"href":"https:\/\/www.djurskyddet.se\/strangnas\/wp-json\/wp\/v2\/pages\/5547","targetHints":{"allow":["GET"]}}],"collection":[{"href":"https:\/\/www.djurskyddet.se\/strangnas\/wp-json\/wp\/v2\/pages"}],"about":[{"href":"https:\/\/www.djurskyddet.se\/strangnas\/wp-json\/wp\/v2\/types\/page"}],"author":[{"embeddable":true,"href":"https:\/\/www.djurskyddet.se\/strangnas\/wp-json\/wp\/v2\/users\/3"}],"replies":[{"embeddable":true,"href":"https:\/\/www.djurskyddet.se\/strangnas\/wp-json\/wp\/v2\/comments?post=5547"}],"version-history":[{"count":21,"href":"https:\/\/www.djurskyddet.se\/strangnas\/wp-json\/wp\/v2\/pages\/5547\/revisions"}],"predecessor-version":[{"id":8622,"href":"https:\/\/www.djurskyddet.se\/strangnas\/wp-json\/wp\/v2\/pages\/5547\/revisions\/8622"}],"up":[{"embeddable":true,"href":"https:\/\/www.djurskyddet.se\/strangnas\/wp-json\/wp\/v2\/pages\/5504"}],"wp:attachment":[{"href":"https:\/\/www.djurskyddet.se\/strangnas\/wp-json\/wp\/v2\/media?parent=5547"}],"curies":[{"name":"wp","href":"https:\/\/api.w.org\/{rel}","templated":true}]}}