{"id":5579,"date":"2018-03-21T14:43:05","date_gmt":"2018-03-21T14:43:05","guid":{"rendered":"http:\/\/www.djurskyddet.se\/strangnas\/?page_id=5579"},"modified":"2026-02-08T11:25:41","modified_gmt":"2026-02-08T09:25:41","slug":"inackorderingar","status":"publish","type":"page","link":"https:\/\/www.djurskyddet.se\/strangnas\/katthemmet\/inackorderingar\/","title":{"rendered":"Inackorderingar"},"content":{"rendered":"<h3><span style=\"color: #000000\"><strong>Om du har behov att inackordera din katt s\u00e5 kan vi varmt rekommendera dessa pensionat<\/strong><\/span><\/h3>\n<h3><span style=\"color: #0000ff\"><a style=\"color: #0000ff\" href=\"https:\/\/www.kattpensionatetihedlandet.se\/\"><strong>Kattpensionatet i Hedlandet<\/strong>\u00a0<\/a> <\/span><br \/>\nNybygget1 Mariefred<br \/>\n070 220 99 30<\/h3>\n<h3><span style=\"color: #0000ff\"><strong>Kattpensionatet Fridhem<\/strong><\/span><br \/>\nFridhem1 H\u00e4rad Str\u00e4ngn\u00e4s<br \/>\n070 543 04 15<\/h3>\n","protected":false},"excerpt":{"rendered":"<p>Om du har behov att inackordera din katt s\u00e5 kan vi varmt rekommendera dessa pensionat Kattpensionatet i Hedlandet\u00a0 Nybygget1 Mariefred 070 220 99 30 Kattpensionatet Fridhem Fridhem1 H\u00e4rad Str\u00e4ngn\u00e4s 070 543 04 15<\/p>\n","protected":false},"author":3,"featured_media":0,"parent":5506,"menu_order":0,"comment_status":"closed","ping_status":"closed","template":"page-templates\/left-sidebar.php","meta":{"_acf_changed":false,"footnotes":""},"class_list":["post-5579","page","type-page","status-publish","hentry"],"acf":[],"_links":{"self":[{"href":"https:\/\/www.djurskyddet.se\/strangnas\/wp-json\/wp\/v2\/pages\/5579","targetHints":{"allow":["GET"]}}],"collection":[{"href":"https:\/\/www.djurskyddet.se\/strangnas\/wp-json\/wp\/v2\/pages"}],"about":[{"href":"https:\/\/www.djurskyddet.se\/strangnas\/wp-json\/wp\/v2\/types\/page"}],"author":[{"embeddable":true,"href":"https:\/\/www.djurskyddet.se\/strangnas\/wp-json\/wp\/v2\/users\/3"}],"replies":[{"embeddable":true,"href":"https:\/\/www.djurskyddet.se\/strangnas\/wp-json\/wp\/v2\/comments?post=5579"}],"version-history":[{"count":29,"href":"https:\/\/www.djurskyddet.se\/strangnas\/wp-json\/wp\/v2\/pages\/5579\/revisions"}],"predecessor-version":[{"id":9966,"href":"https:\/\/www.djurskyddet.se\/strangnas\/wp-json\/wp\/v2\/pages\/5579\/revisions\/9966"}],"up":[{"embeddable":true,"href":"https:\/\/www.djurskyddet.se\/strangnas\/wp-json\/wp\/v2\/pages\/5506"}],"wp:attachment":[{"href":"https:\/\/www.djurskyddet.se\/strangnas\/wp-json\/wp\/v2\/media?parent=5579"}],"curies":[{"name":"wp","href":"https:\/\/api.w.org\/{rel}","templated":true}]}}