{"id":6327,"date":"2019-05-27T13:18:47","date_gmt":"2019-05-27T11:18:47","guid":{"rendered":"https:\/\/www.djurskyddet.se\/strangnas\/?page_id=6327"},"modified":"2025-11-08T02:51:16","modified_gmt":"2025-11-08T00:51:16","slug":"sponsorer","status":"publish","type":"page","link":"https:\/\/www.djurskyddet.se\/strangnas\/stod-oss\/sponsorer\/","title":{"rendered":"Sponsorer"},"content":{"rendered":"\n<p>H\u00e4r listar vi v\u00e5ra gener\u00f6sa sponsorer som st\u00f6ttar v\u00e5rt katthem p\u00e5 olika s\u00e4tt. Eftersom Djurskyddet Str\u00e4ngn\u00e4s drivs helt ideellt \u00e4r vi beroende av g\u00e5vor och st\u00f6d. Om du som \u00e4ger ett f\u00f6retag eller organisation vill synas h\u00e4r och hj\u00e4lpa oss i v\u00e5rt arbete f\u00f6r heml\u00f6sa katter s\u00e5 \u00e4r du varmt v\u00e4lkommen att kontakta oss p\u00e5: <a href=\"mailto:strangnas@djurskyddet.se\">strangnas@djurskyddet.se<\/a><\/p>\n\n\n\n<figure class=\"wp-block-gallery aligncenter has-nested-images columns-default is-cropped wp-block-gallery-1 is-layout-flex wp-block-gallery-is-layout-flex\">\n<figure class=\"wp-block-image size-large\"><a href=\"https:\/\/www.arkenzoo.se\"><img decoding=\"async\" data-id=\"9439\" src=\"https:\/\/www.djurskyddet.se\/strangnas\/wp-content\/uploads\/sites\/13\/2025\/11\/Arkenzoo.jpg\" alt=\"\" class=\"wp-image-9439\" \/><\/a><\/figure>\n\n\n\n<figure class=\"wp-block-image size-large\"><a href=\"https:\/\/www.allboden.se\/\"><img decoding=\"async\" data-id=\"9440\" src=\"https:\/\/www.djurskyddet.se\/strangnas\/wp-content\/uploads\/sites\/13\/2025\/11\/Allboden.jpg\" alt=\"\" class=\"wp-image-9440\" \/><\/a><\/figure>\n\n\n\n<figure class=\"wp-block-image size-large\"><a href=\"https:\/\/www.anicura.se\/hitta-klinik\/strangnas-djurklinik\/\"><img decoding=\"async\" data-id=\"9437\" src=\"https:\/\/www.djurskyddet.se\/strangnas\/wp-content\/uploads\/sites\/13\/2025\/11\/Anicura.jpg\" alt=\"\" class=\"wp-image-9437\" \/><\/a><\/figure>\n\n\n\n<figure class=\"wp-block-image size-large\"><a href=\"https:\/\/www.agria.se\/\"><img loading=\"lazy\" decoding=\"async\" width=\"731\" height=\"731\" data-id=\"9464\" src=\"https:\/\/www.djurskyddet.se\/strangnas\/wp-content\/uploads\/sites\/13\/2025\/11\/Agria-copy-2.jpg\" alt=\"\" class=\"wp-image-9464\" srcset=\"https:\/\/www.djurskyddet.se\/strangnas\/wp-content\/uploads\/sites\/13\/2025\/11\/Agria-copy-2.jpg 731w, https:\/\/www.djurskyddet.se\/strangnas\/wp-content\/uploads\/sites\/13\/2025\/11\/Agria-copy-2-300x300.jpg 300w, https:\/\/www.djurskyddet.se\/strangnas\/wp-content\/uploads\/sites\/13\/2025\/11\/Agria-copy-2-150x150.jpg 150w, https:\/\/www.djurskyddet.se\/strangnas\/wp-content\/uploads\/sites\/13\/2025\/11\/Agria-copy-2-400x400.jpg 400w\" sizes=\"auto, (max-width: 731px) 100vw, 731px\" \/><\/a><\/figure>\n\n\n\n<figure class=\"wp-block-image size-large\"><a href=\"https:\/\/www.hillspet.se\/\"><img decoding=\"async\" data-id=\"9443\" src=\"https:\/\/www.djurskyddet.se\/strangnas\/wp-content\/uploads\/sites\/13\/2025\/11\/Hills.jpg\" alt=\"\" class=\"wp-image-9443\" \/><\/a><\/figure>\n\n\n\n<figure class=\"wp-block-image size-large\"><a href=\"https:\/\/www.sevab.com\/privat\"><img decoding=\"async\" data-id=\"9444\" src=\"https:\/\/www.djurskyddet.se\/strangnas\/wp-content\/uploads\/sites\/13\/2025\/11\/Sevab.jpg\" alt=\"\" class=\"wp-image-9444\" \/><\/a><\/figure>\n\n\n\n<figure class=\"wp-block-image size-large\"><a href=\"https:\/\/www.bokadirekt.se\/places\/lifecare-strangnas-8614\"><img decoding=\"async\" data-id=\"9442\" src=\"https:\/\/www.djurskyddet.se\/strangnas\/wp-content\/uploads\/sites\/13\/2025\/11\/Lifecare.jpg\" alt=\"\" class=\"wp-image-9442\" \/><\/a><\/figure>\n\n\n\n<figure class=\"wp-block-image size-large\"><img loading=\"lazy\" decoding=\"async\" width=\"731\" height=\"731\" data-id=\"9465\" src=\"https:\/\/www.djurskyddet.se\/strangnas\/wp-content\/uploads\/sites\/13\/2025\/11\/Strangasgolvtjanst.jpg\" alt=\"\" class=\"wp-image-9465\" srcset=\"https:\/\/www.djurskyddet.se\/strangnas\/wp-content\/uploads\/sites\/13\/2025\/11\/Strangasgolvtjanst.jpg 731w, https:\/\/www.djurskyddet.se\/strangnas\/wp-content\/uploads\/sites\/13\/2025\/11\/Strangasgolvtjanst-300x300.jpg 300w, https:\/\/www.djurskyddet.se\/strangnas\/wp-content\/uploads\/sites\/13\/2025\/11\/Strangasgolvtjanst-150x150.jpg 150w, https:\/\/www.djurskyddet.se\/strangnas\/wp-content\/uploads\/sites\/13\/2025\/11\/Strangasgolvtjanst-400x400.jpg 400w\" sizes=\"auto, (max-width: 731px) 100vw, 731px\" \/><\/figure>\n<\/figure>\n","protected":false},"excerpt":{"rendered":"<p>H\u00e4r listar vi v\u00e5ra gener\u00f6sa sponsorer som st\u00f6ttar v\u00e5rt katthem p\u00e5 olika s\u00e4tt. Eftersom Djurskyddet Str\u00e4ngn\u00e4s drivs helt ideellt \u00e4r vi beroende av g\u00e5vor och st\u00f6d. Om du som \u00e4ger ett f\u00f6retag eller organisation vill synas h\u00e4r och hj\u00e4lpa oss i v\u00e5rt arbete f\u00f6r heml\u00f6sa katter s\u00e5 \u00e4r du varmt v\u00e4lkommen att kontakta oss p\u00e5: strangnas@djurskyddet.se<\/p>\n","protected":false},"author":3,"featured_media":0,"parent":5504,"menu_order":0,"comment_status":"closed","ping_status":"closed","template":"page-templates\/left-sidebar.php","meta":{"_acf_changed":false,"footnotes":""},"class_list":["post-6327","page","type-page","status-publish","hentry"],"acf":[],"_links":{"self":[{"href":"https:\/\/www.djurskyddet.se\/strangnas\/wp-json\/wp\/v2\/pages\/6327","targetHints":{"allow":["GET"]}}],"collection":[{"href":"https:\/\/www.djurskyddet.se\/strangnas\/wp-json\/wp\/v2\/pages"}],"about":[{"href":"https:\/\/www.djurskyddet.se\/strangnas\/wp-json\/wp\/v2\/types\/page"}],"author":[{"embeddable":true,"href":"https:\/\/www.djurskyddet.se\/strangnas\/wp-json\/wp\/v2\/users\/3"}],"replies":[{"embeddable":true,"href":"https:\/\/www.djurskyddet.se\/strangnas\/wp-json\/wp\/v2\/comments?post=6327"}],"version-history":[{"count":17,"href":"https:\/\/www.djurskyddet.se\/strangnas\/wp-json\/wp\/v2\/pages\/6327\/revisions"}],"predecessor-version":[{"id":9705,"href":"https:\/\/www.djurskyddet.se\/strangnas\/wp-json\/wp\/v2\/pages\/6327\/revisions\/9705"}],"up":[{"embeddable":true,"href":"https:\/\/www.djurskyddet.se\/strangnas\/wp-json\/wp\/v2\/pages\/5504"}],"wp:attachment":[{"href":"https:\/\/www.djurskyddet.se\/strangnas\/wp-json\/wp\/v2\/media?parent=6327"}],"curies":[{"name":"wp","href":"https:\/\/api.w.org\/{rel}","templated":true}]}}