{"id":5570,"date":"2019-01-11T09:57:46","date_gmt":"2019-01-11T09:57:46","guid":{"rendered":"https:\/\/djurskyddet.flywheelsites.com\/ungdom\/?page_id=5570"},"modified":"2025-01-29T14:05:37","modified_gmt":"2025-01-29T13:05:37","slug":"om-oss","status":"publish","type":"page","link":"https:\/\/www.djurskyddet.se\/ungdom\/om-oss\/","title":{"rendered":"Om oss"},"content":{"rendered":"\n<p>Djurskyddet Ungdom \u00e4r en ideell ungdomsorganisation som arbetar f\u00f6r att st\u00e4rka djurskyddet i Sverige. Vi samlar unga personer under 30 \u00e5r och har lokalf\u00f6reningar \u00f6ver hela landet. V\u00e5r vision \u00e4r ett samh\u00e4lle d\u00e4r m\u00e4nniskor visar respekt och medk\u00e4nsla f\u00f6r alla djur.<\/p>\n\n\n\n<h3 class=\"wp-block-heading\">Djurskyddsarbete p\u00e5 kort och l\u00e5ng sikt<\/h3>\n\n\n\n<p>Djurskyddet Ungdom \u00e4r knuten till <a href=\"https:\/\/djurskyddet.flywheelsites.com\" target=\"_blank\" rel=\"noopener noreferrer\">Djurskyddet Sverige<\/a>. Tillsammans arbetar vi f\u00f6r att skydda djur genom att l\u00e5ngsiktigt p\u00e5verka lagar, regler och enskilda m\u00e4nniskor f\u00f6r att st\u00e4rka djurens skydd. Djurskyddet Sverige r\u00e4ddar djur genom att g\u00f6ra praktisk skillnad f\u00f6r \u00f6vergivna djur som beh\u00f6ver nya k\u00e4rleksfulla hem.<\/p>\n\n\n\n<p><a href=\"https:\/\/www.djurskyddet.se\/ungdom\/engagera-dig\/\">Engagera dig<\/a> f\u00f6r djuren tillsammans med oss!<\/p>\n\n\n\n<p>Om du vill veta mer om vad vi tycker i olika djurskyddsfr\u00e5gor s\u00e5 f\u00e5r du g\u00e4rna l\u00e4sa v\u00e5rt <a href=\"https:\/\/www.djurskyddet.se\/ungdom\/vart-principprogram\/\" data-type=\"page\" data-id=\"6786\">principprogram.<\/a> Eller om du \u00e4r nyfiken p\u00e5 vad vi har gjort det senaste \u00e5ret kan du l\u00e4sa v\u00e5r <a href=\"https:\/\/www.djurskyddet.se\/ungdom\/verksamhetsberattelse-2022-2\/\" data-type=\"page\" data-id=\"6337\">verksamhetsber\u00e4ttelse. <\/a><\/p>\n\n\n\n<p>H\u00e4r hittar du \u00e4ven v\u00e5ra <a href=\"https:\/\/www.djurskyddet.se\/wp-content\/uploads\/sites\/30\/2025\/01\/Stadgar-Djurskyddet-Ungdom.pdf\">stadgar.<\/a><\/p>\n\n\n\n<p><\/p>\n","protected":false},"excerpt":{"rendered":"<p>Djurskyddet Ungdom \u00e4r en ideell ungdomsorganisation som arbetar f\u00f6r att st\u00e4rka djurskyddet i Sverige. Vi samlar unga personer under 30 \u00e5r och har lokalf\u00f6reningar \u00f6ver hela landet. V\u00e5r vision \u00e4r ett samh\u00e4lle d\u00e4r m\u00e4nniskor visar respekt och medk\u00e4nsla f\u00f6r alla djur. Djurskyddsarbete p\u00e5 kort och l\u00e5ng sikt Djurskyddet Ungdom \u00e4r knuten till Djurskyddet Sverige. Tillsammans [&hellip;]<\/p>\n","protected":false},"author":3,"featured_media":7077,"parent":0,"menu_order":0,"comment_status":"closed","ping_status":"closed","template":"page-templates\/page-full-width-image.php","meta":{"_acf_changed":false,"footnotes":""},"class_list":["post-5570","page","type-page","status-publish","has-post-thumbnail","hentry"],"acf":[],"_links":{"self":[{"href":"https:\/\/www.djurskyddet.se\/ungdom\/wp-json\/wp\/v2\/pages\/5570","targetHints":{"allow":["GET"]}}],"collection":[{"href":"https:\/\/www.djurskyddet.se\/ungdom\/wp-json\/wp\/v2\/pages"}],"about":[{"href":"https:\/\/www.djurskyddet.se\/ungdom\/wp-json\/wp\/v2\/types\/page"}],"author":[{"embeddable":true,"href":"https:\/\/www.djurskyddet.se\/ungdom\/wp-json\/wp\/v2\/users\/3"}],"replies":[{"embeddable":true,"href":"https:\/\/www.djurskyddet.se\/ungdom\/wp-json\/wp\/v2\/comments?post=5570"}],"version-history":[{"count":10,"href":"https:\/\/www.djurskyddet.se\/ungdom\/wp-json\/wp\/v2\/pages\/5570\/revisions"}],"predecessor-version":[{"id":6926,"href":"https:\/\/www.djurskyddet.se\/ungdom\/wp-json\/wp\/v2\/pages\/5570\/revisions\/6926"}],"wp:featuredmedia":[{"embeddable":true,"href":"https:\/\/www.djurskyddet.se\/ungdom\/wp-json\/wp\/v2\/media\/7077"}],"wp:attachment":[{"href":"https:\/\/www.djurskyddet.se\/ungdom\/wp-json\/wp\/v2\/media?parent=5570"}],"curies":[{"name":"wp","href":"https:\/\/api.w.org\/{rel}","templated":true}]}}