{"id":5594,"date":"2019-01-11T11:33:02","date_gmt":"2019-01-11T11:33:02","guid":{"rendered":"https:\/\/djurskyddet.flywheelsites.com\/ungdom\/?page_id=5594"},"modified":"2024-11-04T15:02:26","modified_gmt":"2024-11-04T14:02:26","slug":"engagera-dig","status":"publish","type":"page","link":"https:\/\/www.djurskyddet.se\/ungdom\/engagera-dig\/","title":{"rendered":"Tillsammans kan vi g\u00f6ra mest!"},"content":{"rendered":"\n<p>Djurskyddet Ungdom har lokalf\u00f6reningar runt om i landet och vi vill starta \u00e4nnu fler. F\u00f6r att starta en f\u00f6rening beh\u00f6ver ni vara minst tre personer som vill hj\u00e4lpa djur och jobba f\u00f6r att st\u00e4rka djurskyddet i Sverige. V\u00e5ra f\u00f6reningar arbetar bland annat med att rekrytera medlemmar, driva kampanjer och hj\u00e4lper till p\u00e5 Djurskyddet Sveriges djurhem.<\/p>\n\n\n\n<p><strong>Vill du engagera dig i en av v\u00e5ra f\u00f6reningar, eller starta en ny f\u00f6rening d\u00e4r du bor? Kontakta oss!<\/strong><\/p>\n\n\n\n<p><strong>ungdom@djurskyddet.se<\/strong><\/p>\n\n\n\n<div style=\"height:50px\" aria-hidden=\"true\" class=\"wp-block-spacer\"><\/div>\n\n\n\n<p class=\"has-text-align-center\">Just nu har vi lokalf\u00f6reningar i:<\/p>\n\n\n<ul class=\"lokalforeningar wp-block-page-list\"><li class=\"wp-block-pages-list__item\"><a class=\"wp-block-pages-list__item__link\" href=\"https:\/\/www.djurskyddet.se\/ungdom\/engagera-dig\/blekinge\/\">Blekinge<\/a><\/li><li class=\"wp-block-pages-list__item\"><a class=\"wp-block-pages-list__item__link\" href=\"https:\/\/www.djurskyddet.se\/ungdom\/engagera-dig\/goteborg\/\">G\u00f6teborg<\/a><\/li><li class=\"wp-block-pages-list__item\"><a class=\"wp-block-pages-list__item__link\" href=\"https:\/\/www.djurskyddet.se\/ungdom\/engagera-dig\/malmo\/\">Malm\u00f6<\/a><\/li><li class=\"wp-block-pages-list__item\"><a class=\"wp-block-pages-list__item__link\" href=\"https:\/\/www.djurskyddet.se\/ungdom\/engagera-dig\/orebro\/\">\u00d6rebro<\/a><\/li><li class=\"wp-block-pages-list__item\"><a class=\"wp-block-pages-list__item__link\" href=\"https:\/\/www.djurskyddet.se\/ungdom\/engagera-dig\/stockholm\/\">Stockholm<\/a><\/li><li class=\"wp-block-pages-list__item\"><a class=\"wp-block-pages-list__item__link\" href=\"https:\/\/www.djurskyddet.se\/ungdom\/engagera-dig\/strangnas\/\">Str\u00e4ngn\u00e4s<\/a><\/li><li class=\"wp-block-pages-list__item\"><a class=\"wp-block-pages-list__item__link\" href=\"https:\/\/www.djurskyddet.se\/ungdom\/engagera-dig\/umea\/\">Ume\u00e5<\/a><\/li><li class=\"wp-block-pages-list__item\"><a class=\"wp-block-pages-list__item__link\" href=\"https:\/\/www.djurskyddet.se\/ungdom\/engagera-dig\/vallingby\/\">V\u00e4llingby<\/a><\/li><\/ul>","protected":false},"excerpt":{"rendered":"<p>Djurskyddet Ungdom har lokalf\u00f6reningar runt om i landet och vi vill starta \u00e4nnu fler. F\u00f6r att starta en f\u00f6rening beh\u00f6ver ni vara minst tre personer som vill hj\u00e4lpa djur och jobba f\u00f6r att st\u00e4rka djurskyddet i Sverige. V\u00e5ra f\u00f6reningar arbetar bland annat med att rekrytera medlemmar, driva kampanjer och hj\u00e4lper till p\u00e5 Djurskyddet Sveriges djurhem. [&hellip;]<\/p>\n","protected":false},"author":3,"featured_media":0,"parent":0,"menu_order":0,"comment_status":"closed","ping_status":"closed","template":"","meta":{"_acf_changed":false,"footnotes":""},"class_list":["post-5594","page","type-page","status-publish","hentry"],"acf":[],"_links":{"self":[{"href":"https:\/\/www.djurskyddet.se\/ungdom\/wp-json\/wp\/v2\/pages\/5594","targetHints":{"allow":["GET"]}}],"collection":[{"href":"https:\/\/www.djurskyddet.se\/ungdom\/wp-json\/wp\/v2\/pages"}],"about":[{"href":"https:\/\/www.djurskyddet.se\/ungdom\/wp-json\/wp\/v2\/types\/page"}],"author":[{"embeddable":true,"href":"https:\/\/www.djurskyddet.se\/ungdom\/wp-json\/wp\/v2\/users\/3"}],"replies":[{"embeddable":true,"href":"https:\/\/www.djurskyddet.se\/ungdom\/wp-json\/wp\/v2\/comments?post=5594"}],"version-history":[{"count":10,"href":"https:\/\/www.djurskyddet.se\/ungdom\/wp-json\/wp\/v2\/pages\/5594\/revisions"}],"predecessor-version":[{"id":7123,"href":"https:\/\/www.djurskyddet.se\/ungdom\/wp-json\/wp\/v2\/pages\/5594\/revisions\/7123"}],"wp:attachment":[{"href":"https:\/\/www.djurskyddet.se\/ungdom\/wp-json\/wp\/v2\/media?parent=5594"}],"curies":[{"name":"wp","href":"https:\/\/api.w.org\/{rel}","templated":true}]}}