{"id":5885,"date":"2021-09-07T09:39:35","date_gmt":"2021-09-07T08:39:35","guid":{"rendered":"https:\/\/djurskyddet.flywheelsites.com\/ungdom\/?page_id=5885"},"modified":"2022-06-09T13:23:09","modified_gmt":"2022-06-09T12:23:09","slug":"lagar-och-tips","status":"publish","type":"page","link":"https:\/\/www.djurskyddet.se\/ungdom\/lagar-och-tips\/","title":{"rendered":"Lagar och tips"},"content":{"rendered":"\n<p><img loading=\"lazy\" decoding=\"async\" width=\"1024\" height=\"356\" class=\"wp-image-6093\" style=\"width: 150px\" src=\"https:\/\/www.djurskyddet.se\/wp-content\/uploads\/sites\/30\/2022\/06\/Flera-djur-iStock.jpg\" alt=\"\" srcset=\"https:\/\/www.djurskyddet.se\/ungdom\/wp-content\/uploads\/sites\/30\/2022\/06\/Flera-djur-iStock.jpg 1024w, https:\/\/www.djurskyddet.se\/ungdom\/wp-content\/uploads\/sites\/30\/2022\/06\/Flera-djur-iStock-800x278.jpg 800w, https:\/\/www.djurskyddet.se\/ungdom\/wp-content\/uploads\/sites\/30\/2022\/06\/Flera-djur-iStock-768x267.jpg 768w, https:\/\/www.djurskyddet.se\/ungdom\/wp-content\/uploads\/sites\/30\/2022\/06\/Flera-djur-iStock-300x104.jpg 300w, https:\/\/www.djurskyddet.se\/ungdom\/wp-content\/uploads\/sites\/30\/2022\/06\/Flera-djur-iStock-400x139.jpg 400w\" sizes=\"auto, (max-width: 1024px) 100vw, 1024px\" \/><\/p>\n\n\n\n<p>H\u00e4r till v\u00e4nster kan du l\u00e4sa om n\u00e5gra av v\u00e5ra s\u00e4llskapsdjur och vilka djurskyddslagar som g\u00e4ller. Du kan \u00e4ven f\u00e5 tips p\u00e5 hur du kan ta hand om dina djur. Om du klickar p\u00e5 knappen nedan s\u00e5 kommer du direkt till Jordbruksverkets hemsida d\u00e4r du kan l\u00e4sa mer om alla djurskyddslagar.<\/p>\n\n\n\n<div class=\"wp-block-buttons is-layout-flex wp-block-buttons-is-layout-flex\">\n<div class=\"wp-block-button\"><a class=\"wp-block-button__link\" href=\"https:\/\/jordbruksverket.se\/djur\/djurskydd-smittskydd-djurhalsa-och-folkhalsa\/djurskyddet-i-sverige\">Jordbruksverkets hemsida<\/a><\/div>\n<\/div>\n\n\n\n<p><\/p>\n","protected":false},"excerpt":{"rendered":"<p>H\u00e4r till v\u00e4nster kan du l\u00e4sa om n\u00e5gra av v\u00e5ra s\u00e4llskapsdjur och vilka djurskyddslagar som g\u00e4ller. Du kan \u00e4ven f\u00e5 tips p\u00e5 hur du kan ta hand om dina djur. Om du klickar p\u00e5 knappen nedan s\u00e5 kommer du direkt till Jordbruksverkets hemsida d\u00e4r du kan l\u00e4sa mer om alla djurskyddslagar.<\/p>\n","protected":false},"author":3,"featured_media":0,"parent":0,"menu_order":0,"comment_status":"closed","ping_status":"closed","template":"left-sidebar.php","meta":{"_acf_changed":false,"footnotes":""},"class_list":["post-5885","page","type-page","status-publish","hentry"],"acf":[],"_links":{"self":[{"href":"https:\/\/www.djurskyddet.se\/ungdom\/wp-json\/wp\/v2\/pages\/5885","targetHints":{"allow":["GET"]}}],"collection":[{"href":"https:\/\/www.djurskyddet.se\/ungdom\/wp-json\/wp\/v2\/pages"}],"about":[{"href":"https:\/\/www.djurskyddet.se\/ungdom\/wp-json\/wp\/v2\/types\/page"}],"author":[{"embeddable":true,"href":"https:\/\/www.djurskyddet.se\/ungdom\/wp-json\/wp\/v2\/users\/3"}],"replies":[{"embeddable":true,"href":"https:\/\/www.djurskyddet.se\/ungdom\/wp-json\/wp\/v2\/comments?post=5885"}],"version-history":[{"count":11,"href":"https:\/\/www.djurskyddet.se\/ungdom\/wp-json\/wp\/v2\/pages\/5885\/revisions"}],"predecessor-version":[{"id":6096,"href":"https:\/\/www.djurskyddet.se\/ungdom\/wp-json\/wp\/v2\/pages\/5885\/revisions\/6096"}],"wp:attachment":[{"href":"https:\/\/www.djurskyddet.se\/ungdom\/wp-json\/wp\/v2\/media?parent=5885"}],"curies":[{"name":"wp","href":"https:\/\/api.w.org\/{rel}","templated":true}]}}