{"id":5948,"date":"2022-02-07T09:22:24","date_gmt":"2022-02-07T08:22:24","guid":{"rendered":"https:\/\/djurskyddet.flywheelsites.com\/ungdom\/?page_id=5948"},"modified":"2025-01-29T14:20:53","modified_gmt":"2025-01-29T13:20:53","slug":"projekt-djuraffarer","status":"publish","type":"page","link":"https:\/\/www.djurskyddet.se\/ungdom\/projekt-djuraffarer\/","title":{"rendered":"Projekt Djuraff\u00e4rer"},"content":{"rendered":"\n<p>Under 2021-2022 jobbade vi p\u00e5 Djurskyddet Ungdom aktivt med ett projekt om djuraff\u00e4rer. Projektet \u00e4r vilande just nu men om du vill engagera dig i projektet s\u00e5 \u00e4r du v\u00e4lkommen att kontakta oss.<\/p>\n\n\n\n<p>Det vi g\u00f6r \u00e4r att granska och unders\u00f6ka djuraff\u00e4rer. Vi granskar om djuraff\u00e4rerna s\u00e4ljer olagliga produkter och vilka produkter de rekommenderar till olika djur. Vi tittar \u00e4ven p\u00e5 djurh\u00e5llningen p\u00e5 djuren de har i butiken och vi granskar s\u00e5 att djurskyddslagarna f\u00f6ljs. Just nu fokuserar vi framf\u00f6rallt p\u00e5 dessa djur: kanin, hamster, gerbil och r\u00e5tta. Eventuellt kommer granskningen \u00e4ven inkludera f\u00e5glar och fiskar.<\/p>\n\n\n\n<p><strong>M\u00e5l:<\/strong> M\u00e5let med projektet \u00e4r att stoppa djurf\u00f6rs\u00e4ljningen i djuraff\u00e4rerna och att uppmuntra djuraff\u00e4rer att samarbeta med bra uppf\u00f6dare. Vi vill \u00e4ven att kunderna ska f\u00e5 r\u00e4tt information om djuret kunden planerar att k\u00f6pa eller redan har.<\/p>\n\n\n\n<p><strong>Engagera dig<\/strong>: Om du vill engagera dig mer s\u00e5 f\u00e5r du g\u00e4rna h\u00f6ra av er till oss s\u00e5 ger vi dig ytterligare information. Mejla oss p\u00e5 ungdom@djurskyddet.se <\/p>\n\n\n\n<p>Vi vill djuren ska m\u00e5 s\u00e5 bra som m\u00f6jligt och kunna utf\u00f6ra sina naturliga beteenden och inte riskera skada sig. Va med och hj\u00e4lp oss hj\u00e4lpa djuren. Bli en riktig djurskyddshj\u00e4lte!<\/p>\n\n\n\n<figure class=\"wp-block-image size-full\"><img decoding=\"async\" src=\"https:\/\/www.djurskyddet.se\/wp-content\/uploads\/sites\/30\/2025\/01\/hamster-avlang.jpg\" alt=\"Hamster i sitt hus.\" class=\"wp-image-6980\"\/><\/figure>\n","protected":false},"excerpt":{"rendered":"<p>Under 2021-2022 jobbade vi p\u00e5 Djurskyddet Ungdom aktivt med ett projekt om djuraff\u00e4rer. Projektet \u00e4r vilande just nu men om du vill engagera dig i projektet s\u00e5 \u00e4r du v\u00e4lkommen att kontakta oss. Det vi g\u00f6r \u00e4r att granska och unders\u00f6ka djuraff\u00e4rer. Vi granskar om djuraff\u00e4rerna s\u00e4ljer olagliga produkter och vilka produkter de rekommenderar till [&hellip;]<\/p>\n","protected":false},"author":28,"featured_media":7082,"parent":0,"menu_order":0,"comment_status":"closed","ping_status":"closed","template":"","meta":{"_acf_changed":false,"footnotes":""},"class_list":["post-5948","page","type-page","status-publish","has-post-thumbnail","hentry"],"acf":[],"_links":{"self":[{"href":"https:\/\/www.djurskyddet.se\/ungdom\/wp-json\/wp\/v2\/pages\/5948","targetHints":{"allow":["GET"]}}],"collection":[{"href":"https:\/\/www.djurskyddet.se\/ungdom\/wp-json\/wp\/v2\/pages"}],"about":[{"href":"https:\/\/www.djurskyddet.se\/ungdom\/wp-json\/wp\/v2\/types\/page"}],"author":[{"embeddable":true,"href":"https:\/\/www.djurskyddet.se\/ungdom\/wp-json\/wp\/v2\/users\/28"}],"replies":[{"embeddable":true,"href":"https:\/\/www.djurskyddet.se\/ungdom\/wp-json\/wp\/v2\/comments?post=5948"}],"version-history":[{"count":7,"href":"https:\/\/www.djurskyddet.se\/ungdom\/wp-json\/wp\/v2\/pages\/5948\/revisions"}],"predecessor-version":[{"id":6985,"href":"https:\/\/www.djurskyddet.se\/ungdom\/wp-json\/wp\/v2\/pages\/5948\/revisions\/6985"}],"wp:featuredmedia":[{"embeddable":true,"href":"https:\/\/www.djurskyddet.se\/ungdom\/wp-json\/wp\/v2\/media\/7082"}],"wp:attachment":[{"href":"https:\/\/www.djurskyddet.se\/ungdom\/wp-json\/wp\/v2\/media?parent=5948"}],"curies":[{"name":"wp","href":"https:\/\/api.w.org\/{rel}","templated":true}]}}