{"id":6049,"date":"2022-06-02T09:28:33","date_gmt":"2022-06-02T08:28:33","guid":{"rendered":"https:\/\/djurskyddet.flywheelsites.com\/ungdom\/?page_id=6049"},"modified":"2025-01-29T14:26:43","modified_gmt":"2025-01-29T13:26:43","slug":"hamster","status":"publish","type":"page","link":"https:\/\/www.djurskyddet.se\/ungdom\/hamster\/","title":{"rendered":"Hamster"},"content":{"rendered":"\n<p>Hur ger man sin hamster de b\u00e4sta f\u00f6ruts\u00e4ttningarna? Trots att det \u00e4r ett litet djur \u00e4r det mycket att t\u00e4nka p\u00e5 f\u00f6r att den ska ha det s\u00e5 bra som m\u00f6jligt. <\/p>\n\n\n\n<p>Vi rekommenderar en bur p\u00e5 minst 80&#215;45 cm, med h\u00f6jd f\u00f6r ett 28 cm stort hjul. St\u00f6rre burar \u00e4r ofta b\u00e4ttre. Burar med galler kan vara problematiska om hamstern gnager eller kl\u00e4ttrar p\u00e5 gallret. Akvarium med n\u00e4tlock \u00e4r ett bra alternativ.\u00a0<\/p>\n\n\n\n<p>Bottenmaterial b\u00f6r vara tjockt f\u00f6r gr\u00e4vning, utan dammiga eller terpentin-inneh\u00e5llande sp\u00e5n. Bra alternativ \u00e4r Millamore, alsp\u00e5n eller hampastr\u00f6. Bomaterial som rivet toapapper fungerar bra f\u00f6r boet.&nbsp;<\/p>\n\n\n\n<p>Hjul ska vara minst 28 cm stort med en sl\u00e4t yta f\u00f6r att undvika ryggproblem. Tr\u00e4hjul \u00e4r tysta men sv\u00e5rare att reng\u00f6ra.&nbsp;<\/p>\n\n\n\n<p>Hamsterhus ska vara minst 15x15x10 cm, helst av tr\u00e4 eller kartong. F\u00f6r aktivering kan en rasthage vara bra, och sandbad uppskattas med dammfri chinchillasand eller kattsand.&nbsp;<\/p>\n\n\n\n<p>St\u00e4dning b\u00f6r inneb\u00e4ra punktst\u00e4dning och byte av bottenmaterial vid behov. Reng\u00f6r sandbad ofta om det anv\u00e4nds som toalett.&nbsp;<\/p>\n\n\n\n<p>Hamstern beh\u00f6ver aktiveras varje dag. Det kan g\u00f6ras genom att str\u00f6 ut mat f\u00f6r att uppmuntra naturligt foderinsamlingsbeteende eller genom att erbjuda leksaker och aktiviteter.&nbsp;<\/p>\n\n\n\n<p>F\u00f6r att t\u00e4nderna inte ska bli f\u00f6r l\u00e5nga b\u00f6r hamstern ha tillg\u00e5ng till gnagmaterial, grenar med bark, pinnar eller r\u00f6tter. Undvik gran, tall och bj\u00f6rk, och satsa p\u00e5 \u00e4ppel- eller p\u00e4rontr\u00e4, asp, al, l\u00f6nn eller syren. Inspektera och klipp klorna vid behov, och ha stenar eller tegel i buren s\u00e5 hamstern kan slipa sina klor.\u00a0<\/p>\n\n\n\n<p>K\u00e4lla: Svenska hamsters\u00e4llskapet&nbsp;<\/p>\n","protected":false},"excerpt":{"rendered":"<p>Hur ger man sin hamster de b\u00e4sta f\u00f6ruts\u00e4ttningarna? Trots att det \u00e4r ett litet djur \u00e4r det mycket att t\u00e4nka p\u00e5 f\u00f6r att den ska ha det s\u00e5 bra som m\u00f6jligt. Vi rekommenderar en bur p\u00e5 minst 80&#215;45 cm, med h\u00f6jd f\u00f6r ett 28 cm stort hjul. St\u00f6rre burar \u00e4r ofta b\u00e4ttre. Burar med galler [&hellip;]<\/p>\n","protected":false},"author":28,"featured_media":7083,"parent":0,"menu_order":0,"comment_status":"closed","ping_status":"closed","template":"page-templates\/page-djurtips.php","meta":{"_acf_changed":false,"footnotes":""},"class_list":["post-6049","page","type-page","status-publish","has-post-thumbnail","hentry"],"acf":[],"_links":{"self":[{"href":"https:\/\/www.djurskyddet.se\/ungdom\/wp-json\/wp\/v2\/pages\/6049","targetHints":{"allow":["GET"]}}],"collection":[{"href":"https:\/\/www.djurskyddet.se\/ungdom\/wp-json\/wp\/v2\/pages"}],"about":[{"href":"https:\/\/www.djurskyddet.se\/ungdom\/wp-json\/wp\/v2\/types\/page"}],"author":[{"embeddable":true,"href":"https:\/\/www.djurskyddet.se\/ungdom\/wp-json\/wp\/v2\/users\/28"}],"replies":[{"embeddable":true,"href":"https:\/\/www.djurskyddet.se\/ungdom\/wp-json\/wp\/v2\/comments?post=6049"}],"version-history":[{"count":5,"href":"https:\/\/www.djurskyddet.se\/ungdom\/wp-json\/wp\/v2\/pages\/6049\/revisions"}],"predecessor-version":[{"id":6829,"href":"https:\/\/www.djurskyddet.se\/ungdom\/wp-json\/wp\/v2\/pages\/6049\/revisions\/6829"}],"wp:featuredmedia":[{"embeddable":true,"href":"https:\/\/www.djurskyddet.se\/ungdom\/wp-json\/wp\/v2\/media\/7083"}],"wp:attachment":[{"href":"https:\/\/www.djurskyddet.se\/ungdom\/wp-json\/wp\/v2\/media?parent=6049"}],"curies":[{"name":"wp","href":"https:\/\/api.w.org\/{rel}","templated":true}]}}