{"id":6063,"date":"2022-06-09T12:54:03","date_gmt":"2022-06-09T11:54:03","guid":{"rendered":"https:\/\/djurskyddet.flywheelsites.com\/ungdom\/?page_id=6063"},"modified":"2025-01-29T14:30:13","modified_gmt":"2025-01-29T13:30:13","slug":"kaniner","status":"publish","type":"page","link":"https:\/\/www.djurskyddet.se\/ungdom\/kaniner\/","title":{"rendered":"Kanin"},"content":{"rendered":"\n<p>Kaniner \u00e4r mycket aktiva djur som b\u00f6r ha tillg\u00e5ng till stora ytor och gr\u00e4vm\u00f6jligheter att m\u00e5 bra. St\u00f6rre inh\u00e4gnader utomhus eller frig\u00e5ende h\u00e5llning inomhus med en gr\u00e4vl\u00e5da \u00e4r d\u00e4rf\u00f6r att f\u00f6redra. Kaniner m\u00e5ste enligt lag ha tillg\u00e5ng till en hylla att sitta p\u00e5 och under, som \u00e4r tillr\u00e4ckligt stor f\u00f6r alla kaniner tillsammans. I det vilda lever kaniner i stora kolonier. D\u00e4rav \u00e4r de sociala djur som b\u00f6r h\u00e5llas med minst en artfr\u00e4nde. Okastrerade, k\u00f6nsmogna hanar ska dock inte h\u00e5llas tillsammans med varandra.<\/p>\n\n\n\n<p>Minst 80% av kaninens kost ska best\u00e5 av h\u00f6, n\u00e5got de ska ha fri tillg\u00e5ng till. H\u00f6 tillsammans med pinnar \u00e4r viktigt f\u00f6r att slipa ner kaninens t\u00e4nder som st\u00e4ndigt v\u00e4xer. Undvik att ge gnagarblandningar d\u00e5 dessa inneh\u00e5ller f\u00f6r mycket fett och st\u00e4rkelse. Ist\u00e4llet m\u00e5r de b\u00e4st av pellets med h\u00f6gt fiberinneh\u00e5ll och bladgr\u00f6nt. Gr\u00f6nsaker med mer socker, som mor\u00f6tter eller \u00e4pple, kan ges i mindre m\u00e4ngder.<\/p>\n\n\n\n<p>T\u00e4nk p\u00e5 att kaninens mage \u00e4r k\u00e4nslig och beh\u00f6ver att de \u00e4ter ofta och mycket fiber (vilket h\u00f6 inneh\u00e5ller). De \u00e4r ocks\u00e5 k\u00e4nsliga f\u00f6r snabba foderbyten, s\u00e5 kom ih\u00e5g att introducerad ny mat l\u00e5ngsamt. Slutar kaninen \u00e4ta eller f\u00e5r diarr\u00e9 b\u00f6r du kontakta veterin\u00e4ren direkt d\u00e5 deras mage kan stanna av, vilket \u00e4r livshotande. Ett tips \u00e4r att g\u00f6ra en lista p\u00e5 vad kaninen t\u00e5l och inte. Exempelvis \u00e4r potatis, l\u00f6k, avokado och rabarber giftigt.<\/p>\n\n\n\n<p>Kaniner kan, som m\u00e5nga andra djur, bli klickertr\u00e4nade! Detta \u00e4r ett roligt s\u00e4tt att b\u00e5de stimulera och l\u00e4ra k\u00e4nna din kanin. L\u00e4r kaninen f\u00f6rst att f\u00f6rknippa klicket med en bel\u00f6ning, exempelvis dess favoritmat. Sedan \u00e4r det bara att b\u00f6rja l\u00e4ra kaninen trix!<\/p>\n","protected":false},"excerpt":{"rendered":"<p>Kaniner \u00e4r mycket aktiva djur som b\u00f6r ha tillg\u00e5ng till stora ytor och gr\u00e4vm\u00f6jligheter att m\u00e5 bra. St\u00f6rre inh\u00e4gnader utomhus eller frig\u00e5ende h\u00e5llning inomhus med en gr\u00e4vl\u00e5da \u00e4r d\u00e4rf\u00f6r att f\u00f6redra. Kaniner m\u00e5ste enligt lag ha tillg\u00e5ng till en hylla att sitta p\u00e5 och under, som \u00e4r tillr\u00e4ckligt stor f\u00f6r alla kaniner tillsammans. I det [&hellip;]<\/p>\n","protected":false},"author":28,"featured_media":7063,"parent":0,"menu_order":0,"comment_status":"closed","ping_status":"closed","template":"page-templates\/page-djurtips.php","meta":{"_acf_changed":false,"footnotes":""},"class_list":["post-6063","page","type-page","status-publish","has-post-thumbnail","hentry"],"acf":[],"_links":{"self":[{"href":"https:\/\/www.djurskyddet.se\/ungdom\/wp-json\/wp\/v2\/pages\/6063","targetHints":{"allow":["GET"]}}],"collection":[{"href":"https:\/\/www.djurskyddet.se\/ungdom\/wp-json\/wp\/v2\/pages"}],"about":[{"href":"https:\/\/www.djurskyddet.se\/ungdom\/wp-json\/wp\/v2\/types\/page"}],"author":[{"embeddable":true,"href":"https:\/\/www.djurskyddet.se\/ungdom\/wp-json\/wp\/v2\/users\/28"}],"replies":[{"embeddable":true,"href":"https:\/\/www.djurskyddet.se\/ungdom\/wp-json\/wp\/v2\/comments?post=6063"}],"version-history":[{"count":3,"href":"https:\/\/www.djurskyddet.se\/ungdom\/wp-json\/wp\/v2\/pages\/6063\/revisions"}],"predecessor-version":[{"id":6834,"href":"https:\/\/www.djurskyddet.se\/ungdom\/wp-json\/wp\/v2\/pages\/6063\/revisions\/6834"}],"wp:featuredmedia":[{"embeddable":true,"href":"https:\/\/www.djurskyddet.se\/ungdom\/wp-json\/wp\/v2\/media\/7063"}],"wp:attachment":[{"href":"https:\/\/www.djurskyddet.se\/ungdom\/wp-json\/wp\/v2\/media?parent=6063"}],"curies":[{"name":"wp","href":"https:\/\/api.w.org\/{rel}","templated":true}]}}