{"id":6078,"date":"2022-06-09T13:04:10","date_gmt":"2022-06-09T12:04:10","guid":{"rendered":"https:\/\/djurskyddet.flywheelsites.com\/ungdom\/?page_id=6078"},"modified":"2025-01-29T14:29:21","modified_gmt":"2025-01-29T13:29:21","slug":"hund","status":"publish","type":"page","link":"https:\/\/www.djurskyddet.se\/ungdom\/hund\/","title":{"rendered":"Hund"},"content":{"rendered":"\n<p><strong>H\u00e4r kommer tips till dig som har hund eller funderar p\u00e5 hund. Innan du skaffar hund t\u00e4nk igenom beslutet ordentligt. En hund \u00e4r en fantastisk varelse som kr\u00e4ver tid, t\u00e5lamod och engagemang. <\/strong><\/p>\n\n\n\n<p>Alla hundar ska vara chip-m\u00e4rkta och registrerade hos Jordbruksverket. De b\u00f6r ocks\u00e5 ha en f\u00f6rs\u00e4kring. Det finns \u00e4ven m\u00e5nga heml\u00f6sa hundar som beh\u00f6ver nytt hem. \u00c4ven d\u00e5 ska hunden vara registrerad och det \u00e4r viktigt att du ser till att hunden \u00e4r frisk. T\u00e4nk p\u00e5 att \u00e4ven en vuxen hund beh\u00f6ver f\u00e5 tid att v\u00e4nja sig i ett nytt hem. V\u00e4lj hundras efter dina intressen och vad du vill g\u00f6ra med hunden och inte efter hundens utseende.<\/p>\n\n\n\n<p><strong>Om du funderar p\u00e5 en valp <\/strong><br>V\u00e4lj uppf\u00f6dare med omsorg, ett hundk\u00f6p ska ta tid. En valp f\u00e5r inte skiljas fr\u00e5n sin mamma innan 8 veckors \u00e5lder och se till att tr\u00e4ffa valpen och mamman i hemmilj\u00f6. Valpen ska \u00e4ven vara vaccinerad och du ska f\u00e5 ett intyg p\u00e5 detta som inte f\u00e5r vara \u00e4ldre \u00e4n 7 dagar. Valptiden \u00e4r b\u00e5de en underbar och kr\u00e4vande period av hundens liv. En valp kan inte l\u00e4mnas ensam och m\u00e5ste f\u00e5 ordentligt med tr\u00e4ning och k\u00e4rlek f\u00f6r att m\u00e5 bra f\u00f6r att v\u00e4xa upp till en trygg individ.&nbsp;<\/p>\n\n\n\n<p><strong>Daglig motion <\/strong><br>En hund beh\u00f6ver daglig motion och beh\u00f6ver rastas minst var 6:e timme. Om din hund \u00e4r valp, sjuk eller gammal beh\u00f6ver den rastas oftare. F\u00f6r att en hund ska kunna l\u00e4mnas ensam kr\u00e4vs tr\u00e4ning och t\u00e4nk p\u00e5 att byte av milj\u00f6 kan g\u00f6ra att ny tr\u00e4ning kr\u00e4vs.&nbsp;<\/p>\n\n\n\n<p><strong>N\u00e4ringsrik mat <\/strong><br>En hund ska alltid ha tillg\u00e5ng till rent och fr\u00e4scht dricksvatten. Det \u00e4r viktigt att hunden f\u00e5r ett n\u00e4ringsrikt och bra foder varje dag och \u00e4ter p\u00e5 regelbundna tider. Vid eventuellt byte av foder \u00e4r det viktigt att detta g\u00f6rs under en l\u00e4ngre period d\u00e4r man gradvis \u00f6kar m\u00e4ngden av det nya fodret. \u00d6vervikt hos hund \u00e4r skadligt och kan leda till skador och sjukdomar. P\u00e5 en normalviktig hund ska du kunna k\u00e4nna hundens revben och se en tydlig midja. Se till att v\u00e4ga din hund regelbundet och kontrollera matintaget. Det g\u00e4ller \u00e4ven godis och motionen av din hund. Om du har en hund som \u00e4ter fort finns det bra matsk\u00e5lar som g\u00f6r att hunden \u00e4ter l\u00e5ngsammare. T\u00e4nk p\u00e5 att hundens mat- och vattensk\u00e5l b\u00f6r diskas dagligen.&nbsp;<\/p>\n\n\n\n<p><strong>S\u00e4ker transport <\/strong><br>Vid transport av hund ska den sitta s\u00e4kert och du ska ha god uppsikt \u00f6ver hunden under hela bilf\u00e4rden. En s\u00e4ker transport inkluderar en anpassad transportbur, lastgaller eller s\u00e4kerhetsb\u00e4lte anpassat efter din hund. Om hunden ska hunden transporteras i en bur ska den kunna ligga ned, st\u00e5 upp och v\u00e4nda sig utan problem. Det g\u00e4ller \u00e4ven vid transport av flera hundar i samma bur. T\u00e4nk \u00e4ven p\u00e5 att inte transportera en l\u00f6pande tik och en hanhund tillsammans. En hund f\u00e5r aldrig l\u00e4mnas ensam i en bil d\u00e4r det finns risk f\u00f6r att temperaturen g\u00e5r \u00f6ver +25 grader eller under -5 grader. En bil kan, \u00e4ven om den st\u00e5r i skuggan, bli v\u00e4ldigt varm och bli en d\u00f6dsf\u00e4lla f\u00f6r djur. T\u00e4nk p\u00e5 att en hund aldrig f\u00e5r h\u00e5llas i bur inomhus inte ens med burd\u00f6rren \u00f6ppen.&nbsp;Du f\u00e5r bara anv\u00e4nda munkorg p\u00e5 din hund tillf\u00e4lligt och hunden beh\u00f6ver kunna svalka sig sj\u00e4lv med den genom att hj\u00e4ssa. Det \u00e4r f\u00f6rbjudet att anv\u00e4nda elhalsband och stackelhalsband p\u00e5 en hund.&nbsp;<\/p>\n\n\n\n<p><strong>Daglig tillsyn <\/strong><br>En hund ska alltid ha tillg\u00e5ng till en stillsam,&nbsp;lugn och ren plats att vila p\u00e5, d\u00e4r ska hunden kunna ligga ner i naturlig st\u00e4llning. Se \u00e4ven till att hunden f\u00e5r vara ifred. En hund beh\u00f6ver borsta t\u00e4nderna varje dag, klippa klorna regelbundet och borsta p\u00e4lsen, olika hundar beh\u00f6ver olika mycket p\u00e4lsv\u00e5rd. En hund beh\u00f6ver daglig fysisk och mental aktivering och olika hundar kr\u00e4ver olika m\u00e4ngd aktivering. Hundar \u00e4r \u00e4ven flockdjur och beh\u00f6ver tr\u00e4ffa m\u00e4nniskor och andra hundar f\u00f6r att m\u00e5 bra.&nbsp;<\/p>\n\n\n\n<p><strong>Hemapotek och s\u00e4ker milj\u00f6 hemma<\/strong><br>Ha g\u00e4rna ett apotek till din hund hemma som kan inneh\u00e5lla till exempel pincett, f\u00e4stingplockare, kompresser, klorhexidin, liten sax, klot\u00e5ng, febertermometer, koksaltl\u00f6sning. Se till att veta din hunds normaltemperatur s\u00e5 du vet om hunden f\u00e5r feber. P\u00e5 sommaren \u00e4r det \u00e4ven bra att ha v\u00e4tskeers\u00e4ttning och en kyldyna. En hund svettas inte som vi m\u00e4nniskor g\u00f6r och har d\u00e4rf\u00f6r st\u00f6rre risk att bli \u00f6verhettad. Det \u00e4r d\u00e4rf\u00f6r viktigt att det alltid finns en sval och skuggig plats f\u00f6r hunden att vara p\u00e5 n\u00e4r det \u00e4r varmt. En hund beh\u00f6ver vaccineras f\u00f6r att f\u00f6rhindra smittsamma sjukdomar. Se till att alltid ha telefonnumret till din jour\u00f6ppna veterin\u00e4rklinik tillg\u00e4ngligt vid n\u00f6dfall.&nbsp;<\/p>\n\n\n\n<p>Det \u00e4r ditt ansvar som hund\u00e4gare att se till att din hund \u00e4r frisk och inte riskerar att smitta eller skada andra hundar. Du som hund\u00e4gare \u00e4r alltid ansvarig f\u00f6r vad din hund g\u00f6r.&nbsp;<\/p>\n\n\n\n<p><strong>Kom ih\u00e5g du \u00e4r din hunds hela v\u00e4rld, hundar \u00e4r fantastiska varelser och f\u00f6rtj\u00e4nar all k\u00e4rlek.<\/strong><\/p>\n\n\n\n<p><\/p>\n","protected":false},"excerpt":{"rendered":"<p>H\u00e4r kommer tips till dig som har hund eller funderar p\u00e5 hund. Innan du skaffar hund t\u00e4nk igenom beslutet ordentligt. En hund \u00e4r en fantastisk varelse som kr\u00e4ver tid, t\u00e5lamod och engagemang. Alla hundar ska vara chip-m\u00e4rkta och registrerade hos Jordbruksverket. De b\u00f6r ocks\u00e5 ha en f\u00f6rs\u00e4kring. Det finns \u00e4ven m\u00e5nga heml\u00f6sa hundar som beh\u00f6ver [&hellip;]<\/p>\n","protected":false},"author":28,"featured_media":7066,"parent":0,"menu_order":0,"comment_status":"closed","ping_status":"closed","template":"page-templates\/page-djurtips.php","meta":{"_acf_changed":false,"footnotes":""},"class_list":["post-6078","page","type-page","status-publish","has-post-thumbnail","hentry"],"acf":[],"_links":{"self":[{"href":"https:\/\/www.djurskyddet.se\/ungdom\/wp-json\/wp\/v2\/pages\/6078","targetHints":{"allow":["GET"]}}],"collection":[{"href":"https:\/\/www.djurskyddet.se\/ungdom\/wp-json\/wp\/v2\/pages"}],"about":[{"href":"https:\/\/www.djurskyddet.se\/ungdom\/wp-json\/wp\/v2\/types\/page"}],"author":[{"embeddable":true,"href":"https:\/\/www.djurskyddet.se\/ungdom\/wp-json\/wp\/v2\/users\/28"}],"replies":[{"embeddable":true,"href":"https:\/\/www.djurskyddet.se\/ungdom\/wp-json\/wp\/v2\/comments?post=6078"}],"version-history":[{"count":4,"href":"https:\/\/www.djurskyddet.se\/ungdom\/wp-json\/wp\/v2\/pages\/6078\/revisions"}],"predecessor-version":[{"id":6922,"href":"https:\/\/www.djurskyddet.se\/ungdom\/wp-json\/wp\/v2\/pages\/6078\/revisions\/6922"}],"wp:featuredmedia":[{"embeddable":true,"href":"https:\/\/www.djurskyddet.se\/ungdom\/wp-json\/wp\/v2\/media\/7066"}],"wp:attachment":[{"href":"https:\/\/www.djurskyddet.se\/ungdom\/wp-json\/wp\/v2\/media?parent=6078"}],"curies":[{"name":"wp","href":"https:\/\/api.w.org\/{rel}","templated":true}]}}