{"id":6082,"date":"2022-06-09T13:09:32","date_gmt":"2022-06-09T12:09:32","guid":{"rendered":"https:\/\/djurskyddet.flywheelsites.com\/ungdom\/?page_id=6082"},"modified":"2025-01-29T14:31:01","modified_gmt":"2025-01-29T13:31:01","slug":"katt","status":"publish","type":"page","link":"https:\/\/www.djurskyddet.se\/ungdom\/katt\/","title":{"rendered":"Katt"},"content":{"rendered":"\n<p>\u00c4ven om katter ofta ses som sj\u00e4lvst\u00e4ndiga djur, har de fortfarande stora behov av uppm\u00e4rksamhet och k\u00e4rlek f\u00f6r att m\u00e5 bra. Som katt\u00e4gare beh\u00f6ver du titta till din katt flera g\u00e5nger per dag. <\/p>\n\n\n\n<p>Det finns s\u00e5klart ocks\u00e5 en rad olika saker att t\u00e4nka p\u00e5 f\u00f6r att ge din katt en trivsam och h\u00e4lsosam milj\u00f6. Har du en innekatt \u00e4r det extra viktigt att anpassa ditt hem efter kattens naturliga behov och beteenden. Detta kan exempelvis inneb\u00e4ra att placera ut kattr\u00e4d eller br\u00e4dor d\u00e4r katten har m\u00f6jlighet att kl\u00f6sa och v\u00e4ssa sina klor. <\/p>\n\n\n\n<p>Det \u00e4r ocks\u00e5 viktigt att stimulera katten b\u00e5de mentalt och fysiskt, till exempel genom kattleksaker eller genom att g\u00f6mma godis runt om i hemmet som katten ska f\u00e5 leta efter. Testa dig fram och uppt\u00e4ck vad just din katt tycker om att g\u00f6ra! <\/p>\n\n\n\n<p>Se till att katten har m\u00f6jlighet att g\u00e5 undan och vila p\u00e5 en ost\u00f6rd plats i hemmet. M\u00e5nga katter f\u00f6redrar att sova h\u00f6gt upp, d\u00e4r de kan ha utsikt \u00f6ver sitt revir och k\u00e4nna sig trygga. Katter ska ha fri tillg\u00e5ng till dricksvatten och matas med foder som ser till att de f\u00e5r i sig en n\u00e4ringsrik och v\u00e4lbalanserad kost. Det \u00e4r viktigt att h\u00e5lla koll p\u00e5 kattens vikt, varken \u00f6vervikt eller undervikt \u00e4r bra f\u00f6r katter. <\/p>\n\n\n\n<p>Har din katt en l\u00e4ngre p\u00e4ls \u00e4r det bra att borsta den ofta f\u00f6r att undvika tovor. F\u00f6r att f\u00f6rebygga tandproblem, som tandsten, b\u00f6r du ocks\u00e5 t\u00e4nka p\u00e5 kattens tandh\u00e4lsa. Det finns tandborstar och tandv\u00e5rdsprodukter speciellt anpassade f\u00f6r katter som kan k\u00f6pas i djuraff\u00e4rer. <\/p>\n\n\n\n<p>Kom ih\u00e5g att alla katter ska id-m\u00e4rkas och registreras hos Jordbruket. Detta \u00e4r b\u00e5de viktigt f\u00f6r din katts s\u00e4kerhet och f\u00f6r att underl\u00e4tta om katten skulle komma bort.<\/p>\n","protected":false},"excerpt":{"rendered":"<p>\u00c4ven om katter ofta ses som sj\u00e4lvst\u00e4ndiga djur, har de fortfarande stora behov av uppm\u00e4rksamhet och k\u00e4rlek f\u00f6r att m\u00e5 bra. Som katt\u00e4gare beh\u00f6ver du titta till din katt flera g\u00e5nger per dag. Det finns s\u00e5klart ocks\u00e5 en rad olika saker att t\u00e4nka p\u00e5 f\u00f6r att ge din katt en trivsam och h\u00e4lsosam milj\u00f6. Har [&hellip;]<\/p>\n","protected":false},"author":28,"featured_media":7067,"parent":0,"menu_order":0,"comment_status":"closed","ping_status":"closed","template":"page-templates\/page-djurtips.php","meta":{"_acf_changed":false,"footnotes":""},"class_list":["post-6082","page","type-page","status-publish","has-post-thumbnail","hentry"],"acf":[],"_links":{"self":[{"href":"https:\/\/www.djurskyddet.se\/ungdom\/wp-json\/wp\/v2\/pages\/6082","targetHints":{"allow":["GET"]}}],"collection":[{"href":"https:\/\/www.djurskyddet.se\/ungdom\/wp-json\/wp\/v2\/pages"}],"about":[{"href":"https:\/\/www.djurskyddet.se\/ungdom\/wp-json\/wp\/v2\/types\/page"}],"author":[{"embeddable":true,"href":"https:\/\/www.djurskyddet.se\/ungdom\/wp-json\/wp\/v2\/users\/28"}],"replies":[{"embeddable":true,"href":"https:\/\/www.djurskyddet.se\/ungdom\/wp-json\/wp\/v2\/comments?post=6082"}],"version-history":[{"count":2,"href":"https:\/\/www.djurskyddet.se\/ungdom\/wp-json\/wp\/v2\/pages\/6082\/revisions"}],"predecessor-version":[{"id":6884,"href":"https:\/\/www.djurskyddet.se\/ungdom\/wp-json\/wp\/v2\/pages\/6082\/revisions\/6884"}],"wp:featuredmedia":[{"embeddable":true,"href":"https:\/\/www.djurskyddet.se\/ungdom\/wp-json\/wp\/v2\/media\/7067"}],"wp:attachment":[{"href":"https:\/\/www.djurskyddet.se\/ungdom\/wp-json\/wp\/v2\/media?parent=6082"}],"curies":[{"name":"wp","href":"https:\/\/api.w.org\/{rel}","templated":true}]}}