{"id":6085,"date":"2022-06-09T13:15:48","date_gmt":"2022-06-09T12:15:48","guid":{"rendered":"https:\/\/djurskyddet.flywheelsites.com\/ungdom\/?page_id=6085"},"modified":"2025-01-29T14:31:56","modified_gmt":"2025-01-29T13:31:56","slug":"ratta","status":"publish","type":"page","link":"https:\/\/www.djurskyddet.se\/ungdom\/ratta\/","title":{"rendered":"R\u00e5tta"},"content":{"rendered":"\n<p><strong>Hur vill r\u00e5ttorna bo?<\/strong><br>R\u00e5ttor trivs b\u00e4st i stora burar eller volj\u00e4rer d\u00e4r de kan kl\u00e4ttra och utforska. De<br>beh\u00f6ver minst en r\u00e5ttkompis och trivs inte i sm\u00e5 burar. En intressant milj\u00f6 med<br>hyllor, r\u00f6r, g\u00f6mst\u00e4llen och kl\u00e4tterm\u00f6jligheter \u00e4r viktigt. R\u00e5ttor gillar \u00e4ven att<br>utforska andra delar av hemmet under uppsikt. Material som plast och metall<br>\u00e4r bra, medan tr\u00e4 och tyg b\u00f6r bytas ofta. En toal\u00e5da med kattsand \u00e4r ocks\u00e5<br>bra. F\u00f6r att undvika problem med luftv\u00e4garna b\u00f6r man undvika dammiga<br>material som kuttersp\u00e5n.<br><strong><br>Vad ska r\u00e5ttorna \u00e4ta?<\/strong><br>R\u00e5ttor \u00e4r all\u00e4tare och gillar att smaka p\u00e5 allt de kan n\u00e5. En varierad kost med<br>r\u00e5ttfoder som bas, samt f\u00e4rska gr\u00f6nsaker, \u00e4r viktig. R\u00e5ttor \u00e4lskar socker och<br>fett, men f\u00f6r mycket godsaker kan leda till \u00f6vervikt.<br><br><strong>Hur pratar r\u00e5ttor?<\/strong><br>R\u00e5ttor kommunicerar med h\u00f6gfrekventa ljud, s\u00e4rskilt n\u00e4r de leker. De visar<br>v\u00e4nskap genom att putsa varandra och kan ha sm\u00e5 &#8221;boxningsmatcher&#8221; f\u00f6r att<br>visa dominans. R\u00e5ttor biter s\u00e4llan m\u00e4nniskor, och om de g\u00f6r det kan det bero<br>p\u00e5 stress eller r\u00e4dsla. N\u00e4r en r\u00e5tta m\u00e5r bra kan den &#8221;knastra&#8221; med t\u00e4nderna<br>och &#8221;ploppa&#8221; med \u00f6gonen som tecken p\u00e5 avslappning.<br><br>K\u00e4lla: R\u00e4dda Djuren-klubben<\/p>\n","protected":false},"excerpt":{"rendered":"<p>Hur vill r\u00e5ttorna bo?R\u00e5ttor trivs b\u00e4st i stora burar eller volj\u00e4rer d\u00e4r de kan kl\u00e4ttra och utforska. Debeh\u00f6ver minst en r\u00e5ttkompis och trivs inte i sm\u00e5 burar. En intressant milj\u00f6 medhyllor, r\u00f6r, g\u00f6mst\u00e4llen och kl\u00e4tterm\u00f6jligheter \u00e4r viktigt. R\u00e5ttor gillar \u00e4ven attutforska andra delar av hemmet under uppsikt. Material som plast och metall\u00e4r bra, medan tr\u00e4 [&hellip;]<\/p>\n","protected":false},"author":28,"featured_media":7069,"parent":0,"menu_order":0,"comment_status":"closed","ping_status":"closed","template":"page-templates\/page-djurtips.php","meta":{"_acf_changed":false,"footnotes":""},"class_list":["post-6085","page","type-page","status-publish","has-post-thumbnail","hentry"],"acf":[],"_links":{"self":[{"href":"https:\/\/www.djurskyddet.se\/ungdom\/wp-json\/wp\/v2\/pages\/6085","targetHints":{"allow":["GET"]}}],"collection":[{"href":"https:\/\/www.djurskyddet.se\/ungdom\/wp-json\/wp\/v2\/pages"}],"about":[{"href":"https:\/\/www.djurskyddet.se\/ungdom\/wp-json\/wp\/v2\/types\/page"}],"author":[{"embeddable":true,"href":"https:\/\/www.djurskyddet.se\/ungdom\/wp-json\/wp\/v2\/users\/28"}],"replies":[{"embeddable":true,"href":"https:\/\/www.djurskyddet.se\/ungdom\/wp-json\/wp\/v2\/comments?post=6085"}],"version-history":[{"count":3,"href":"https:\/\/www.djurskyddet.se\/ungdom\/wp-json\/wp\/v2\/pages\/6085\/revisions"}],"predecessor-version":[{"id":6832,"href":"https:\/\/www.djurskyddet.se\/ungdom\/wp-json\/wp\/v2\/pages\/6085\/revisions\/6832"}],"wp:featuredmedia":[{"embeddable":true,"href":"https:\/\/www.djurskyddet.se\/ungdom\/wp-json\/wp\/v2\/media\/7069"}],"wp:attachment":[{"href":"https:\/\/www.djurskyddet.se\/ungdom\/wp-json\/wp\/v2\/media?parent=6085"}],"curies":[{"name":"wp","href":"https:\/\/api.w.org\/{rel}","templated":true}]}}