{"id":6685,"date":"2024-11-02T17:21:11","date_gmt":"2024-11-02T16:21:11","guid":{"rendered":"https:\/\/djurskyddet.flywheelsites.com\/ungdom\/?page_id=6685"},"modified":"2025-01-29T14:24:12","modified_gmt":"2025-01-29T13:24:12","slug":"projekt-djurparker-2","status":"publish","type":"page","link":"https:\/\/www.djurskyddet.se\/ungdom\/projekt-djurparker-2\/","title":{"rendered":"Projekt Djurparker"},"content":{"rendered":"\n<p>Under v\u00e5ren 2022 startade vi&nbsp;<em>Projekt Djurparker<\/em>. Projektet gick ut p\u00e5 att unders\u00f6ka olika djurparker i Sverige och ta reda p\u00e5 hur de jobbar med bevarandeprojekt och hotade arter samt hur deras djurh\u00e5llning s\u00e5g ut.<\/p>\n\n\n\n<p>Som en del i projektet bes\u00f6kte vi bland annat Nordens ark d\u00e4r vi fick guidade turer och l\u00e4rde oss mer om deras arbete med bevarande av hotade arter. Vi valde att bes\u00f6ka Nordens Ark f\u00f6r att de jobbar intensivt med bevarandeprojekt och djurv\u00e4lf\u00e4rd.<\/p>\n\n\n\n<h2 class=\"wp-block-heading\"><strong>Webinarium&nbsp;<\/strong>\u2013 Svenska Djurparker<\/h2>\n\n\n\n<p>I februari 2023 h\u00f6ll vi ett webinarium d\u00e4r vi lyfte fr\u00e5gan om svenska djurparker verkligen beh\u00f6vs. Eller finns det andra s\u00e4tt att bevara hotade arter och utbilda allm\u00e4nheten?<\/p>\n\n\n\n<p><a href=\"https:\/\/www.youtube.com\/watch?v=r9M6esMhvtc&amp;t=370s\">Se webinariet h\u00e4r<\/a><\/p>\n\n\n\n<p><strong>Projekt Djurparker avslutades 2023 med en namninsamling d\u00e4r 1190 personer skrev p\u00e5 f\u00f6r djuren. Hurra!<\/strong><\/p>\n\n\n\n<h2 class=\"wp-block-heading\"><strong>Djurparker \u00e4r inte n\u00f6jesparker<\/strong> <\/h2>\n\n\n<div class=\"wp-block-image\">\n<figure class=\"alignright size-full is-resized\"><img loading=\"lazy\" decoding=\"async\" width=\"1024\" height=\"576\" src=\"https:\/\/www.djurskyddet.se\/wp-content\/uploads\/sites\/30\/2024\/08\/bjorn-mark-basarab-y421kXlUOQk-unsplash.jpg\" alt=\"\" class=\"wp-image-6531\" style=\"width:261px;height:auto\" srcset=\"https:\/\/www.djurskyddet.se\/ungdom\/wp-content\/uploads\/sites\/30\/2024\/08\/bjorn-mark-basarab-y421kXlUOQk-unsplash.jpg 1024w, https:\/\/www.djurskyddet.se\/ungdom\/wp-content\/uploads\/sites\/30\/2024\/08\/bjorn-mark-basarab-y421kXlUOQk-unsplash-300x169.jpg 300w, https:\/\/www.djurskyddet.se\/ungdom\/wp-content\/uploads\/sites\/30\/2024\/08\/bjorn-mark-basarab-y421kXlUOQk-unsplash-768x432.jpg 768w\" sizes=\"auto, (max-width: 1024px) 100vw, 1024px\" \/><\/figure><\/div>\n\n\n<p><strong>I dag h\u00e5lls&nbsp;m\u00e5nga djur inst\u00e4ngda i djurpark f\u00f6r att underh\u00e5lla allm\u00e4nheten. Djurungar f\u00f6ds upp f\u00f6r att locka bes\u00f6kare till sommaren och avlivas sedan p\u00e5 grund av platsbrist. M\u00e5nga djur h\u00e5lls i tr\u00e5nga inh\u00e4gnader d\u00e4r de inte f\u00e5r utlopp f\u00f6r sina naturliga behov. Djurparker bedriver lekland och tivoli precis intill djurens h\u00e4gn. Djurskyddet Ungdom st\u00e4ller sig mycket kritiska till den h\u00e4r typen av djurh\u00e5llning.<\/strong><\/p>\n\n\n\n<p><strong>Om det inte<\/strong>&nbsp;finns ett tydligt syfte med att bevara hotade arter p\u00e5 en djurpark s\u00e5 anser Djurskyddet Ungdom att verksamheten ska avvecklas. Djuren som ing\u00e5r i olika bevarandeprogram ska kunna f\u00e5 utlopp f\u00f6r sina naturliga behov och leva ett s\u00e5 naturligt liv som m\u00f6jligt. Ett liv p\u00e5 en n\u00f6jespark bland tusentals bes\u00f6kare \u00e4r l\u00e5ngt ifr\u00e5n vad Djurskyddet Ungdom anser acceptabelt. Djurens v\u00e4lm\u00e5ende m\u00e5ste komma i f\u00f6rsta hand!<\/p>\n\n\n\n<p><strong>Enligt Jordbruksverkets f\u00f6reskrifter&nbsp;<\/strong>om djurh\u00e5llning i djurparker st\u00e5r det tydligt att 14 \u00a7 \u201dn\u00f6jesanordningar i anslutning till en djurpark inte f\u00e5r vara bel\u00e4gna s\u00e5 n\u00e4ra djuranl\u00e4ggningen att n\u00f6jesanordningarna f\u00f6rorsakar djuren lidande. Det omr\u00e5de som \u00e4r avsett f\u00f6r djuren ska kunna st\u00e4ngas av fr\u00e5n n\u00f6jesomr\u00e5det.\u201d Att bedriva b\u00e5de n\u00f6jespark och djurpark p\u00e5 samma omr\u00e5de kan inte anses uppfylla detta.<\/p>\n\n\n\n<p><strong>Vi uppmanar regeringen<\/strong>&nbsp;och Jordbruksverket att sk\u00e4rpa reglerna f\u00f6r djurh\u00e5llning p\u00e5 djurparker och endast till\u00e5ta bevarandeprogram f\u00f6r den h\u00e4r typen av verksamhet.<\/p>\n","protected":false},"excerpt":{"rendered":"<p>Under v\u00e5ren 2022 startade vi&nbsp;Projekt Djurparker. Projektet gick ut p\u00e5 att unders\u00f6ka olika djurparker i Sverige och ta reda p\u00e5 hur de jobbar med bevarandeprojekt och hotade arter samt hur deras djurh\u00e5llning s\u00e5g ut. Som en del i projektet bes\u00f6kte vi bland annat Nordens ark d\u00e4r vi fick guidade turer och l\u00e4rde oss mer om [&hellip;]<\/p>\n","protected":false},"author":28,"featured_media":0,"parent":0,"menu_order":0,"comment_status":"closed","ping_status":"closed","template":"","meta":{"_acf_changed":false,"footnotes":""},"class_list":["post-6685","page","type-page","status-publish","hentry"],"acf":[],"_links":{"self":[{"href":"https:\/\/www.djurskyddet.se\/ungdom\/wp-json\/wp\/v2\/pages\/6685","targetHints":{"allow":["GET"]}}],"collection":[{"href":"https:\/\/www.djurskyddet.se\/ungdom\/wp-json\/wp\/v2\/pages"}],"about":[{"href":"https:\/\/www.djurskyddet.se\/ungdom\/wp-json\/wp\/v2\/types\/page"}],"author":[{"embeddable":true,"href":"https:\/\/www.djurskyddet.se\/ungdom\/wp-json\/wp\/v2\/users\/28"}],"replies":[{"embeddable":true,"href":"https:\/\/www.djurskyddet.se\/ungdom\/wp-json\/wp\/v2\/comments?post=6685"}],"version-history":[{"count":10,"href":"https:\/\/www.djurskyddet.se\/ungdom\/wp-json\/wp\/v2\/pages\/6685\/revisions"}],"predecessor-version":[{"id":6785,"href":"https:\/\/www.djurskyddet.se\/ungdom\/wp-json\/wp\/v2\/pages\/6685\/revisions\/6785"}],"wp:attachment":[{"href":"https:\/\/www.djurskyddet.se\/ungdom\/wp-json\/wp\/v2\/media?parent=6685"}],"curies":[{"name":"wp","href":"https:\/\/api.w.org\/{rel}","templated":true}]}}