{"id":6769,"date":"2024-11-05T13:23:27","date_gmt":"2024-11-05T12:23:27","guid":{"rendered":"https:\/\/djurskyddet.flywheelsites.com\/ungdom\/?page_id=6769"},"modified":"2025-01-29T14:27:48","modified_gmt":"2025-01-29T13:27:48","slug":"hast","status":"publish","type":"page","link":"https:\/\/www.djurskyddet.se\/ungdom\/hast\/","title":{"rendered":"H\u00e4st"},"content":{"rendered":"\n<p>Att sk\u00f6ta h\u00e4star kr\u00e4ver noggrannhet och h\u00e4nsyn till deras v\u00e4lbefinnande. F\u00f6r att s\u00e4kerst\u00e4lla att h\u00e4star m\u00e5r bra m\u00e5ste man f\u00f6lja riktlinjer f\u00f6r utfodring, stallmilj\u00f6, utevistelse, avel och h\u00e4sttr\u00e4ning. H\u00e4r \u00e4r n\u00e5gra viktiga saker att t\u00e4nka p\u00e5:\u00a0<\/p>\n\n\n\n<p><strong>Sk\u00f6tsel av h\u00e4sten<\/strong>: H\u00e4sten ska behandlas v\u00e4l, h\u00e5llas i en god milj\u00f6 och skyddas mot sjukdomar och skador. Utrustningen ska vara anpassad och i bra skick, och h\u00e4sten ska ses \u00f6ver minst en g\u00e5ng per dag. Den ska ocks\u00e5 ha m\u00f6jlighet att ha kontakt med andra h\u00e4star. Hobbling (att binda h\u00e4stens ben) \u00e4r f\u00f6rbjudet.\u00a0<\/p>\n\n\n\n<p><strong>Foder och vatten<\/strong>: H\u00e4sten ska ha en n\u00e4ringsrik och grovfoderbaserad diet som h\u00e5ller ett h\u00e4lsosamt hull. Foder och vatten m\u00e5ste vara av god kvalitet och ges p\u00e5 ett s\u00e4tt som minimerar stress och skador. H\u00e4star ska ha fri tillg\u00e5ng till vatten eller m\u00f6jlighet att dricka minst tv\u00e5 g\u00e5nger om dagen.\u00a0<\/p>\n\n\n\n<p><strong>Stallmilj\u00f6:<\/strong> Stallet ska vara rent och ge h\u00e4starna tillr\u00e4ckligt med utrymme. Det ska vara anpassat s\u00e5 att h\u00e4starna kan r\u00f6ra sig naturligt, med s\u00e4ker utrustning och en bekv\u00e4m liggyta. Stallmilj\u00f6n ska ha bra ventilation och belysning f\u00f6r att fr\u00e4mja h\u00e4starnas h\u00e4lsa.\u00a0<\/p>\n\n\n\n<p><strong>F\u00f6lning och avv\u00e4njning:<\/strong> Stoet ska kunna f\u00f6la utan stress och f\u00e5r g\u00e4rna f\u00f6la i en s\u00e4rskild f\u00f6lningsbox. F\u00f6l ska avv\u00e4njas p\u00e5 ett s\u00e4tt som inte skadar deras fysiska eller psykiska h\u00e4lsa.\u00a0<\/p>\n\n\n\n<p><strong>Bete och utevistelse<\/strong>: H\u00e4star ska ges m\u00f6jlighet att r\u00f6ra sig fritt och naturligt varje dag. Det finns inga specifika regler f\u00f6r hagens storlek, men det \u00e4r upp till h\u00e4sth\u00e5llaren att anpassa den efter h\u00e4starnas behov och markens egenskaper. Betesmarker och h\u00e4ngn ska vara fria fr\u00e5n farliga f\u00f6rem\u00e5l och ha ett bra underlag f\u00f6r att minska skaderisken. St\u00e4ngsel ska vara s\u00e4kert uppsatta och underh\u00e5llna, och taggtr\u00e5d f\u00e5r inte anv\u00e4ndas f\u00f6r h\u00e4star. Om h\u00e4star vistas ute under vintern, d\u00e5 temperaturen \u00e4r under +5\u00b0C och de \u00e4r ute mer \u00e4n 16 timmar per dygn, ska de ha tillg\u00e5ng till en ligghall som skyddar mot v\u00e4der och ger en torr och ren liggplats.\u00a0<\/p>\n\n\n\n<p>K\u00e4lla: Jordbruksverket&nbsp;<\/p>\n\n\n\n<p><\/p>\n","protected":false},"excerpt":{"rendered":"<p>Att sk\u00f6ta h\u00e4star kr\u00e4ver noggrannhet och h\u00e4nsyn till deras v\u00e4lbefinnande. F\u00f6r att s\u00e4kerst\u00e4lla att h\u00e4star m\u00e5r bra m\u00e5ste man f\u00f6lja riktlinjer f\u00f6r utfodring, stallmilj\u00f6, utevistelse, avel och h\u00e4sttr\u00e4ning. H\u00e4r \u00e4r n\u00e5gra viktiga saker att t\u00e4nka p\u00e5:\u00a0 Sk\u00f6tsel av h\u00e4sten: H\u00e4sten ska behandlas v\u00e4l, h\u00e5llas i en god milj\u00f6 och skyddas mot sjukdomar och skador. Utrustningen [&hellip;]<\/p>\n","protected":false},"author":28,"featured_media":7056,"parent":0,"menu_order":0,"comment_status":"closed","ping_status":"closed","template":"page-templates\/page-djurtips.php","meta":{"_acf_changed":false,"footnotes":""},"class_list":["post-6769","page","type-page","status-publish","has-post-thumbnail","hentry"],"acf":[],"_links":{"self":[{"href":"https:\/\/www.djurskyddet.se\/ungdom\/wp-json\/wp\/v2\/pages\/6769","targetHints":{"allow":["GET"]}}],"collection":[{"href":"https:\/\/www.djurskyddet.se\/ungdom\/wp-json\/wp\/v2\/pages"}],"about":[{"href":"https:\/\/www.djurskyddet.se\/ungdom\/wp-json\/wp\/v2\/types\/page"}],"author":[{"embeddable":true,"href":"https:\/\/www.djurskyddet.se\/ungdom\/wp-json\/wp\/v2\/users\/28"}],"replies":[{"embeddable":true,"href":"https:\/\/www.djurskyddet.se\/ungdom\/wp-json\/wp\/v2\/comments?post=6769"}],"version-history":[{"count":3,"href":"https:\/\/www.djurskyddet.se\/ungdom\/wp-json\/wp\/v2\/pages\/6769\/revisions"}],"predecessor-version":[{"id":6827,"href":"https:\/\/www.djurskyddet.se\/ungdom\/wp-json\/wp\/v2\/pages\/6769\/revisions\/6827"}],"wp:featuredmedia":[{"embeddable":true,"href":"https:\/\/www.djurskyddet.se\/ungdom\/wp-json\/wp\/v2\/media\/7056"}],"wp:attachment":[{"href":"https:\/\/www.djurskyddet.se\/ungdom\/wp-json\/wp\/v2\/media?parent=6769"}],"curies":[{"name":"wp","href":"https:\/\/api.w.org\/{rel}","templated":true}]}}