{"id":6786,"date":"2024-11-05T13:49:29","date_gmt":"2024-11-05T12:49:29","guid":{"rendered":"https:\/\/djurskyddet.flywheelsites.com\/ungdom\/?page_id=6786"},"modified":"2025-01-29T11:29:34","modified_gmt":"2025-01-29T10:29:34","slug":"vart-principprogram","status":"publish","type":"page","link":"https:\/\/www.djurskyddet.se\/ungdom\/vart-principprogram\/","title":{"rendered":"V\u00e5rt principprogram"},"content":{"rendered":"\n<p>H\u00e4r kan du ta del av v\u00e5rt principprogram! Programmet har tagits fram av v\u00e5r f\u00f6rbundsstyrelse med utg\u00e5ngspunkt fr\u00e5n v\u00e5rt moderf\u00f6rbund Djurskyddet Sverige.<\/p>\n\n\n\n<div class=\"wp-block-buttons is-layout-flex wp-block-buttons-is-layout-flex\">\n<div class=\"wp-block-button\"><a class=\"wp-block-button__link wp-element-button\" href=\"https:\/\/www.djurskyddet.se\/wp-content\/uploads\/sites\/30\/2024\/11\/Principprogram-2024.pdf\">L\u00e4s hela principprogrammet h\u00e4r<\/a><\/div>\n<\/div>\n\n\n\n<p>Tillsammans g\u00f6r vi skillnad f\u00f6r djuren!<\/p>\n\n\n\n<figure class=\"wp-block-image size-full\"><img decoding=\"async\" src=\"https:\/\/www.djurskyddet.se\/wp-content\/uploads\/sites\/30\/2025\/01\/hastar-pa-ang-avlang.jpg\" alt=\"\" class=\"wp-image-6992\"\/><\/figure>\n","protected":false},"excerpt":{"rendered":"<p>H\u00e4r kan du ta del av v\u00e5rt principprogram! Programmet har tagits fram av v\u00e5r f\u00f6rbundsstyrelse med utg\u00e5ngspunkt fr\u00e5n v\u00e5rt moderf\u00f6rbund Djurskyddet Sverige. Tillsammans g\u00f6r vi skillnad f\u00f6r djuren!<\/p>\n","protected":false},"author":28,"featured_media":0,"parent":0,"menu_order":0,"comment_status":"closed","ping_status":"closed","template":"","meta":{"_acf_changed":false,"footnotes":""},"class_list":["post-6786","page","type-page","status-publish","hentry"],"acf":[],"_links":{"self":[{"href":"https:\/\/www.djurskyddet.se\/ungdom\/wp-json\/wp\/v2\/pages\/6786","targetHints":{"allow":["GET"]}}],"collection":[{"href":"https:\/\/www.djurskyddet.se\/ungdom\/wp-json\/wp\/v2\/pages"}],"about":[{"href":"https:\/\/www.djurskyddet.se\/ungdom\/wp-json\/wp\/v2\/types\/page"}],"author":[{"embeddable":true,"href":"https:\/\/www.djurskyddet.se\/ungdom\/wp-json\/wp\/v2\/users\/28"}],"replies":[{"embeddable":true,"href":"https:\/\/www.djurskyddet.se\/ungdom\/wp-json\/wp\/v2\/comments?post=6786"}],"version-history":[{"count":9,"href":"https:\/\/www.djurskyddet.se\/ungdom\/wp-json\/wp\/v2\/pages\/6786\/revisions"}],"predecessor-version":[{"id":7001,"href":"https:\/\/www.djurskyddet.se\/ungdom\/wp-json\/wp\/v2\/pages\/6786\/revisions\/7001"}],"wp:attachment":[{"href":"https:\/\/www.djurskyddet.se\/ungdom\/wp-json\/wp\/v2\/media?parent=6786"}],"curies":[{"name":"wp","href":"https:\/\/api.w.org\/{rel}","templated":true}]}}