{"id":6810,"date":"2024-11-06T10:05:50","date_gmt":"2024-11-06T09:05:50","guid":{"rendered":"https:\/\/djurskyddet.flywheelsites.com\/ungdom\/?page_id=6810"},"modified":"2025-08-25T16:43:20","modified_gmt":"2025-08-25T15:43:20","slug":"djurgrupper","status":"publish","type":"page","link":"https:\/\/www.djurskyddet.se\/ungdom\/djurgrupper\/","title":{"rendered":"V\u00e5ra djurgrupper"},"content":{"rendered":"\n<h2 class=\"wp-block-heading\">Hundgruppen<\/h2>\n\n\n\n<p>Gillar du hundar? Vill du l\u00e4ra dig mer p\u00e5 temat hund? D\u00e5 \u00e4r v\u00e5r digitala hundgrupp n\u00e5got f\u00f6r dig! Hundgruppen tr\u00e4ffas regelbundet f\u00f6r att diskutera olika fr\u00e5gor, dela erfarenheter och tr\u00e4ffa fler med samma intresse. <\/p>\n\n\n\n<figure class=\"wp-block-image size-full\"><img decoding=\"async\" src=\"https:\/\/www.djurskyddet.se\/wp-content\/uploads\/sites\/30\/2025\/01\/hund-avlang.jpg\" alt=\"\" class=\"wp-image-6994\"\/><\/figure>\n\n\n\n<p>Ibland bjuder vi \u00e4ven in intressanta f\u00f6rel\u00e4sare p\u00e5 olika teman. Vi har bland annat tr\u00e4ffat SOS Animals, VOOV Stockholm, assistanshundverksamhet i Uppsala och Cassis omplaceringar. <\/p>\n\n\n\n<p>Vill du g\u00e5 med i hundgruppen? G\u00e5 med redan nu. Det \u00e4r helt gratis f\u00f6r v\u00e5ra medlemmar. Gruppen hittar ni h\u00e4r: <a href=\"https:\/\/www.facebook.com\/groups\/1479144333124576\/\" target=\"_blank\" rel=\"noreferrer noopener\">Hundgruppen Djurskyddet Ungdom<\/a><\/p>\n\n\n\n<div style=\"height:50px\" aria-hidden=\"true\" class=\"wp-block-spacer\"><\/div>\n\n\n\n<h2 class=\"wp-block-heading\">H\u00e4stgruppen<\/h2>\n\n\n\n<p>Sl\u00e5r ditt hj\u00e4rta extra starkt f\u00f6r h\u00e4star? Vill du l\u00e4ra dig mer och tr\u00e4ffa fler som har samma intresse? D\u00e5 ska du g\u00e5 med i v\u00e5r h\u00e4stgrupp!<\/p>\n\n\n\n<figure class=\"wp-block-image size-full\"><img decoding=\"async\" src=\"https:\/\/www.djurskyddet.se\/wp-content\/uploads\/sites\/30\/2025\/01\/hastar-pa-ang-avlang.jpg\" alt=\"\" class=\"wp-image-6992\"\/><\/figure>\n\n\n\n<p>Vi s\u00f6ker fler engagerade som vill vara med och driva v\u00e5r h\u00e4stgrupp med fokus p\u00e5 djurskydd. L\u00e5ter det som n\u00e5got f\u00f6r dig? H\u00f6r av dig till oss! <\/p>\n\n\n\n<p><strong>Kontakt<\/strong>: ungdom@djurskyddet.se <\/p>\n\n\n\n<p>H\u00e4r kan du \u00e4ven g\u00e5 med i v\u00e5r grupp p\u00e5 Facebook: <a href=\"https:\/\/www.facebook.com\/groups\/4345454039007212\/\" target=\"_blank\" rel=\"noreferrer noopener\">H\u00e4stgruppen Djurskyddet Ungdom<\/a><\/p>\n","protected":false},"excerpt":{"rendered":"<p>Hundgruppen Gillar du hundar? Vill du l\u00e4ra dig mer p\u00e5 temat hund? D\u00e5 \u00e4r v\u00e5r digitala hundgrupp n\u00e5got f\u00f6r dig! Hundgruppen tr\u00e4ffas regelbundet f\u00f6r att diskutera olika fr\u00e5gor, dela erfarenheter och tr\u00e4ffa fler med samma intresse. Ibland bjuder vi \u00e4ven in intressanta f\u00f6rel\u00e4sare p\u00e5 olika teman. Vi har bland annat tr\u00e4ffat SOS Animals, VOOV Stockholm, [&hellip;]<\/p>\n","protected":false},"author":28,"featured_media":0,"parent":0,"menu_order":0,"comment_status":"closed","ping_status":"closed","template":"","meta":{"_acf_changed":false,"footnotes":""},"class_list":["post-6810","page","type-page","status-publish","hentry"],"acf":[],"_links":{"self":[{"href":"https:\/\/www.djurskyddet.se\/ungdom\/wp-json\/wp\/v2\/pages\/6810","targetHints":{"allow":["GET"]}}],"collection":[{"href":"https:\/\/www.djurskyddet.se\/ungdom\/wp-json\/wp\/v2\/pages"}],"about":[{"href":"https:\/\/www.djurskyddet.se\/ungdom\/wp-json\/wp\/v2\/types\/page"}],"author":[{"embeddable":true,"href":"https:\/\/www.djurskyddet.se\/ungdom\/wp-json\/wp\/v2\/users\/28"}],"replies":[{"embeddable":true,"href":"https:\/\/www.djurskyddet.se\/ungdom\/wp-json\/wp\/v2\/comments?post=6810"}],"version-history":[{"count":12,"href":"https:\/\/www.djurskyddet.se\/ungdom\/wp-json\/wp\/v2\/pages\/6810\/revisions"}],"predecessor-version":[{"id":7350,"href":"https:\/\/www.djurskyddet.se\/ungdom\/wp-json\/wp\/v2\/pages\/6810\/revisions\/7350"}],"wp:attachment":[{"href":"https:\/\/www.djurskyddet.se\/ungdom\/wp-json\/wp\/v2\/media?parent=6810"}],"curies":[{"name":"wp","href":"https:\/\/api.w.org\/{rel}","templated":true}]}}