{"id":5504,"date":"2018-09-27T08:37:18","date_gmt":"2018-09-27T08:37:18","guid":{"rendered":"http:\/\/www.djurskyddet.se\/vilsnatassar\/?page_id=5504"},"modified":"2019-09-01T12:15:39","modified_gmt":"2019-09-01T12:15:39","slug":"om-oss","status":"publish","type":"page","link":"https:\/\/www.djurskyddet.se\/vilsnatassar\/om-oss\/","title":{"rendered":"Om oss"},"content":{"rendered":"<p>Djurskyddet Vilsna tassar i H\u00e4llefors \u00e4r en av ca 50 f\u00f6reningar som \u00e4r anslutna till riksorganisationen Djurskyddet Sverige. Vi \u00e4r en ideell\u00a0och partipolitisk obunden djurskyddsf\u00f6rening\u00a0utan myndighetsansvar, som jobbar f\u00f6r att f\u00f6rb\u00e4ttra djurens livssituation.<\/p>\n<p>Vi har funnit att st\u00f6rsta behovet finns hos heml\u00f6sa katter och har d\u00e4rf\u00f6r v\u00e5rt huvudfokus p\u00e5 detta. Vi bedriver jourhems- och omplaceringsverksamhet f\u00f6r heml\u00f6sa katter i H\u00e4llefors med omnejd. Vidare f\u00f6rs\u00f6ker vi \u00f6ka kattens status i samh\u00e4llet och informerar om vikten att kastare, vaccinera, ID-m\u00e4rka och f\u00f6rs\u00e4kra ditt djur!<\/p>\n<p>H\u00e4r p\u00e5 v\u00e5r sida kan du l\u00e4sa om att om vad du som privatperson, f\u00f6retag eller f\u00f6rening kan g\u00f6ra f\u00f6r att st\u00f6tta oss. Kika g\u00e4rna in under fliken <a href=\"https:\/\/www.djurskyddet.se\/vilsnatassar\/tips-rad\/\">Tips och r\u00e5d<\/a> f\u00f6r massor med bra information.<\/p>\n<p>V\u00e4lkommen att titta runt \u2013 och tveka inte att <a href=\"http:\/\/www.djurskyddet.se\/vilsnatassar\/om-oss\/kontakta-oss\/\">kontakta oss<\/a> ifall du har n\u00e5gra fr\u00e5gor!<\/p>\n","protected":false},"excerpt":{"rendered":"<p>Djurskyddet Vilsna tassar i H\u00e4llefors \u00e4r en av ca 50 f\u00f6reningar som \u00e4r anslutna till riksorganisationen Djurskyddet Sverige. Vi \u00e4r en ideell\u00a0och partipolitisk obunden djurskyddsf\u00f6rening\u00a0utan myndighetsansvar, som jobbar f\u00f6r att f\u00f6rb\u00e4ttra djurens livssituation. Vi har funnit att st\u00f6rsta behovet finns hos heml\u00f6sa katter och har d\u00e4rf\u00f6r v\u00e5rt huvudfokus p\u00e5 detta. Vi bedriver jourhems- och omplaceringsverksamhet f\u00f6r heml\u00f6sa katter i H\u00e4llefors med omnejd. Vidare f\u00f6rs\u00f6ker vi \u00f6ka kattens status i samh\u00e4llet&hellip;<\/p>\n<p><a class=\"more-link\" href=\"https:\/\/www.djurskyddet.se\/vilsnatassar\/om-oss\/\" title=\"Continue reading &lsquo;Om oss&rsquo;\">L&auml;s mer<span class=\"meta-nav\">&raquo;<\/span><\/a><\/p>\n","protected":false},"author":3,"featured_media":0,"parent":0,"menu_order":0,"comment_status":"closed","ping_status":"closed","template":"page-templates\/left-sidebar.php","meta":{"_acf_changed":false,"footnotes":""},"class_list":["post-5504","page","type-page","status-publish","hentry"],"acf":[],"_links":{"self":[{"href":"https:\/\/www.djurskyddet.se\/vilsnatassar\/wp-json\/wp\/v2\/pages\/5504","targetHints":{"allow":["GET"]}}],"collection":[{"href":"https:\/\/www.djurskyddet.se\/vilsnatassar\/wp-json\/wp\/v2\/pages"}],"about":[{"href":"https:\/\/www.djurskyddet.se\/vilsnatassar\/wp-json\/wp\/v2\/types\/page"}],"author":[{"embeddable":true,"href":"https:\/\/www.djurskyddet.se\/vilsnatassar\/wp-json\/wp\/v2\/users\/3"}],"replies":[{"embeddable":true,"href":"https:\/\/www.djurskyddet.se\/vilsnatassar\/wp-json\/wp\/v2\/comments?post=5504"}],"version-history":[{"count":10,"href":"https:\/\/www.djurskyddet.se\/vilsnatassar\/wp-json\/wp\/v2\/pages\/5504\/revisions"}],"predecessor-version":[{"id":5812,"href":"https:\/\/www.djurskyddet.se\/vilsnatassar\/wp-json\/wp\/v2\/pages\/5504\/revisions\/5812"}],"wp:attachment":[{"href":"https:\/\/www.djurskyddet.se\/vilsnatassar\/wp-json\/wp\/v2\/media?parent=5504"}],"curies":[{"name":"wp","href":"https:\/\/api.w.org\/{rel}","templated":true}]}}