{"id":5506,"date":"2018-09-27T08:37:35","date_gmt":"2018-09-27T08:37:35","guid":{"rendered":"http:\/\/www.djurskyddet.se\/vilsnatassar\/?page_id=5506"},"modified":"2022-09-28T15:44:43","modified_gmt":"2022-09-28T15:44:43","slug":"stod-oss","status":"publish","type":"page","link":"https:\/\/www.djurskyddet.se\/vilsnatassar\/stod-oss\/","title":{"rendered":"St\u00f6d oss"},"content":{"rendered":"<p>D\u00e5 f\u00f6reningen Djurskyddet Vilsna tassar H\u00e4llefors \u00e4r en ideell f\u00f6rening, som dessutom har en katthemsverksamhet (p\u00e5 Pr\u00e4stgatan 17 i Grythyttan) s\u00e5 \u00e4r vi beroende av privatpersoner och f\u00f6retag som p\u00e5 olika s\u00e4tt vill hj\u00e4lpa och st\u00f6tta heml\u00f6sa katter i kommunen.<\/p>\n<p><strong>Bli medlem<\/strong><\/p>\n<p>Medlemmar \u00e4r viktigt f\u00f6r att f\u00f6reningen ska h\u00e5llas vid liv. Att vara medlem kostar 200 kronor\/\u00e5r. Av medlemskostnaden g\u00e5r 100 kronor till Djurskyddet Sverige som arbetar med praktiskt djurskyddsarbete samt ett l\u00e5ngsiktigt p\u00e5verkansarbete f\u00f6r ett starkare djurskydd.\u00a0 Resterande 100 kronor g\u00e5r direkt till oss som lokalf\u00f6rening. Som medlem f\u00e5r du \u00e4ven tidningen Djurskyddet som ges ut fyra g\u00e5nger om \u00e5ret. Du f\u00e5r \u00e4ven ta del av ett antal medlemsf\u00f6rm\u00e5ner s\u00e5 som rabatt hos olika n\u00e4tbutiker. Mer information finner du <a href=\"https:\/\/www.djurskyddet.se\/vilsnatassar\/stod-oss\/bli-medlem\/\">h\u00e4r<\/a>.<\/p>\n<p><strong>Ekonomisk st\u00f6ttning<\/strong><\/p>\n<p>D\u00e5 Djurskyddet Vilsna tassar H\u00e4llefors \u00e4r en ideell f\u00f6rening \u00e4r vi beroende av ekonomiskt st\u00f6ttning f\u00f6r att hj\u00e4lpa heml\u00f6sa katter. Vanliga kostnader f\u00f6r f\u00f6reningen \u00e4r veterin\u00e4rkostnader, kattmat och kattstr\u00f6. Vi tar d\u00e4rf\u00f6r tacksamt emot bidrag via bankgiro 5369-6365 eller Swish 123 565 22 43. Du kan \u00e4ven bli m\u00e5nadsgivare via autogiro. L\u00e4s mer om det h\u00e4r.<\/p>\n<p><strong>Bli jourhem<\/strong><\/p>\n<p>Att vara jourhem inneb\u00e4r att du \u00e4r ett tillf\u00e4lligt hem f\u00f6r en eller flera katter som i annat fall skulle vara heml\u00f6sa. Katten f\u00e5r bo hos dig till dess att den har ett annat hem att flytta till, tiden f\u00f6r detta kan variera. M\u00e5nga av katterna som varit heml\u00f6sa under l\u00e4ngre tid \u00e4r skygga och har d\u00e4rf\u00f6r behov av att komma till ett lugnt och tryggt jourhem d\u00e4r de f\u00e5r vara p\u00e5 sina egna villkor. Mer information om att vara jourhem finner du <a href=\"https:\/\/www.djurskyddet.se\/vilsnatassar\/stod-oss\/jourhem\/\">h\u00e4r<\/a>.<\/p>\n<p><strong>Bli volont\u00e4r<\/strong><\/p>\n<p>Vi har alltid behov av volont\u00e4rer inom verksamheten. Att vara volont\u00e4r inneb\u00e4r uppgifter s\u00e5 som att hj\u00e4lpa till att ta katter till veterin\u00e4r, hj\u00e4lpa till i katthemmet, f\u00e5nga in katter, s\u00e4tta upp lappar om verksamheten eller att vara kontaktperson till v\u00e5ra jourhem.<\/p>\n<p><strong>\u00c4r du intresserad av att hj\u00e4lpa till?<\/strong><\/p>\n<p>Vill du vara med och hj\u00e4lpa heml\u00f6sa katter genom att vara jourhem eller har du fr\u00e5gor och funderingar \u00e4r du varmt v\u00e4lkommen att kontakta oss via v\u00e5r <a href=\"https:\/\/www.facebook.com\/Djurskyddet-Vilsna-Tassar-H\u00e4llefors-251483215536175\/\">Facebook-sida<\/a>\u00a0eller maila oss p\u00e5 <a href=\"mailto:vilsnatassar@djurskyddet.se\">vilsnatassar@djurskyddet.se<\/a>.<\/p>\n","protected":false},"excerpt":{"rendered":"<p>D\u00e5 f\u00f6reningen Djurskyddet Vilsna tassar H\u00e4llefors \u00e4r en ideell f\u00f6rening, som dessutom har en katthemsverksamhet (p\u00e5 Pr\u00e4stgatan 17 i Grythyttan) s\u00e5 \u00e4r vi beroende av privatpersoner och f\u00f6retag som p\u00e5 olika s\u00e4tt vill hj\u00e4lpa och st\u00f6tta heml\u00f6sa katter i kommunen. Bli medlem Medlemmar \u00e4r viktigt f\u00f6r att f\u00f6reningen ska h\u00e5llas vid liv. Att vara medlem kostar 200 kronor\/\u00e5r. Av medlemskostnaden g\u00e5r 100 kronor till Djurskyddet Sverige som arbetar med praktiskt&hellip;<\/p>\n<p><a class=\"more-link\" href=\"https:\/\/www.djurskyddet.se\/vilsnatassar\/stod-oss\/\" title=\"Continue reading &lsquo;St\u00f6d oss&rsquo;\">L&auml;s mer<span class=\"meta-nav\">&raquo;<\/span><\/a><\/p>\n","protected":false},"author":3,"featured_media":0,"parent":0,"menu_order":0,"comment_status":"closed","ping_status":"closed","template":"page-templates\/left-sidebar.php","meta":{"_acf_changed":false,"footnotes":""},"class_list":["post-5506","page","type-page","status-publish","hentry"],"acf":[],"_links":{"self":[{"href":"https:\/\/www.djurskyddet.se\/vilsnatassar\/wp-json\/wp\/v2\/pages\/5506","targetHints":{"allow":["GET"]}}],"collection":[{"href":"https:\/\/www.djurskyddet.se\/vilsnatassar\/wp-json\/wp\/v2\/pages"}],"about":[{"href":"https:\/\/www.djurskyddet.se\/vilsnatassar\/wp-json\/wp\/v2\/types\/page"}],"author":[{"embeddable":true,"href":"https:\/\/www.djurskyddet.se\/vilsnatassar\/wp-json\/wp\/v2\/users\/3"}],"replies":[{"embeddable":true,"href":"https:\/\/www.djurskyddet.se\/vilsnatassar\/wp-json\/wp\/v2\/comments?post=5506"}],"version-history":[{"count":16,"href":"https:\/\/www.djurskyddet.se\/vilsnatassar\/wp-json\/wp\/v2\/pages\/5506\/revisions"}],"predecessor-version":[{"id":6375,"href":"https:\/\/www.djurskyddet.se\/vilsnatassar\/wp-json\/wp\/v2\/pages\/5506\/revisions\/6375"}],"wp:attachment":[{"href":"https:\/\/www.djurskyddet.se\/vilsnatassar\/wp-json\/wp\/v2\/media?parent=5506"}],"curies":[{"name":"wp","href":"https:\/\/api.w.org\/{rel}","templated":true}]}}