{"id":5508,"date":"2018-09-27T08:37:56","date_gmt":"2018-09-27T08:37:56","guid":{"rendered":"http:\/\/www.djurskyddet.se\/vilsnatassar\/?page_id=5508"},"modified":"2024-06-26T20:50:03","modified_gmt":"2024-06-26T20:50:03","slug":"adoptera","status":"publish","type":"page","link":"https:\/\/www.djurskyddet.se\/vilsnatassar\/adoptera\/","title":{"rendered":"Adoptera"},"content":{"rendered":"<h2>Hur adopterar jag?<\/h2>\n<div class=\"paragraph-position\">\n<p>Om du vill adoptera en katt s\u00e5 kontakta oss via intresseformul\u00e4ret som finns i de olika annonserna under rubriken &#8221;S\u00f6ker hem&#8221; h\u00e4r p\u00e5 hemsidan. Vi hj\u00e4lper dig att finna r\u00e4tt katt som passar dig och din vardag.\u00a0\u00a0<\/p>\n<p>N\u00e4r du kontaktat oss kommer vi st\u00e4lla fr\u00e5gor och bes\u00f6ka dig i ditt hem. Detta f\u00f6r att se s\u00e5 du \u00e4r det r\u00e4tta hemmet f\u00f6r katten. Vi \u00e4r m\u00e5na om att katten hamnar i r\u00e4tt hem, d\u00e4rf\u00f6r \u00e4r det inte s\u00e4kert att just den katten du \u00f6nskar flyttar till dig.\u00a0<\/p>\n<p>En intresseanm\u00e4lan \u00e4r inte bindande fr\u00e5n n\u00e5gon part. K\u00f6peavtal skrivs n\u00e4r katten h\u00e4mtas och detta avtal g\u00e4ller \u00e4ven som kvitto.<\/p>\n<p><strong>Vid adoptionen skrivs ett avtal d\u00e4r man f\u00f6rbinder sig att v\u00e5rda katten v\u00e4l och tillgodose dess behov. <\/strong>\u00a0Du f\u00e5r inte avliva, omplacera eller p\u00e5 annat s\u00e4tt f\u00f6r\u00e4ndra tillvaron f\u00f6r katten utan att ta kontakt med Djurskyddet Vilsna Tassar H\u00e4llefors. Det \u00e4r den som skall adoptera katten som skall h\u00e4mta och skriva under avtalet. Om katten far illa eller hemmet visar sig vara ol\u00e4mpligt har vi r\u00e4tt att \u00e5terta katten omedelbart och utan \u00e5terbetalning! Vi f\u00f6ljer upp kattens fortsatta tillvaro genom kontakt med Dig som djur\u00e4gare. Avtalet g\u00e4ller \u00e4ven som kvitto.\u00a0<\/p>\n<p>N\u00e4r katten \u00e4r leveransklar (f\u00e4rdigvaccinerad, avmaskad och ID-m\u00e4rkt, samt kastrerad om katten \u00e4r k\u00f6nsmogen) h\u00e4mtas den n\u00e4r det passar b\u00e4st enligt \u00f6verenskommelse mellan nya \u00e4garen och ansvarig f\u00f6r katten.<\/p>\n<p>Innan dess, passa p\u00e5 att fundera \u00f6ver om det verkligen \u00e4r den katten du vill tillbringa 15-20 \u00e5r med fram\u00f6ver. Om du \u00e5ngrar dig \u00e4r det bara att ringa och s\u00e4ga det, en adoptionsans\u00f6kan \u00e4r ej bindande. Det \u00e4r dock viktigt f\u00f6r oss att snarast f\u00e5 veta om du \u00e5ngrat dig.<\/p>\n<\/div>\n<h3><strong>Adoptionspriser fr\u00e5n och med 1 mars 2024<\/strong><\/h3>\n<h6><strong>Katter upp till 10 \u00e5r \u00a0 \u00a0 \u00a0Katter 10 \u00e5r eller \u00e4ldre\u00a0 \u00a0 \u00a0 \u00a0 Vid adoption av 2 katter<\/strong><\/h6>\n<p>1800 kr\u00a0 \u00a0 \u00a0 \u00a0 \u00a0 \u00a0 \u00a0 \u00a0 \u00a0 \u00a0 \u00a0 \u00a0 \u00a0 \u00a0 \u00a0 \u00a0 1 500 kr\u00a0 \u00a0 \u00a0 \u00a0 \u00a0 \u00a0 \u00a0 \u00a0 \u00a0 \u00a0 \u00a0 \u00a0 \u00a0 \u00a0 \u00a03 200 kr<\/p>\n<h5 class=\"second-row-heading\"><strong>VAD SOM ING\u00c5R<\/strong><\/h5>\n<p>Vuxna katter \u00e4r grundvaccinerade tv\u00e5 g\u00e5nger mot kattpest och kattsnuva, kastrerade och ID-m\u00e4rkta.<\/p>\n<p>Kattungar \u00e4r grundvaccinerade tv\u00e5 g\u00e5nger mot kattpest och kattsnuva. Djurskyddet Vilsna tassar bekostar dessutom kastrering och ID-m\u00e4rkning f\u00f6rutsatt att det utf\u00f6rs s\u00e5 snart katten blir k\u00f6nsmogen, senast det datum katten fyller tio m\u00e5nader (g\u00e4ller b\u00e5de honor och hanar).\u00a0<\/p>\n<h4><a href=\"https:\/\/www.djurskyddet.se\/vilsnatassar\/wp-content\/uploads\/sites\/23\/2018\/09\/Katten-G\u00f6sta.jpg\"><br \/><img loading=\"lazy\" decoding=\"async\" class=\"aligncenter size-full wp-image-5586\" src=\"https:\/\/www.djurskyddet.se\/vilsnatassar\/wp-content\/uploads\/sites\/23\/2018\/09\/Katten-G\u00f6sta.jpg\" alt=\"\" width=\"498\" height=\"405\" srcset=\"https:\/\/www.djurskyddet.se\/vilsnatassar\/wp-content\/uploads\/sites\/23\/2018\/09\/Katten-G\u00f6sta.jpg 498w, https:\/\/www.djurskyddet.se\/vilsnatassar\/wp-content\/uploads\/sites\/23\/2018\/09\/Katten-G\u00f6sta-300x244.jpg 300w, https:\/\/www.djurskyddet.se\/vilsnatassar\/wp-content\/uploads\/sites\/23\/2018\/09\/Katten-G\u00f6sta-400x325.jpg 400w\" sizes=\"auto, (max-width: 498px) 100vw, 498px\" \/><\/a><\/h4>\n\n\n<p><\/p>\n","protected":false},"excerpt":{"rendered":"<p>Hur adopterar jag? Om du vill adoptera en katt s\u00e5 kontakta oss via intresseformul\u00e4ret som finns i de olika annonserna under rubriken &#8221;S\u00f6ker hem&#8221; h\u00e4r p\u00e5 hemsidan. Vi hj\u00e4lper dig att finna r\u00e4tt katt som passar dig och din vardag.\u00a0\u00a0 N\u00e4r du kontaktat oss kommer vi st\u00e4lla fr\u00e5gor och bes\u00f6ka dig i ditt hem. Detta f\u00f6r att se s\u00e5 du \u00e4r det r\u00e4tta hemmet f\u00f6r katten. Vi \u00e4r m\u00e5na om&hellip;<\/p>\n<p><a class=\"more-link\" href=\"https:\/\/www.djurskyddet.se\/vilsnatassar\/adoptera\/\" title=\"Continue reading &lsquo;Adoptera&rsquo;\">L&auml;s mer<span class=\"meta-nav\">&raquo;<\/span><\/a><\/p>\n","protected":false},"author":3,"featured_media":0,"parent":0,"menu_order":0,"comment_status":"closed","ping_status":"closed","template":"page-templates\/left-sidebar.php","meta":{"_acf_changed":false,"footnotes":""},"class_list":["post-5508","page","type-page","status-publish","hentry"],"acf":[],"_links":{"self":[{"href":"https:\/\/www.djurskyddet.se\/vilsnatassar\/wp-json\/wp\/v2\/pages\/5508","targetHints":{"allow":["GET"]}}],"collection":[{"href":"https:\/\/www.djurskyddet.se\/vilsnatassar\/wp-json\/wp\/v2\/pages"}],"about":[{"href":"https:\/\/www.djurskyddet.se\/vilsnatassar\/wp-json\/wp\/v2\/types\/page"}],"author":[{"embeddable":true,"href":"https:\/\/www.djurskyddet.se\/vilsnatassar\/wp-json\/wp\/v2\/users\/3"}],"replies":[{"embeddable":true,"href":"https:\/\/www.djurskyddet.se\/vilsnatassar\/wp-json\/wp\/v2\/comments?post=5508"}],"version-history":[{"count":20,"href":"https:\/\/www.djurskyddet.se\/vilsnatassar\/wp-json\/wp\/v2\/pages\/5508\/revisions"}],"predecessor-version":[{"id":6703,"href":"https:\/\/www.djurskyddet.se\/vilsnatassar\/wp-json\/wp\/v2\/pages\/5508\/revisions\/6703"}],"wp:attachment":[{"href":"https:\/\/www.djurskyddet.se\/vilsnatassar\/wp-json\/wp\/v2\/media?parent=5508"}],"curies":[{"name":"wp","href":"https:\/\/api.w.org\/{rel}","templated":true}]}}