{"id":5524,"date":"2018-09-27T08:48:27","date_gmt":"2018-09-27T08:48:27","guid":{"rendered":"http:\/\/www.djurskyddet.se\/vilsnatassar\/?page_id=5524"},"modified":"2026-03-16T15:37:02","modified_gmt":"2026-03-16T15:37:02","slug":"kontakta-oss","status":"publish","type":"page","link":"https:\/\/www.djurskyddet.se\/vilsnatassar\/om-oss\/kontakta-oss\/","title":{"rendered":"Kontakta oss"},"content":{"rendered":"<p>Snabbast n\u00e5r ni oss genom att skicka ett meddelande till v\u00e5r\u00a0<a href=\"https:\/\/m.facebook.com\/pages\/category\/Nonprofit-Organization\/Djurskyddet-Vilsna-Tassar-H\u00e4llefors-251483215536175\/\">Facebook-sida<\/a> eller genom att skicka ett mail till\u00a0<a href=\"mailto:vilsnatassar@djurskyddet.se\">vilsnatassar@djurskyddet.se\u00a0<\/a><\/p>\n<p>Ni kan vid akuta \u00e4renden kontakta v\u00e5r jourtelefon: 076-103 83 70, har vi inte m\u00f6jlighet att svara ringer vi tillbaka s\u00e5 snart som m\u00f6jligt.<\/p>\n<h2>Styrelse<\/h2>\n<p><strong>Ordf\u00f6rande<\/strong> &#8211; Pontus Karlsson Viberg<\/p>\n<p><strong>Sekreterare<\/strong> &#8211; Moa Magnusson<\/p>\n<p><strong>Kass\u00f6r<\/strong> &#8211; Natalie Andersson<\/p>\n<p><strong>Ledamot<\/strong> &#8211; Johanna Sveder<\/p>\n<p><strong>Suppleant <\/strong>&#8211; Sonja Schwarzkopf<\/p>\n<p><strong>Suppleant<\/strong> &#8211; Jan-Erik Wiberg<\/p>\n<p><img decoding=\"async\" src=\"https:\/\/www.djurskyddet.se\/vilsnatassar\/wp-content\/uploads\/sites\/23\/2019\/08\/IMG_6475.jpg\" \/><\/p>\n","protected":false},"excerpt":{"rendered":"<p>Snabbast n\u00e5r ni oss genom att skicka ett meddelande till v\u00e5r\u00a0Facebook-sida eller genom att skicka ett mail till\u00a0vilsnatassar@djurskyddet.se\u00a0 Ni kan vid akuta \u00e4renden kontakta v\u00e5r jourtelefon: 076-103 83 70, har vi inte m\u00f6jlighet att svara ringer vi tillbaka s\u00e5 snart som m\u00f6jligt. Styrelse Ordf\u00f6rande &#8211; Pontus Karlsson Viberg Sekreterare &#8211; Moa Magnusson Kass\u00f6r &#8211; Natalie Andersson Ledamot &#8211; Johanna Sveder Suppleant &#8211; Sonja Schwarzkopf Suppleant &#8211; Jan-Erik Wiberg<\/p>\n","protected":false},"author":3,"featured_media":0,"parent":5504,"menu_order":0,"comment_status":"closed","ping_status":"closed","template":"page-templates\/left-sidebar.php","meta":{"_acf_changed":false,"footnotes":""},"class_list":["post-5524","page","type-page","status-publish","hentry"],"acf":[],"_links":{"self":[{"href":"https:\/\/www.djurskyddet.se\/vilsnatassar\/wp-json\/wp\/v2\/pages\/5524","targetHints":{"allow":["GET"]}}],"collection":[{"href":"https:\/\/www.djurskyddet.se\/vilsnatassar\/wp-json\/wp\/v2\/pages"}],"about":[{"href":"https:\/\/www.djurskyddet.se\/vilsnatassar\/wp-json\/wp\/v2\/types\/page"}],"author":[{"embeddable":true,"href":"https:\/\/www.djurskyddet.se\/vilsnatassar\/wp-json\/wp\/v2\/users\/3"}],"replies":[{"embeddable":true,"href":"https:\/\/www.djurskyddet.se\/vilsnatassar\/wp-json\/wp\/v2\/comments?post=5524"}],"version-history":[{"count":20,"href":"https:\/\/www.djurskyddet.se\/vilsnatassar\/wp-json\/wp\/v2\/pages\/5524\/revisions"}],"predecessor-version":[{"id":6805,"href":"https:\/\/www.djurskyddet.se\/vilsnatassar\/wp-json\/wp\/v2\/pages\/5524\/revisions\/6805"}],"up":[{"embeddable":true,"href":"https:\/\/www.djurskyddet.se\/vilsnatassar\/wp-json\/wp\/v2\/pages\/5504"}],"wp:attachment":[{"href":"https:\/\/www.djurskyddet.se\/vilsnatassar\/wp-json\/wp\/v2\/media?parent=5524"}],"curies":[{"name":"wp","href":"https:\/\/api.w.org\/{rel}","templated":true}]}}