{"id":5526,"date":"2018-09-27T08:48:51","date_gmt":"2018-09-27T08:48:51","guid":{"rendered":"http:\/\/www.djurskyddet.se\/vilsnatassar\/?page_id=5526"},"modified":"2026-03-16T15:38:11","modified_gmt":"2026-03-16T15:38:11","slug":"bli-medlem","status":"publish","type":"page","link":"https:\/\/www.djurskyddet.se\/vilsnatassar\/stod-oss\/bli-medlem\/","title":{"rendered":"Bli medlem"},"content":{"rendered":"\n<p><span data-contrast=\"auto\">Som medlem i Djurskyddet Vilsna tassar&nbsp;\u00e4r du ocks\u00e5 medlem i riksf\u00f6rbundet Djurskyddet Sverige och f\u00e5r Tidningen Djurskyddet fyra g\u00e5nger per \u00e5r, b\u00e5de i brevl\u00e5dan och i appen TD. Ladda ner den d\u00e4r appar finns! Dessutom kan du l\u00e4sa intressanta djurskyddsnyheter p\u00e5 <\/span><b><span data-contrast=\"auto\"><a href=\"https:\/\/tidningen.djurskyddet.se\/\">webbtidningen<\/a><\/span><\/b><span data-contrast=\"auto\"> och kan ta del av ett antal\u202ffina <\/span><b><span data-contrast=\"auto\"><a href=\"https:\/\/www.djurskyddet.se\/stod-oss\/bli-medlem\/medlemsformaner\/\">medlemsf\u00f6rm\u00e5ner<\/a><\/span><\/b><span data-contrast=\"auto\">, s\u00e5som rabatt hos olika n\u00e4tbutiker.&nbsp;<\/span><\/p>\n\n\n\n<h3 class=\"wp-block-heading\">Vad kostar det?<\/h3>\n\n\n\n<p>Det kostar 240 kr per \u00e5r att vara medlem hos oss. Av det g\u00e5r 120 kr till Djurskyddet Sverige och 100 kr till lokalf\u00f6reningen Djurskyddet Vilsna Tassar H\u00e4llefors.<\/p>\n\n\n\n<h3 class=\"wp-block-heading\">Hur blir jag medlem?<\/h3>\n\n\n\n<p><span data-contrast=\"auto\">Registrera dig som medlem p\u00e5\u202fDjurskyddet Sveriges hemsida. Se till att v\u00e4lja Djurskyddet Vilsna tassar som din lokalf\u00f6rening.&nbsp;<\/span><\/p>\n\n\n\n<div class=\"wp-block-buttons is-layout-flex wp-block-buttons-is-layout-flex\">\n<div class=\"wp-block-button has-custom-font-size has-small-font-size\"><a class=\"wp-block-button__link has-white-color has-text-color has-background has-link-color wp-element-button\" style=\"background-color:#00a64a\">Bli medlem h\u00e4r<\/a><\/div>\n<\/div>\n\n\n\n<p><\/p>\n\n\n\n<p>Du kan ocks\u00e5 maila dina fullst\u00e4ndiga personuppgifter till <a href=\"mailto:vilsnatassar@djurskyddet.se\" data-wplink-edit=\"true\">vilsnatassar@djurskyddet.se<\/a>, s\u00e5 ser vi till att du f\u00e5r en inbetalningsavi.<\/p>\n\n\n\n<h3 class=\"wp-block-heading\">Medlemsf\u00f6rm\u00e5ner<\/h3>\n\n\n\n<p>Vi samarbetar med flera olika f\u00f6retag f\u00f6r att kunna erbjuda dig som medlem rabatt. N\u00e4r du blivit medlem och betalat din medlemsavgift kommer du f\u00e5 ett SMS med m\u00f6jlighet att ladda ner appen Cardskipper i din telefon. D\u00e4r finns ditt elektroniska medlemskort med information om vilka f\u00f6rm\u00e5ner som finns. Vill du hellre ha ett fysisk medlemskort kan du enkelt meddela oss det s\u00e5 skickar vi det till dig.<\/p>\n\n\n\n<p><strong><em>Desto fler medlemmar vi \u00e4r, desto fler djur kan vi hj\u00e4lpa!&nbsp;<\/em><\/strong><\/p>\n","protected":false},"excerpt":{"rendered":"<p>Som medlem i Djurskyddet Vilsna tassar&nbsp;\u00e4r du ocks\u00e5 medlem i riksf\u00f6rbundet Djurskyddet Sverige och f\u00e5r Tidningen Djurskyddet fyra g\u00e5nger per \u00e5r, b\u00e5de i brevl\u00e5dan och i appen TD. Ladda ner den d\u00e4r appar finns! Dessutom kan du l\u00e4sa intressanta djurskyddsnyheter p\u00e5 webbtidningen och kan ta del av ett antal\u202ffina medlemsf\u00f6rm\u00e5ner, s\u00e5som rabatt hos olika n\u00e4tbutiker.&nbsp; Vad kostar det? Det kostar 240 kr per \u00e5r att vara medlem hos oss. Av&hellip;<\/p>\n<p><a class=\"more-link\" href=\"https:\/\/www.djurskyddet.se\/vilsnatassar\/stod-oss\/bli-medlem\/\" title=\"Continue reading &lsquo;Bli medlem&rsquo;\">L&auml;s mer<span class=\"meta-nav\">&raquo;<\/span><\/a><\/p>\n","protected":false},"author":3,"featured_media":0,"parent":5506,"menu_order":0,"comment_status":"closed","ping_status":"closed","template":"page-templates\/left-sidebar.php","meta":{"_acf_changed":false,"footnotes":""},"class_list":["post-5526","page","type-page","status-publish","hentry"],"acf":[],"_links":{"self":[{"href":"https:\/\/www.djurskyddet.se\/vilsnatassar\/wp-json\/wp\/v2\/pages\/5526","targetHints":{"allow":["GET"]}}],"collection":[{"href":"https:\/\/www.djurskyddet.se\/vilsnatassar\/wp-json\/wp\/v2\/pages"}],"about":[{"href":"https:\/\/www.djurskyddet.se\/vilsnatassar\/wp-json\/wp\/v2\/types\/page"}],"author":[{"embeddable":true,"href":"https:\/\/www.djurskyddet.se\/vilsnatassar\/wp-json\/wp\/v2\/users\/3"}],"replies":[{"embeddable":true,"href":"https:\/\/www.djurskyddet.se\/vilsnatassar\/wp-json\/wp\/v2\/comments?post=5526"}],"version-history":[{"count":14,"href":"https:\/\/www.djurskyddet.se\/vilsnatassar\/wp-json\/wp\/v2\/pages\/5526\/revisions"}],"predecessor-version":[{"id":6806,"href":"https:\/\/www.djurskyddet.se\/vilsnatassar\/wp-json\/wp\/v2\/pages\/5526\/revisions\/6806"}],"up":[{"embeddable":true,"href":"https:\/\/www.djurskyddet.se\/vilsnatassar\/wp-json\/wp\/v2\/pages\/5506"}],"wp:attachment":[{"href":"https:\/\/www.djurskyddet.se\/vilsnatassar\/wp-json\/wp\/v2\/media?parent=5526"}],"curies":[{"name":"wp","href":"https:\/\/api.w.org\/{rel}","templated":true}]}}