{"id":5530,"date":"2018-09-27T08:49:28","date_gmt":"2018-09-27T08:49:28","guid":{"rendered":"http:\/\/www.djurskyddet.se\/vilsnatassar\/?page_id=5530"},"modified":"2024-06-01T16:56:48","modified_gmt":"2024-06-01T16:56:48","slug":"sponsorer","status":"publish","type":"page","link":"https:\/\/www.djurskyddet.se\/vilsnatassar\/stod-oss\/sponsorer\/","title":{"rendered":"Sponsorer"},"content":{"rendered":"<h4>Dessa f\u00f6retag\/f\u00f6reningar\/verksamheter st\u00f6djer oss i v\u00e5rt arbete f\u00f6r djurens b\u00e4sta!<\/h4>\n<p>Tusen tack f\u00f6r all den hj\u00e4lp vi f\u00e5r av er f\u00f6r att kunna hj\u00e4lpa djuren!<br \/><a href=\"https:\/\/www.djurskyddet.se\/vilsnatassar\/wp-content\/uploads\/sites\/23\/2018\/09\/hills-logo.jpg\"><img loading=\"lazy\" decoding=\"async\" class=\"wp-image-5932 alignnone\" src=\"https:\/\/www.djurskyddet.se\/vilsnatassar\/wp-content\/uploads\/sites\/23\/2020\/02\/ladda-ned.png\" alt=\"\" width=\"243\" height=\"131\" srcset=\"https:\/\/www.djurskyddet.se\/vilsnatassar\/wp-content\/uploads\/sites\/23\/2020\/02\/ladda-ned.png 306w, https:\/\/www.djurskyddet.se\/vilsnatassar\/wp-content\/uploads\/sites\/23\/2020\/02\/ladda-ned-300x162.png 300w\" sizes=\"auto, (max-width: 243px) 100vw, 243px\" \/> <\/a><a href=\"https:\/\/www.djurskyddet.se\/vilsnatassar\/wp-content\/uploads\/sites\/23\/2018\/09\/hills-logo.jpg\"><img loading=\"lazy\" decoding=\"async\" class=\"size-full wp-image-5562 alignnone\" src=\"https:\/\/www.djurskyddet.se\/vilsnatassar\/wp-content\/uploads\/sites\/23\/2018\/09\/hills-logo.jpg\" alt=\"\" width=\"100\" height=\"100\" \/><\/a> <img loading=\"lazy\" decoding=\"async\" class=\"wp-image-6193\" src=\"https:\/\/www.djurskyddet.se\/vilsnatassar\/wp-content\/uploads\/sites\/23\/2021\/04\/Best-friend-logga-1-1024x333.png\" alt=\"\" width=\"311\" height=\"101\" srcset=\"https:\/\/www.djurskyddet.se\/vilsnatassar\/wp-content\/uploads\/sites\/23\/2021\/04\/Best-friend-logga-1-1024x333.png 1024w, https:\/\/www.djurskyddet.se\/vilsnatassar\/wp-content\/uploads\/sites\/23\/2021\/04\/Best-friend-logga-1-300x97.png 300w, https:\/\/www.djurskyddet.se\/vilsnatassar\/wp-content\/uploads\/sites\/23\/2021\/04\/Best-friend-logga-1-768x249.png 768w, https:\/\/www.djurskyddet.se\/vilsnatassar\/wp-content\/uploads\/sites\/23\/2021\/04\/Best-friend-logga-1-1536x499.png 1536w, https:\/\/www.djurskyddet.se\/vilsnatassar\/wp-content\/uploads\/sites\/23\/2021\/04\/Best-friend-logga-1-400x130.png 400w, https:\/\/www.djurskyddet.se\/vilsnatassar\/wp-content\/uploads\/sites\/23\/2021\/04\/Best-friend-logga-1.png 1626w\" sizes=\"auto, (max-width: 311px) 100vw, 311px\" \/> <img loading=\"lazy\" decoding=\"async\" class=\"wp-image-6039 alignnone\" src=\"https:\/\/www.djurskyddet.se\/vilsnatassar\/wp-content\/uploads\/sites\/23\/2020\/09\/Screenshot_20200807-141232_Messenger.jpg\" alt=\"\" width=\"92\" height=\"123\" srcset=\"https:\/\/www.djurskyddet.se\/vilsnatassar\/wp-content\/uploads\/sites\/23\/2020\/09\/Screenshot_20200807-141232_Messenger.jpg 768w, https:\/\/www.djurskyddet.se\/vilsnatassar\/wp-content\/uploads\/sites\/23\/2020\/09\/Screenshot_20200807-141232_Messenger-225x300.jpg 225w, https:\/\/www.djurskyddet.se\/vilsnatassar\/wp-content\/uploads\/sites\/23\/2020\/09\/Screenshot_20200807-141232_Messenger-400x533.jpg 400w\" sizes=\"auto, (max-width: 92px) 100vw, 92px\" \/>\u00a0 \u00a0 <img loading=\"lazy\" decoding=\"async\" class=\"\" src=\"https:\/\/studieframjandet.qbank.se\/mb\/_download.php?media_ids=5258&amp;template=original&amp;h=a11f559d94b0ed330ebd86b08008fb2f&amp;p=dccda36951e6721097a93eae5c593859\" alt=\"V\u00e5ra logotyper i pressrummet\" width=\"339\" height=\"219\" \/><img decoding=\"async\" src=\"https:\/\/www.djurskyddet.se\/vilsnatassar\/wp-content\/uploads\/sites\/23\/2020\/09\/white_180px.png\" \/><img loading=\"lazy\" decoding=\"async\" class=\"alignnone  wp-image-6098\" src=\"https:\/\/www.djurskyddet.se\/vilsnatassar\/wp-content\/uploads\/sites\/23\/2020\/10\/Logga-Filipstad-Djurcenter.png\" alt=\"\" width=\"246\" height=\"232\" srcset=\"https:\/\/www.djurskyddet.se\/vilsnatassar\/wp-content\/uploads\/sites\/23\/2020\/10\/Logga-Filipstad-Djurcenter.png 497w, https:\/\/www.djurskyddet.se\/vilsnatassar\/wp-content\/uploads\/sites\/23\/2020\/10\/Logga-Filipstad-Djurcenter-300x284.png 300w, https:\/\/www.djurskyddet.se\/vilsnatassar\/wp-content\/uploads\/sites\/23\/2020\/10\/Logga-Filipstad-Djurcenter-400x378.png 400w\" sizes=\"auto, (max-width: 246px) 100vw, 246px\" \/><\/p>\n<p><a href=\"https:\/\/www.djurskyddet.se\/vilsnatassar\/wp-content\/uploads\/sites\/23\/2018\/09\/hills-logo.jpg\"><\/a><\/p>\n\n\n<figure class=\"wp-block-image\"><img loading=\"lazy\" decoding=\"async\" width=\"1024\" height=\"246\" src=\"https:\/\/www.djurskyddet.se\/vilsnatassar\/wp-content\/uploads\/sites\/23\/2020\/12\/Heyman-1-1024x246.jpg\" alt=\"\" class=\"wp-image-6126\" srcset=\"https:\/\/www.djurskyddet.se\/vilsnatassar\/wp-content\/uploads\/sites\/23\/2020\/12\/Heyman-1.jpg 1024w, https:\/\/www.djurskyddet.se\/vilsnatassar\/wp-content\/uploads\/sites\/23\/2020\/12\/Heyman-1-300x72.jpg 300w, https:\/\/www.djurskyddet.se\/vilsnatassar\/wp-content\/uploads\/sites\/23\/2020\/12\/Heyman-1-768x185.jpg 768w, https:\/\/www.djurskyddet.se\/vilsnatassar\/wp-content\/uploads\/sites\/23\/2020\/12\/Heyman-1-400x96.jpg 400w\" sizes=\"auto, (max-width: 1024px) 100vw, 1024px\" \/><\/figure>\n\n\n\n<p><\/p>\n","protected":false},"excerpt":{"rendered":"<p>Dessa f\u00f6retag\/f\u00f6reningar\/verksamheter st\u00f6djer oss i v\u00e5rt arbete f\u00f6r djurens b\u00e4sta! Tusen tack f\u00f6r all den hj\u00e4lp vi f\u00e5r av er f\u00f6r att kunna hj\u00e4lpa djuren!<\/p>\n","protected":false},"author":3,"featured_media":0,"parent":5506,"menu_order":0,"comment_status":"closed","ping_status":"closed","template":"page-templates\/left-sidebar.php","meta":{"_acf_changed":false,"footnotes":""},"class_list":["post-5530","page","type-page","status-publish","hentry"],"acf":[],"_links":{"self":[{"href":"https:\/\/www.djurskyddet.se\/vilsnatassar\/wp-json\/wp\/v2\/pages\/5530","targetHints":{"allow":["GET"]}}],"collection":[{"href":"https:\/\/www.djurskyddet.se\/vilsnatassar\/wp-json\/wp\/v2\/pages"}],"about":[{"href":"https:\/\/www.djurskyddet.se\/vilsnatassar\/wp-json\/wp\/v2\/types\/page"}],"author":[{"embeddable":true,"href":"https:\/\/www.djurskyddet.se\/vilsnatassar\/wp-json\/wp\/v2\/users\/3"}],"replies":[{"embeddable":true,"href":"https:\/\/www.djurskyddet.se\/vilsnatassar\/wp-json\/wp\/v2\/comments?post=5530"}],"version-history":[{"count":23,"href":"https:\/\/www.djurskyddet.se\/vilsnatassar\/wp-json\/wp\/v2\/pages\/5530\/revisions"}],"predecessor-version":[{"id":6689,"href":"https:\/\/www.djurskyddet.se\/vilsnatassar\/wp-json\/wp\/v2\/pages\/5530\/revisions\/6689"}],"up":[{"embeddable":true,"href":"https:\/\/www.djurskyddet.se\/vilsnatassar\/wp-json\/wp\/v2\/pages\/5506"}],"wp:attachment":[{"href":"https:\/\/www.djurskyddet.se\/vilsnatassar\/wp-json\/wp\/v2\/media?parent=5530"}],"curies":[{"name":"wp","href":"https:\/\/api.w.org\/{rel}","templated":true}]}}