{"id":5532,"date":"2018-09-27T08:50:06","date_gmt":"2018-09-27T08:50:06","guid":{"rendered":"http:\/\/www.djurskyddet.se\/vilsnatassar\/?page_id=5532"},"modified":"2020-01-07T17:57:00","modified_gmt":"2020-01-07T17:57:00","slug":"bortsprungna-och-upphittade-katter","status":"publish","type":"page","link":"https:\/\/www.djurskyddet.se\/vilsnatassar\/adoptera\/bortsprungna-och-upphittade-katter\/","title":{"rendered":"Bortsprungna och upphittade djur"},"content":{"rendered":"<p><em>Om ditt djur har sprungit bort, eller om du har tagit hand om ett djur som misst\u00e4nks sakna \u00e4gare s\u00e5 rekommenderar vi att \u00e4tt t ex in en annons i din lokala tidning under saknat, l\u00e4gg ut p\u00e5 lokala grupper p\u00e5 Facebook, p\u00e5 Blocket under Efterlysningar.<\/em><\/p>\n<h2>Vi har en lokal Facebook-sida f\u00f6r bortsprugna och upphittade djur i H\u00e4llefors kommun.<\/h2>\n<p>Klicka <a href=\"https:\/\/www.facebook.com\/groups\/1189482011104488\/\">h\u00e4r<\/a> s\u00e5 kommer du direkt till den. Har du inte m\u00f6jlighet att sj\u00e4lv g\u00f6ra en efterlysning d\u00e4r s\u00e5 kan du kontakta oss s\u00e5 g\u00f6r vi det \u00e5t dig. Se d\u00e4rf\u00f6r till att du som djur\u00e4gare blir medlem i ovan n\u00e4mnda grupp s\u00e5 har du det klart innan ditt djur springer bort, eller att su hittar ett.&nbsp; \u00c4ven d\u00f6da p\u00e5k\u00f6rda djur kan l\u00e4ggas upp uppgifter om d\u00e4r.<\/p>\n<p>Ska du efterlysa ett djur rekommenderar vi att du skriver vart djuret bor, n\u00e4r och vart det s\u00e5gs senast, beskriver utseendet och speciella k\u00e4nnetecken.&nbsp; Ta g\u00e4rna med en bild p\u00e5 djuret och gl\u00f6m inte att skriva dina kontaktuppgifter.<\/p>\n<p>P\u00e5 <a href=\"http:\/\/www.vilse.nu\" target=\"_blank\" rel=\"noopener noreferrer\">vilse.nu<\/a> kan du annonsera saknade och upphittade katter.<\/p>\n<h3>Om du hittar en \u00f6vergiven katt\/hund \u00e4r det ett par saker du ska g\u00f6ra:<\/h3>\n<p>kolla om katten\/hunden \u00e4r id-m\u00e4rkt. Om s\u00e5 \u00e4r fallet kan du kontakta Svenska Kennelklubben. Dom har ett \u00e4garregister p\u00e5 alla m\u00e4rkta katter och hundar; <a href=\"http:\/\/www.djurid.se\" target=\"_blank\" rel=\"noopener noreferrer\">www.djurid.se.<\/a><\/p>\n<h4><strong>Anm\u00e4l alltid saknade eller upphittade djur till polisen p\u00e5 tel 114 14!<\/strong><\/h4>\n<p>Skulle Du hitta ett p\u00e5k\u00f6rt djur som lever s\u00e5 ska Du omg\u00e5ende kontakta veterin\u00e4r.<\/p>\n<p>Beh\u00f6ver du r\u00e5d, s\u00e5 kontakta oss!<\/p>\n","protected":false},"excerpt":{"rendered":"<p>Om ditt djur har sprungit bort, eller om du har tagit hand om ett djur som misst\u00e4nks sakna \u00e4gare s\u00e5 rekommenderar vi att \u00e4tt t ex in en annons i din lokala tidning under saknat, l\u00e4gg ut p\u00e5 lokala grupper p\u00e5 Facebook, p\u00e5 Blocket under Efterlysningar. Vi har en lokal Facebook-sida f\u00f6r bortsprugna och upphittade djur i H\u00e4llefors kommun. Klicka h\u00e4r s\u00e5 kommer du direkt till den. Har du inte&hellip;<\/p>\n<p><a class=\"more-link\" href=\"https:\/\/www.djurskyddet.se\/vilsnatassar\/adoptera\/bortsprungna-och-upphittade-katter\/\" title=\"Continue reading &lsquo;Bortsprungna och upphittade djur&rsquo;\">L&auml;s mer<span class=\"meta-nav\">&raquo;<\/span><\/a><\/p>\n","protected":false},"author":3,"featured_media":0,"parent":5508,"menu_order":0,"comment_status":"closed","ping_status":"closed","template":"page-templates\/left-sidebar.php","meta":{"_acf_changed":false,"footnotes":""},"class_list":["post-5532","page","type-page","status-publish","hentry"],"acf":[],"_links":{"self":[{"href":"https:\/\/www.djurskyddet.se\/vilsnatassar\/wp-json\/wp\/v2\/pages\/5532","targetHints":{"allow":["GET"]}}],"collection":[{"href":"https:\/\/www.djurskyddet.se\/vilsnatassar\/wp-json\/wp\/v2\/pages"}],"about":[{"href":"https:\/\/www.djurskyddet.se\/vilsnatassar\/wp-json\/wp\/v2\/types\/page"}],"author":[{"embeddable":true,"href":"https:\/\/www.djurskyddet.se\/vilsnatassar\/wp-json\/wp\/v2\/users\/3"}],"replies":[{"embeddable":true,"href":"https:\/\/www.djurskyddet.se\/vilsnatassar\/wp-json\/wp\/v2\/comments?post=5532"}],"version-history":[{"count":16,"href":"https:\/\/www.djurskyddet.se\/vilsnatassar\/wp-json\/wp\/v2\/pages\/5532\/revisions"}],"predecessor-version":[{"id":5917,"href":"https:\/\/www.djurskyddet.se\/vilsnatassar\/wp-json\/wp\/v2\/pages\/5532\/revisions\/5917"}],"up":[{"embeddable":true,"href":"https:\/\/www.djurskyddet.se\/vilsnatassar\/wp-json\/wp\/v2\/pages\/5508"}],"wp:attachment":[{"href":"https:\/\/www.djurskyddet.se\/vilsnatassar\/wp-json\/wp\/v2\/media?parent=5532"}],"curies":[{"name":"wp","href":"https:\/\/api.w.org\/{rel}","templated":true}]}}